{"id":341281,"date":"2024-05-19T20:11:47","date_gmt":"2024-05-20T07:20:35","guid":{"rendered":"https:\/\/www.moskito.cz\/produkt\/cold-steel-verdict-spear-klappmesser\/"},"modified":"2025-05-07T11:15:29","modified_gmt":"2025-05-07T10:15:29","slug":"cold-steel-verdict-spear-klappmesser","status":"publish","type":"product","link":"https:\/\/www.moskito.cz\/de\/produkt\/cold-steel-verdict-spear-klappmesser\/","title":{"rendered":"Cold Steel VERDICT SPEAR Klappmesser"},"content":{"rendered":"<p><strong>Cold Steel<\/strong> VERDICT SPEAR Klappmesser.<\/p>\n<p>Leicht, einfach zu \u00f6ffnen und mit dem sicheren Tri-Ad\u00ae-Schloss von Cold Steel ausgestattet, ist der Verdict eine ideale Wahl f\u00fcr den t\u00e4glichen Transport. Die 3-Zoll-Klinge aus steingeh\u00e4rtetem 4116-Edelstahl greift und h\u00e4lt die Schneide m\u00fchelos. Mit einem robusten GFN-Griff, der jahrelangem hartem Gebrauch standh\u00e4lt, ist dieses beidh\u00e4ndig tragbare Messer in einer Kombination aus Klingenstilen (Clip-Point und Spear-Point) und Grifffarben erh\u00e4ltlich.<\/p>\n<p>Urteil zur Serie:<\/p>\n<p>Ein Urteil ist eine Entscheidung, und die Klappmesser der Verdict-Serie von Cold Steel bieten Benutzern eine entscheidende Alltagstragem\u00f6glichkeit wie einen Stein. Das Verdict verf\u00fcgt \u00fcber die bew\u00e4hrte und bew\u00e4hrte Tri-Ad\u00ae-Verriegelung und ist mit zwei Stahl- und zwei Griffmaterialien sowie verschiedenen Klingenformen erh\u00e4ltlich.<\/p>\n<p>Stahl: 4116SS<br \/>\nFarbe: Stone Wash\/Schwarz<br \/>\nGriffmaterial: GFN<br \/>\nGewicht: 75 g<br \/>\nKlingenst\u00e4rke: 0,3 cm<br \/>\nGesamtgr\u00f6\u00dfe: 18,5 cm<br \/>\nGriffl\u00e4nge: 10,6 cm<br \/>\nKlingenl\u00e4nge: 7,9 cm<\/p>\n<p><iframe title=\"COLD STEEL VERDICT LINE OF KNIVES\" width=\"800\" height=\"450\" src=\"https:\/\/www.youtube.com\/embed\/6vn_iWyLzhQ?feature=oembed\" frameborder=\"0\" allow=\"accelerometer; autoplay; clipboard-write; encrypted-media; gyroscope; picture-in-picture; web-share\" referrerpolicy=\"strict-origin-when-cross-origin\" allowfullscreen><\/iframe><\/p>\n<p>&nbsp;<\/p>\n<p>&nbsp;<\/p>\n","protected":false},"excerpt":{"rendered":"<p><strong>Leicht, einfach zu \u00f6ffnen und mit dem sicheren Tri-Ad\u00ae-Schloss von Cold Steel ausgestattet, ist der Verdict eine ideale Wahl f\u00fcr den t\u00e4glichen Transport.<\/strong><\/p>\n","protected":false},"featured_media":341250,"comment_status":"open","ping_status":"closed","template":"","meta":[],"pwb-brand":[3602],"product_brand":[],"product_cat":[3285,3303],"product_tag":[3669],"class_list":{"0":"post-341281","1":"product","2":"type-product","3":"status-publish","4":"has-post-thumbnail","6":"pwb-brand-kalter-stahl","7":"product_cat-messer","8":"product_cat-schliesmesser","9":"product_tag-b2b-de","11":"first","12":"instock","13":"taxable","14":"shipping-taxable","15":"purchasable","16":"product-type-simple"},"brands":[{"id":3602,"name":"Kalter Stahl","slug":"kalter-stahl"}],"_links":{"self":[{"href":"https:\/\/www.moskito.cz\/de\/wp-json\/wp\/v2\/product\/341281","targetHints":{"allow":["GET"]}}],"collection":[{"href":"https:\/\/www.moskito.cz\/de\/wp-json\/wp\/v2\/product"}],"about":[{"href":"https:\/\/www.moskito.cz\/de\/wp-json\/wp\/v2\/types\/product"}],"replies":[{"embeddable":true,"href":"https:\/\/www.moskito.cz\/de\/wp-json\/wp\/v2\/comments?post=341281"}],"wp:featuredmedia":[{"embeddable":true,"href":"https:\/\/www.moskito.cz\/de\/wp-json\/wp\/v2\/media\/341250"}],"wp:attachment":[{"href":"https:\/\/www.moskito.cz\/de\/wp-json\/wp\/v2\/media?parent=341281"}],"wp:term":[{"taxonomy":"pwb-brand","embeddable":true,"href":"https:\/\/www.moskito.cz\/de\/wp-json\/wp\/v2\/pwb-brand?post=341281"},{"taxonomy":"product_brand","embeddable":true,"href":"https:\/\/www.moskito.cz\/de\/wp-json\/wp\/v2\/product_brand?post=341281"},{"taxonomy":"product_cat","embeddable":true,"href":"https:\/\/www.moskito.cz\/de\/wp-json\/wp\/v2\/product_cat?post=341281"},{"taxonomy":"product_tag","embeddable":true,"href":"https:\/\/www.moskito.cz\/de\/wp-json\/wp\/v2\/product_tag?post=341281"}],"curies":[{"name":"wp","href":"https:\/\/api.w.org\/{rel}","templated":true}]}}