{"id":341284,"date":"2023-04-03T12:25:48","date_gmt":"2023-04-03T11:25:48","guid":{"rendered":"https:\/\/www.moskito.cz\/produkt\/massives-gesenkgeschmiedetes-bowiemesser-aus-kaltem-stahl\/"},"modified":"2025-05-07T11:15:29","modified_gmt":"2025-05-07T10:15:29","slug":"massives-gesenkgeschmiedetes-bowiemesser-aus-kaltem-stahl","status":"publish","type":"product","link":"https:\/\/www.moskito.cz\/de\/produkt\/massives-gesenkgeschmiedetes-bowiemesser-aus-kaltem-stahl\/","title":{"rendered":"Massives, gesenkgeschmiedetes Bowiemesser aus kaltem Stahl"},"content":{"rendered":"<p>Massives, gesenkgeschmiedetes Bowiemesser <strong>aus kaltem Stahl<\/strong><\/p>\n<p>Diese Erg\u00e4nzung unserer gesenkgeschmiedeten Messerlinie hat eine Gesamtl\u00e4nge von 14 Zoll und eine 9 \u00bd Zoll lange Klinge und weist viele der gleichen Eigenschaften wie die anderen Messer der Serie auf, einschlie\u00dflich der gleichen robusten, einteilig geschmiedeten Konstruktion. aus Stahl, was ihm \u00fcberraschende Festigkeit verleiht. Aber im Gegensatz zu anderen gesenkgeschmiedeten Messern verf\u00fcgt es \u00fcber markante, imitierte Hirschplatten, die in den Griff eingearbeitet sind. Die Klinge wird flach auf eine mitteld\u00fcnne Kante geschliffen und dann zu einem Rasiermesser gesch\u00e4rft. Die Spitze der Klinge ist scharf genug, um ein tiefes Eindringen zu erm\u00f6glichen, und der Schwerpunkt liegt direkt vor dem Schutz, wodurch sie lebendig in der Hand liegt und die Klinge nur leicht schwer ist. Wie die anderen Messer der Drop Forged-Serie wird es mit einer Secure-Ex\u2122-Scheide in Milit\u00e4rqualit\u00e4t geliefert, die \u00fcber eine abnehmbare Cordura-G\u00fcrtelschlaufe verf\u00fcgt.<\/p>\n<p>Beschreibung:<\/p>\n<p>Klingenmaterial: 52100<br \/>\nGriffmaterial: Stahl, k\u00fcnstliches Geweih<br \/>\nGeh\u00e4usematerial: Secure-Ex<br \/>\nKlingenl\u00e4nge: 24 cm<br \/>\nGesamtl\u00e4nge: 36 cm<br \/>\nGriffl\u00e4nge: 12 cm<br \/>\nKlingenst\u00e4rke: 5 mm<br \/>\nKlingenh\u00f6he: 3,7 cm<br \/>\nGewicht: 420 g<\/p>\n<p><iframe title=\"Cold Steel Drop Forge Bowie Knife\" width=\"800\" height=\"450\" src=\"https:\/\/www.youtube.com\/embed\/kenk0Dq_1Qc?feature=oembed\" frameborder=\"0\" allow=\"accelerometer; autoplay; clipboard-write; encrypted-media; gyroscope; picture-in-picture; web-share\" referrerpolicy=\"strict-origin-when-cross-origin\" allowfullscreen><\/iframe><\/p>\n<p>&nbsp;<\/p>\n","protected":false},"excerpt":{"rendered":"<p><strong>Das All-in-One-Stiefelgeschmiedete Stiefelmesser von COLD STEEL ist ein robustes Messer zum verdeckten Tragen mit einer zweischneidigen, glatten Klinge.<\/strong><\/p>\n","protected":false},"featured_media":341289,"comment_status":"open","ping_status":"closed","template":"","meta":[],"pwb-brand":[3602],"product_brand":[],"product_cat":[3287,3285],"product_tag":[3669],"class_list":{"0":"post-341284","1":"product","2":"type-product","3":"status-publish","4":"has-post-thumbnail","6":"pwb-brand-kalter-stahl","7":"product_cat-solide-messer","8":"product_cat-messer","9":"product_tag-b2b-de","11":"first","12":"instock","13":"taxable","14":"shipping-taxable","15":"purchasable","16":"product-type-simple"},"brands":[{"id":3602,"name":"Kalter Stahl","slug":"kalter-stahl"}],"_links":{"self":[{"href":"https:\/\/www.moskito.cz\/de\/wp-json\/wp\/v2\/product\/341284","targetHints":{"allow":["GET"]}}],"collection":[{"href":"https:\/\/www.moskito.cz\/de\/wp-json\/wp\/v2\/product"}],"about":[{"href":"https:\/\/www.moskito.cz\/de\/wp-json\/wp\/v2\/types\/product"}],"replies":[{"embeddable":true,"href":"https:\/\/www.moskito.cz\/de\/wp-json\/wp\/v2\/comments?post=341284"}],"wp:featuredmedia":[{"embeddable":true,"href":"https:\/\/www.moskito.cz\/de\/wp-json\/wp\/v2\/media\/341289"}],"wp:attachment":[{"href":"https:\/\/www.moskito.cz\/de\/wp-json\/wp\/v2\/media?parent=341284"}],"wp:term":[{"taxonomy":"pwb-brand","embeddable":true,"href":"https:\/\/www.moskito.cz\/de\/wp-json\/wp\/v2\/pwb-brand?post=341284"},{"taxonomy":"product_brand","embeddable":true,"href":"https:\/\/www.moskito.cz\/de\/wp-json\/wp\/v2\/product_brand?post=341284"},{"taxonomy":"product_cat","embeddable":true,"href":"https:\/\/www.moskito.cz\/de\/wp-json\/wp\/v2\/product_cat?post=341284"},{"taxonomy":"product_tag","embeddable":true,"href":"https:\/\/www.moskito.cz\/de\/wp-json\/wp\/v2\/product_tag?post=341284"}],"curies":[{"name":"wp","href":"https:\/\/api.w.org\/{rel}","templated":true}]}}