{"id":341331,"date":"2022-11-02T22:01:47","date_gmt":"2022-11-02T21:01:47","guid":{"rendered":"https:\/\/www.moskito.cz\/produkt\/klappmesser-cold-steel-tuff-lite-plain-edge-blau\/"},"modified":"2025-05-07T11:15:33","modified_gmt":"2025-05-07T10:15:33","slug":"klappmesser-cold-steel-tuff-lite-plain-edge-blau","status":"publish","type":"product","link":"https:\/\/www.moskito.cz\/de\/produkt\/klappmesser-cold-steel-tuff-lite-plain-edge-blau\/","title":{"rendered":"Klappmesser Cold Steel TUFF LITE PLAIN EDGE BLAU"},"content":{"rendered":"<p>Klappmesser <strong>Cold Steel<\/strong> TUFF LITE PLAIN EDGE BLAU.<\/p>\n<p>Die Tuff Lites von Cold Steel sind robust genug, um damit umzugehen, und leicht genug, um immer zur Hand zu sein, wenn Sie sie brauchen. Die perfekte Gr\u00f6\u00dfe passt in jede Tasche, l\u00e4sst sich an der Taille befestigen oder an einem Schl\u00fcsselband um den Hals tragen. Dank ihrer breiten, hohlgeschliffenen Klingen sind sie gnadenlos scharf und schneiden selbst h\u00e4rteste Materialien mit unerwarteter Leichtigkeit. Und ihre abgewinkelten Spitzen erm\u00f6glichen ein tiefes Eindringen und pr\u00e4zises Schneiden, ohne aggressiv genug zu sein, um unerw\u00fcnschte Aufmerksamkeit zu erregen. Sowohl die Standardgr\u00f6\u00dfe als auch die Mini-Version sind f\u00fcr den Einsatz konzipiert und bieten dank ihrer hervorragend gestalteten Griv Ex\u2122-Griffe, die ein enormes Verh\u00e4ltnis von Festigkeit zu Gewicht bieten und mit unserem hochmodernen Tri-Ad ausgestattet sind, einen \u00fcberraschend guten Halt Schloss, das f\u00fcr seine Gr\u00f6\u00dfe beeindruckende Muskeln liefert.<\/p>\n<p>PRODUKTPARAMETER<br \/>\nStahl: Japanischer AUS 8A Edelstahl<br \/>\nKlingenl\u00e4nge: 63,5 mm<br \/>\nGesamtgr\u00f6\u00dfe: 152,4 mm<br \/>\nGriffl\u00e4nge: 88,9 mm<br \/>\nFarbe: Blau\/Silber<br \/>\nGewicht: 70,87 g<br \/>\nArt der Sperre: Tri-Ad Lock<br \/>\nKlingenst\u00e4rke: 2,75 mm<br \/>\nGriffmaterial: Long Griv-Ex\u2122 Blau<br \/>\nHolstermaterial: Beidh\u00e4ndig verwendbare Tasche\/G\u00fcrtelclip.<\/p>\n","protected":false},"excerpt":{"rendered":"<p>Das Tuff Lite Plain Edge von Cold Steel ist ein Klappmesser mit einer glatten geraden Kante.<\/p>\n","protected":false},"featured_media":341333,"comment_status":"open","ping_status":"closed","template":"","meta":[],"pwb-brand":[3602],"product_brand":[],"product_cat":[3303,3285],"product_tag":[3669],"class_list":{"0":"post-341331","1":"product","2":"type-product","3":"status-publish","4":"has-post-thumbnail","6":"pwb-brand-kalter-stahl","7":"product_cat-schliesmesser","8":"product_cat-messer","9":"product_tag-b2b-de","11":"first","12":"instock","13":"taxable","14":"shipping-taxable","15":"purchasable","16":"product-type-simple"},"brands":[{"id":3602,"name":"Kalter Stahl","slug":"kalter-stahl"}],"_links":{"self":[{"href":"https:\/\/www.moskito.cz\/de\/wp-json\/wp\/v2\/product\/341331","targetHints":{"allow":["GET"]}}],"collection":[{"href":"https:\/\/www.moskito.cz\/de\/wp-json\/wp\/v2\/product"}],"about":[{"href":"https:\/\/www.moskito.cz\/de\/wp-json\/wp\/v2\/types\/product"}],"replies":[{"embeddable":true,"href":"https:\/\/www.moskito.cz\/de\/wp-json\/wp\/v2\/comments?post=341331"}],"wp:featuredmedia":[{"embeddable":true,"href":"https:\/\/www.moskito.cz\/de\/wp-json\/wp\/v2\/media\/341333"}],"wp:attachment":[{"href":"https:\/\/www.moskito.cz\/de\/wp-json\/wp\/v2\/media?parent=341331"}],"wp:term":[{"taxonomy":"pwb-brand","embeddable":true,"href":"https:\/\/www.moskito.cz\/de\/wp-json\/wp\/v2\/pwb-brand?post=341331"},{"taxonomy":"product_brand","embeddable":true,"href":"https:\/\/www.moskito.cz\/de\/wp-json\/wp\/v2\/product_brand?post=341331"},{"taxonomy":"product_cat","embeddable":true,"href":"https:\/\/www.moskito.cz\/de\/wp-json\/wp\/v2\/product_cat?post=341331"},{"taxonomy":"product_tag","embeddable":true,"href":"https:\/\/www.moskito.cz\/de\/wp-json\/wp\/v2\/product_tag?post=341331"}],"curies":[{"name":"wp","href":"https:\/\/api.w.org\/{rel}","templated":true}]}}