{"id":341352,"date":"2020-12-03T22:49:32","date_gmt":"2024-05-20T11:15:20","guid":{"rendered":"https:\/\/www.moskito.cz\/produkt\/luxus-manikuere-pfeilring-solingen\/"},"modified":"2025-07-11T07:53:06","modified_gmt":"2025-07-11T06:53:06","slug":"luxus-manikuere-pfeilring-solingen","status":"publish","type":"product","link":"https:\/\/www.moskito.cz\/de\/produkt\/luxus-manikuere-pfeilring-solingen\/","title":{"rendered":"Luxus-Manik\u00fcre PFEILRING SOLINGEN"},"content":{"rendered":"<p>Luxus-Manik\u00fcre PFEILRING SOLINGEN.<br \/>\nLuxuri\u00f6se 5-teilige Manik\u00fcre der deutschen Marke Pfeilring Original Solingen im hochwertigen schwarzen Lederetui. Solinger Manik\u00fcren sind bekannt f\u00fcr ihre Langlebigkeit und hochwertige Verarbeitung. Der Koffer ist sehr praktisch und schlie\u00dft mit einem Patent ab. F\u00fcr die in der Manik\u00fcre enthaltenen Werkzeuge gilt eine lebenslange Garantie, die keine Sch\u00e4den abdeckt, die durch unsachgem\u00e4\u00dfe Verwendung oder Aufbewahrung in einer feuchten Umgebung entstehen.<\/p>\n<p>Solingen ist eine Marke von h\u00f6chster Qualit\u00e4t, mit dem Kauf setzen Sie auf Qualit\u00e4t und garantierte Zufriedenheit!<\/p>\n<p>Der Koffer enth\u00e4lt Werkzeuge aus Nickel:<br \/>\nNagelhautschere<br \/>\nNagelknipser<br \/>\nSaphirfeile<br \/>\nSchr\u00e4ge Pinzette<br \/>\nEinseitiges Manik\u00fcre-Werkzeug<\/p>\n<p>Geh\u00e4use:<br \/>\nMaterial echtes Leder<\/p>\n<p>Geh\u00e4usefarbe:<br \/>\nSchwarz<\/p>\n<p>Oberfl\u00e4chenbehandlung von Werkzeugen:<br \/>\nGl\u00e4nzendes Nickel<\/p>\n","protected":false},"excerpt":{"rendered":"<p>Luxuri\u00f6se 5-teilige Manik\u00fcre der deutschen Marke Pfeilring Original Solingen in einem hochwertigen Lederetui mit schwarzem Rahmen.<br \/>\n<strong>Hergestellt in Solingen, lebenslange Garantie.<\/strong><\/p>\n","protected":false},"featured_media":175737,"comment_status":"open","ping_status":"closed","template":"","meta":[],"pwb-brand":[3893],"product_brand":[],"product_cat":[3640],"product_tag":[],"class_list":{"0":"post-341352","1":"product","2":"type-product","3":"status-publish","4":"has-post-thumbnail","6":"pwb-brand-pfeilring-solingen-de","7":"product_cat-manikure","9":"first","10":"instock","11":"taxable","12":"shipping-taxable","13":"purchasable","14":"product-type-simple"},"brands":[{"id":3893,"name":"PFEILRING SOLINGEN","slug":"pfeilring-solingen-de"}],"_links":{"self":[{"href":"https:\/\/www.moskito.cz\/de\/wp-json\/wp\/v2\/product\/341352","targetHints":{"allow":["GET"]}}],"collection":[{"href":"https:\/\/www.moskito.cz\/de\/wp-json\/wp\/v2\/product"}],"about":[{"href":"https:\/\/www.moskito.cz\/de\/wp-json\/wp\/v2\/types\/product"}],"replies":[{"embeddable":true,"href":"https:\/\/www.moskito.cz\/de\/wp-json\/wp\/v2\/comments?post=341352"}],"wp:featuredmedia":[{"embeddable":true,"href":"https:\/\/www.moskito.cz\/de\/wp-json\/wp\/v2\/media\/175737"}],"wp:attachment":[{"href":"https:\/\/www.moskito.cz\/de\/wp-json\/wp\/v2\/media?parent=341352"}],"wp:term":[{"taxonomy":"pwb-brand","embeddable":true,"href":"https:\/\/www.moskito.cz\/de\/wp-json\/wp\/v2\/pwb-brand?post=341352"},{"taxonomy":"product_brand","embeddable":true,"href":"https:\/\/www.moskito.cz\/de\/wp-json\/wp\/v2\/product_brand?post=341352"},{"taxonomy":"product_cat","embeddable":true,"href":"https:\/\/www.moskito.cz\/de\/wp-json\/wp\/v2\/product_cat?post=341352"},{"taxonomy":"product_tag","embeddable":true,"href":"https:\/\/www.moskito.cz\/de\/wp-json\/wp\/v2\/product_tag?post=341352"}],"curies":[{"name":"wp","href":"https:\/\/api.w.org\/{rel}","templated":true}]}}