{"id":341409,"date":"2024-05-20T13:39:46","date_gmt":"2024-05-20T12:42:28","guid":{"rendered":"https:\/\/www.moskito.cz\/produkt\/schiessmesser-microtech-glykon-bajonett-apocalyptic-184-12apnc\/"},"modified":"2025-05-07T11:15:38","modified_gmt":"2025-05-07T10:15:38","slug":"schiessmesser-microtech-glykon-bajonett-apocalyptic-184-12apnc","status":"publish","type":"product","link":"https:\/\/www.moskito.cz\/de\/produkt\/schiessmesser-microtech-glykon-bajonett-apocalyptic-184-12apnc\/","title":{"rendered":"Schie\u00dfmesser Microtech Glykon Bajonett Apocalyptic 184-12APNC"},"content":{"rendered":"<p>Schie\u00dfmesser <strong>Microtech<\/strong> Glykon Bajonett Apocalyptic 184-12APNC.<\/p>\n<p><strong>Microtech Glykon-Bajonett,<\/strong> nat\u00fcrlicher, klarer Griff mit Apocalyptic Overlay, Apocalyptic Full Serrated 184-12APNC<\/p>\n<p>Diese wundersch\u00f6ne neue Microtech-Konfiguration ist nach dem r\u00f6mischen Schlangengott benannt. Dieses OTF wird Sie mit seiner erstaunlichen Leistung beeindrucken. Das leicht geschwungene Geh\u00e4use in Kombination mit der Schlagwirkung macht dieses Messer zu einem weiteren Teil Ihres Arsenals, das mit Sicherheit ein Hit wird. Der neue patentierte dreiseitige Knopf macht den Glykon \u00e4u\u00dferst benutzerfreundlich. Der umkehrbare Taschenclip verleiht diesem Messer ein wirklich anpassbares Erlebnis.<\/p>\n<p>Dieses Modell verf\u00fcgt \u00fcber naturklar eloxierte Aluminiumgriffe mit einem apokalyptischen Titan-Finish. Eine apokalyptische Bajonettklinge aus M390-Edelstahl mit vollst\u00e4ndig gezahnter Klinge. Apokalyptische Design-Hardware, doppelseitiger Taschenclip und Lanyard-Loch. Der Clip enth\u00e4lt Modellinformationen, das Microtech-Logo, die Seriennummer und das Herstellungsdatum.<\/p>\n<p>Herkunftsland: USA<br \/>\nGriffmaterial: Aluminium<br \/>\nKlingenmaterial: M390<br \/>\nKlingenstil: Bajonett<br \/>\nOberfl\u00e4chenbehandlung der Klinge: Apkoalyptic<br \/>\nKantentyp: Vollst\u00e4ndig gezahnt<br \/>\nModell\/Muster: Glykon<br \/>\nMessertyp: Double-Action-Automatik-OTF<br \/>\nSchlosstyp: OTF<br \/>\nKlingenl\u00e4nge: 9,37 cm<br \/>\nL\u00e4nge geschlossen: 13,12 cm<br \/>\nGesamtl\u00e4nge: 22,5 cm<br \/>\nStahl: M390<\/p>\n<p><iframe title=\"Microtech Combat Troodon Torture Test\" width=\"800\" height=\"450\" src=\"https:\/\/www.youtube.com\/embed\/xE9TeOFYEjg?feature=oembed\" frameborder=\"0\" allow=\"accelerometer; autoplay; clipboard-write; encrypted-media; gyroscope; picture-in-picture; web-share\" referrerpolicy=\"strict-origin-when-cross-origin\" allowfullscreen><\/iframe><\/p>\n<p>&nbsp;<\/p>\n<p>&nbsp;<\/p>\n","protected":false},"excerpt":{"rendered":"<div class=\"elementor-element elementor-element-bbb542b elementor-widget elementor-widget-woocommerce-product-short-description\" data-id=\"bbb542b\" data-element_type=\"widget\" data-widget_type=\"woocommerce-product-short-description.default\">\n<div class=\"elementor-widget-container\">\n<div class=\"woocommerce-product-details__short-description\">\n<p><strong>Im Laufe der Jahre hat Microtech\u00ae Knives Messer mit Leidenschaft und K\u00f6nnen gef\u00fcllt, um nahezu Kunstwerke zu schaffen, die den Gipfel der Funktionalit\u00e4t darstellen. Alle Teile werden in den USA hergestellt.<\/strong><br \/>\n<strong>F\u00fcr alle Microtech-Messer gilt eine lebenslange Garantie.<\/strong><\/p>\n<p><strong>Kostenloser Transport.<\/strong><\/p>\n<\/div>\n<\/div>\n<\/div>\n","protected":false},"featured_media":341366,"comment_status":"open","ping_status":"closed","template":"","meta":[],"pwb-brand":[3278],"product_brand":[],"product_cat":[3285,3343],"product_tag":[3669],"class_list":{"0":"post-341409","1":"product","2":"type-product","3":"status-publish","4":"has-post-thumbnail","6":"pwb-brand-microtech-de","7":"product_cat-messer","8":"product_cat-schiesmesser","9":"product_tag-b2b-de","11":"first","12":"outofstock","13":"taxable","14":"shipping-taxable","15":"purchasable","16":"product-type-simple"},"brands":[{"id":3278,"name":"Microtech","slug":"microtech-de"}],"_links":{"self":[{"href":"https:\/\/www.moskito.cz\/de\/wp-json\/wp\/v2\/product\/341409","targetHints":{"allow":["GET"]}}],"collection":[{"href":"https:\/\/www.moskito.cz\/de\/wp-json\/wp\/v2\/product"}],"about":[{"href":"https:\/\/www.moskito.cz\/de\/wp-json\/wp\/v2\/types\/product"}],"replies":[{"embeddable":true,"href":"https:\/\/www.moskito.cz\/de\/wp-json\/wp\/v2\/comments?post=341409"}],"wp:featuredmedia":[{"embeddable":true,"href":"https:\/\/www.moskito.cz\/de\/wp-json\/wp\/v2\/media\/341366"}],"wp:attachment":[{"href":"https:\/\/www.moskito.cz\/de\/wp-json\/wp\/v2\/media?parent=341409"}],"wp:term":[{"taxonomy":"pwb-brand","embeddable":true,"href":"https:\/\/www.moskito.cz\/de\/wp-json\/wp\/v2\/pwb-brand?post=341409"},{"taxonomy":"product_brand","embeddable":true,"href":"https:\/\/www.moskito.cz\/de\/wp-json\/wp\/v2\/product_brand?post=341409"},{"taxonomy":"product_cat","embeddable":true,"href":"https:\/\/www.moskito.cz\/de\/wp-json\/wp\/v2\/product_cat?post=341409"},{"taxonomy":"product_tag","embeddable":true,"href":"https:\/\/www.moskito.cz\/de\/wp-json\/wp\/v2\/product_tag?post=341409"}],"curies":[{"name":"wp","href":"https:\/\/api.w.org\/{rel}","templated":true}]}}