{"id":341515,"date":"2024-05-20T14:15:48","date_gmt":"2024-05-20T13:19:35","guid":{"rendered":"https:\/\/www.moskito.cz\/produkt\/verschlussmesser-microtech-borka-stitch-apocalyptic-169-10ap\/"},"modified":"2025-05-07T11:15:41","modified_gmt":"2025-05-07T10:15:41","slug":"verschlussmesser-microtech-borka-stitch-apocalyptic-169-10ap","status":"publish","type":"product","link":"https:\/\/www.moskito.cz\/de\/produkt\/verschlussmesser-microtech-borka-stitch-apocalyptic-169-10ap\/","title":{"rendered":"Verschlussmesser Microtech\/Borka Stitch Apocalyptic 169-10AP"},"content":{"rendered":"<p>Verschlussmesser <strong>Microtech\/Borka<\/strong> Stitch Apocalyptic 169-10AP.<\/p>\n<p><strong>Stitch<\/strong> ist eine wundersch\u00f6ne taktische Zusammenarbeit zwischen Tony Marfione und Sebastijan Berenji, alias Borka. Es nimmt Sebastijans erstaunliches Stitch-Design und kombiniert es mit Tonys erstaunlichem Auto-Opener, um eine der erstaunlichsten Produktionskollaborationen des Jahres 2017 zu schaffen. Die 3,625 Zoll lange Speerspitzenklinge verf\u00fcgt \u00fcber einen Flachschliff, ein apokalyptisches Finish und eine R\u00e4ndelung an den Fingern und der Daumenrampe. Ein ausgezeichneter Kauf f\u00fcr feinere Schnitte. Der Griff besteht aus stark gefr\u00e4stem Aluminium mit einer schwarz eloxierten Mil-Spec-Hardcoat-Beschichtung und einem gepr\u00e4gten Aluminium-Backspacer. Dies ist das lang erwartete Serienmodell des ber\u00fchmten Brauchs, das Ihnen die Chance gibt, ein Borka-Messer zu einem Bruchteil zu besitzen des Preises.<\/p>\n<p>Spezifikationen:<\/p>\n<p>Klingenl\u00e4nge: 8,5 cm<br \/>\nGriffl\u00e4nge: 12,5 cm<br \/>\nGesamtl\u00e4nge: 21 cm<br \/>\nStahl: M390<br \/>\nKlingenstil: Speerspitze<br \/>\nKlingenschliff: Flach<br \/>\nKlingenfinish: Apokalyptisch<br \/>\nGriffmaterial: Gefr\u00e4stes Aluminium, eloxierte Mil-Spec-Hartbeschichtung<br \/>\nVerriegelungsmechanismus: Knopf<br \/>\nTaschenclip: Edelstahl (klappbar, rechtsh\u00e4ndig zu tragen)<br \/>\nGewicht: 6,3 Unzen.<br \/>\nDesigner: Sebastijan Berenji und Tony Marfione<br \/>\nHergestellt in den USA<\/p>\n<p><iframe title=\"Microtech Combat Troodon Torture Test\" width=\"800\" height=\"450\" src=\"https:\/\/www.youtube.com\/embed\/xE9TeOFYEjg?feature=oembed\" frameborder=\"0\" allow=\"accelerometer; autoplay; clipboard-write; encrypted-media; gyroscope; picture-in-picture; web-share\" referrerpolicy=\"strict-origin-when-cross-origin\" allowfullscreen><\/iframe><\/p>\n<p>&nbsp;<\/p>\n<p>&nbsp;<\/p>\n<p>&nbsp;<\/p>\n","protected":false},"excerpt":{"rendered":"<div class=\"elementor-element elementor-element-bbb542b elementor-widget elementor-widget-woocommerce-product-short-description\" data-id=\"bbb542b\" data-element_type=\"widget\" data-widget_type=\"woocommerce-product-short-description.default\">\n<div class=\"elementor-widget-container\">\n<div class=\"woocommerce-product-details__short-description\">\n<p><strong>Im Laufe der Jahre hat Microtech\u00ae Knives Messer mit Leidenschaft und K\u00f6nnen gef\u00fcllt, um nahezu Kunstwerke zu schaffen, die den Gipfel der Funktionalit\u00e4t darstellen. Alle Teile werden in den USA hergestellt.<\/strong><br \/>\n<strong>F\u00fcr alle Microtech-Messer gilt eine lebenslange Garantie.<\/strong><\/p>\n<p><strong>Kostenloser Transport.<\/strong><\/p>\n<\/div>\n<\/div>\n<\/div>\n","protected":false},"featured_media":341472,"comment_status":"open","ping_status":"closed","template":"","meta":[],"pwb-brand":[3278],"product_brand":[],"product_cat":[3285,3343],"product_tag":[3669],"class_list":{"0":"post-341515","1":"product","2":"type-product","3":"status-publish","4":"has-post-thumbnail","6":"pwb-brand-microtech-de","7":"product_cat-messer","8":"product_cat-schiesmesser","9":"product_tag-b2b-de","11":"first","12":"instock","13":"taxable","14":"shipping-taxable","15":"purchasable","16":"product-type-simple"},"brands":[{"id":3278,"name":"Microtech","slug":"microtech-de"}],"_links":{"self":[{"href":"https:\/\/www.moskito.cz\/de\/wp-json\/wp\/v2\/product\/341515","targetHints":{"allow":["GET"]}}],"collection":[{"href":"https:\/\/www.moskito.cz\/de\/wp-json\/wp\/v2\/product"}],"about":[{"href":"https:\/\/www.moskito.cz\/de\/wp-json\/wp\/v2\/types\/product"}],"replies":[{"embeddable":true,"href":"https:\/\/www.moskito.cz\/de\/wp-json\/wp\/v2\/comments?post=341515"}],"wp:featuredmedia":[{"embeddable":true,"href":"https:\/\/www.moskito.cz\/de\/wp-json\/wp\/v2\/media\/341472"}],"wp:attachment":[{"href":"https:\/\/www.moskito.cz\/de\/wp-json\/wp\/v2\/media?parent=341515"}],"wp:term":[{"taxonomy":"pwb-brand","embeddable":true,"href":"https:\/\/www.moskito.cz\/de\/wp-json\/wp\/v2\/pwb-brand?post=341515"},{"taxonomy":"product_brand","embeddable":true,"href":"https:\/\/www.moskito.cz\/de\/wp-json\/wp\/v2\/product_brand?post=341515"},{"taxonomy":"product_cat","embeddable":true,"href":"https:\/\/www.moskito.cz\/de\/wp-json\/wp\/v2\/product_cat?post=341515"},{"taxonomy":"product_tag","embeddable":true,"href":"https:\/\/www.moskito.cz\/de\/wp-json\/wp\/v2\/product_tag?post=341515"}],"curies":[{"name":"wp","href":"https:\/\/api.w.org\/{rel}","templated":true}]}}