{"id":341635,"date":"2021-03-25T22:35:52","date_gmt":"2024-05-20T13:55:49","guid":{"rendered":"https:\/\/www.moskito.cz\/produkt\/feststehendes-messer-microtech-socom-alpha-114-10\/"},"modified":"2026-04-25T23:18:10","modified_gmt":"2026-04-25T22:18:10","slug":"feststehendes-messer-microtech-socom-alpha-114-10","status":"publish","type":"product","link":"https:\/\/www.moskito.cz\/de\/produkt\/feststehendes-messer-microtech-socom-alpha-114-10\/","title":{"rendered":"Feststehendes Messer Microtech Socom Alpha 114-10"},"content":{"rendered":"<p>Feststehendes Messer <strong>Microtech<\/strong> Socom Alpha 114-10.<\/p>\n<p>Es dauerte \u00fcber ein Jahrzehnt, bis <strong>Microtech<\/strong> ein solides Socom, das Socom Alpha, auf den Markt brachte, aber zum Gl\u00fcck war uns das Alpha Mini dicht auf den Fersen. Diese Version der Signature-Serie verf\u00fcgt \u00fcber einen schwarzen Griff aus CTS-204P-Stahl und Kohlefaser.<\/p>\n<p>Klinge: Die spitze Klinge ist f\u00fcr ein ausgewogenes Verh\u00e4ltnis von Festigkeit und Schneidleistung geschliffen und mit einer haltbaren Diamant-Carbon-Oberfl\u00e4che ausgestattet. Dadurch ist es verschlei\u00df- und korrosionsbest\u00e4ndiger und weist eine dezente Entspiegelung auf. CTS-204P ist hochleistungsf\u00e4hig und bietet hervorragende Korrosionsbest\u00e4ndigkeit und Schnitthaltigkeit f\u00fcr optimale Leistung.<\/p>\n<p>Griff: Hergestellt aus Kohlefaser, die sicher an propriet\u00e4rer DLC-beschichteter Hardware befestigt ist. Ein Loch am Ende des Kopfes erm\u00f6glicht die Befestigung am Hals.<\/p>\n<p>Holster: Wird in einem geformten Kydex-Holster mit einem DOTS-G\u00fcrtelclip getragen.<\/p>\n<p>CTS-204P: Hochverschlei\u00dffester pulvermetallurgischer Edelstahl CTS-204P verf\u00fcgt \u00fcber die h\u00f6chste Schnitthaltigkeit und Korrosionsbest\u00e4ndigkeit auf dem Markt. Der CTS-204P \u00e4hnelt in seiner Leistung dem CPM-20CV und dem M390 von Bohler.<\/p>\n<p>Microtech Socom Alpha T\/E 114-10 Stonewash-Finish<\/p>\n<p>Die <strong>Microtech<\/strong> -Produktion SOCOM Alpha mit feststehender Klinge verf\u00fcgt \u00fcber ein Design, das durch die gleichnamige Klappmesserserie fr\u00fcherer Produktionen in Kombination mit neueren Custom-Shop-Produktionen popul\u00e4r gemacht wurde. Enth\u00e4lt au\u00dferdem eine mit Kohlefaser laminierte Kydex-G\u00fcrtelscheide mit Bladetech-Clipsystem.<\/p>\n<p><b>Merkmale<\/b><br \/>\nGesamtl\u00e4nge: 10&#8243;<br \/>\nKlingenl\u00e4nge: 5&#8243;<br \/>\nKlingenmaterial: CTS-204P<br \/>\nKlingenst\u00e4rke: 0,20 Zoll<br \/>\nGriffmaterial: G10<br \/>\nGewicht: 8,25 Unzen<br \/>\nL\u00e4nge geschlossen: 5,25&#8243;<br \/>\nMesserkategorie: Feste Klinge<br \/>\nKlingenstil: T\/E (Tanto Edge)<br \/>\nHerkunftsland: USA<\/p>\n<p>&nbsp;<\/p>\n<p>&nbsp;<\/p>\n","protected":false},"excerpt":{"rendered":"<p>Im Laufe der Jahre hat <strong>Microtech\u00ae<\/strong> Knives Messer mit Leidenschaft und K\u00f6nnen gef\u00fcllt, um nahezu Kunstwerke zu schaffen, die den Gipfel der Funktionalit\u00e4t darstellen. Alle Teile werden in den USA hergestellt.<\/p>\n","protected":false},"featured_media":341640,"comment_status":"open","ping_status":"closed","template":"","meta":[],"pwb-brand":[3278],"product_brand":[],"product_cat":[3285,3287],"product_tag":[3669],"class_list":{"0":"post-341635","1":"product","2":"type-product","3":"status-publish","4":"has-post-thumbnail","6":"pwb-brand-microtech-de","7":"product_cat-messer","8":"product_cat-solide-messer","9":"product_tag-b2b-de","11":"first","12":"instock","13":"taxable","14":"shipping-taxable","15":"purchasable","16":"product-type-simple"},"brands":[{"id":3278,"name":"Microtech","slug":"microtech-de"}],"_links":{"self":[{"href":"https:\/\/www.moskito.cz\/de\/wp-json\/wp\/v2\/product\/341635","targetHints":{"allow":["GET"]}}],"collection":[{"href":"https:\/\/www.moskito.cz\/de\/wp-json\/wp\/v2\/product"}],"about":[{"href":"https:\/\/www.moskito.cz\/de\/wp-json\/wp\/v2\/types\/product"}],"replies":[{"embeddable":true,"href":"https:\/\/www.moskito.cz\/de\/wp-json\/wp\/v2\/comments?post=341635"}],"wp:featuredmedia":[{"embeddable":true,"href":"https:\/\/www.moskito.cz\/de\/wp-json\/wp\/v2\/media\/341640"}],"wp:attachment":[{"href":"https:\/\/www.moskito.cz\/de\/wp-json\/wp\/v2\/media?parent=341635"}],"wp:term":[{"taxonomy":"pwb-brand","embeddable":true,"href":"https:\/\/www.moskito.cz\/de\/wp-json\/wp\/v2\/pwb-brand?post=341635"},{"taxonomy":"product_brand","embeddable":true,"href":"https:\/\/www.moskito.cz\/de\/wp-json\/wp\/v2\/product_brand?post=341635"},{"taxonomy":"product_cat","embeddable":true,"href":"https:\/\/www.moskito.cz\/de\/wp-json\/wp\/v2\/product_cat?post=341635"},{"taxonomy":"product_tag","embeddable":true,"href":"https:\/\/www.moskito.cz\/de\/wp-json\/wp\/v2\/product_tag?post=341635"}],"curies":[{"name":"wp","href":"https:\/\/api.w.org\/{rel}","templated":true}]}}