{"id":342093,"date":"2023-03-29T21:43:18","date_gmt":"2024-05-22T08:42:27","guid":{"rendered":"https:\/\/www.moskito.cz\/produkt\/cold-steel-trapper-jigged-bone-klappmesser\/"},"modified":"2025-05-07T11:15:55","modified_gmt":"2025-05-07T10:15:55","slug":"cold-steel-trapper-jigged-bone-klappmesser","status":"publish","type":"product","link":"https:\/\/www.moskito.cz\/de\/produkt\/cold-steel-trapper-jigged-bone-klappmesser\/","title":{"rendered":"Cold Steel TRAPPER JIGGED BONE Klappmesser"},"content":{"rendered":"<p><strong>Cold Steel<\/strong> TRAPPER JIGGED BONE Klappmesser<\/p>\n<p><strong>Das Cold Steel<\/strong> Trapper-Klappmesser ist Cold Steels Variante des klassischen Trapper-Messers mit Schiebegelenk. Es hat authentische Knochengriffe und ist mit polierten Metallbacken akzentuiert. Die robusten Griffe sind f\u00fcr schwere Arbeiten auch mit behandschuhten H\u00e4nden ausreichend dimensioniert. Es ist im traditionellen Klappmessermuster mit zwei polierten Klingen konstruiert: einer Clipklinge zum Durchstechen und Schneiden und einer spitzen Klinge zum H\u00e4uten und Ausnehmen, die beide an einem Ende des Messergriffs herausschwenken. Der Volksglaube hat den Trapper als die bevorzugte Wahl f\u00fcr robuste Outdoor-Menschen und Grenzj\u00e4ger positioniert, aber seine inh\u00e4rente Praktikabilit\u00e4t macht ihn f\u00fcr alle Arten von Aufgaben n\u00fctzlich und eignet sich gut f\u00fcr fast jede Umgebung, von der Stadt bis zum Land. Dies ist ein gro\u00dfartiges Taschenmesser und eignet sich perfekt f\u00fcr Heimprojekte, den Einsatz im Freien oder als Jagdmesser.<\/p>\n<p>Beschreibung:<br \/>\nKlingenmaterial: 8cr13mov<br \/>\nGriffmaterial: Edelstahl, Knochen<br \/>\nSicherung: Slipjoint<br \/>\nKlingenl\u00e4nge: 8,4 cm<br \/>\nGesamtl\u00e4nge: 18,9 cm<br \/>\nL\u00e4nge des gefalteten Messers: 10,5 cm<br \/>\nKlingentyp: Clip Point, Sheepsfoot<\/p>\n<p>&nbsp;<\/p>\n","protected":false},"excerpt":{"rendered":"<p><strong>Das Cold Steel Trapper Klappmesser ist eine Variante des traditionellen Trappermessers. Es ist im traditionellen Klappmessermuster mit zwei polierten Klingen konstruiert.<\/strong><\/p>\n","protected":false},"featured_media":342096,"comment_status":"open","ping_status":"closed","template":"","meta":[],"pwb-brand":[3602],"product_brand":[],"product_cat":[3285,3303],"product_tag":[3669],"class_list":{"0":"post-342093","1":"product","2":"type-product","3":"status-publish","4":"has-post-thumbnail","6":"pwb-brand-kalter-stahl","7":"product_cat-messer","8":"product_cat-schliesmesser","9":"product_tag-b2b-de","11":"first","12":"instock","13":"taxable","14":"shipping-taxable","15":"purchasable","16":"product-type-simple"},"brands":[{"id":3602,"name":"Kalter Stahl","slug":"kalter-stahl"}],"_links":{"self":[{"href":"https:\/\/www.moskito.cz\/de\/wp-json\/wp\/v2\/product\/342093","targetHints":{"allow":["GET"]}}],"collection":[{"href":"https:\/\/www.moskito.cz\/de\/wp-json\/wp\/v2\/product"}],"about":[{"href":"https:\/\/www.moskito.cz\/de\/wp-json\/wp\/v2\/types\/product"}],"replies":[{"embeddable":true,"href":"https:\/\/www.moskito.cz\/de\/wp-json\/wp\/v2\/comments?post=342093"}],"wp:featuredmedia":[{"embeddable":true,"href":"https:\/\/www.moskito.cz\/de\/wp-json\/wp\/v2\/media\/342096"}],"wp:attachment":[{"href":"https:\/\/www.moskito.cz\/de\/wp-json\/wp\/v2\/media?parent=342093"}],"wp:term":[{"taxonomy":"pwb-brand","embeddable":true,"href":"https:\/\/www.moskito.cz\/de\/wp-json\/wp\/v2\/pwb-brand?post=342093"},{"taxonomy":"product_brand","embeddable":true,"href":"https:\/\/www.moskito.cz\/de\/wp-json\/wp\/v2\/product_brand?post=342093"},{"taxonomy":"product_cat","embeddable":true,"href":"https:\/\/www.moskito.cz\/de\/wp-json\/wp\/v2\/product_cat?post=342093"},{"taxonomy":"product_tag","embeddable":true,"href":"https:\/\/www.moskito.cz\/de\/wp-json\/wp\/v2\/product_tag?post=342093"}],"curies":[{"name":"wp","href":"https:\/\/api.w.org\/{rel}","templated":true}]}}