{"id":342161,"date":"2021-05-06T21:38:35","date_gmt":"2024-05-27T07:28:31","guid":{"rendered":"https:\/\/www.moskito.cz\/produkt\/feststehendes-messer-extrema-ratio-requiem-ranger-gruen\/"},"modified":"2025-05-07T11:15:57","modified_gmt":"2025-05-07T10:15:57","slug":"feststehendes-messer-extrema-ratio-requiem-ranger-gruen","status":"publish","type":"product","link":"https:\/\/www.moskito.cz\/de\/produkt\/feststehendes-messer-extrema-ratio-requiem-ranger-gruen\/","title":{"rendered":"Feststehendes Messer Extrema Ratio REQUIEM RANGER GR\u00dcN"},"content":{"rendered":"<p>Feststehendes Messer <strong>Extrema Ratio<\/strong> REQUIEM RANGER GR\u00dcN<\/p>\n<p>Mehrzweck-Taktikmesser, sehr leicht und einfach zu bedienen. Diese einschneidige Single-Guard-Nadelspitze wird mit einer speziellen Aspis-Nylonscheide geliefert, die von Extrema Ratio speziell entwickelt wurde, um ein schnelles L\u00f6sen der Klinge und ihre Fixierung im MOLLE-System dank zwei Multipositionsklemmen zu erm\u00f6glichen.<\/p>\n<p>Erh\u00e4ltlich in Schwarz, Desert, HCS, Ranger Green und Wolf Grey.<\/p>\n<p>TECHNISCHES ARBEITSBLATT<br \/>\nGewicht 86 g<br \/>\nGewicht: 3,03 Unzen<br \/>\nKlingenl\u00e4nge (mm): 118<br \/>\nKlingenl\u00e4nge (in Zoll): 4,64<br \/>\nGesamtl\u00e4nge (mm): 238<br \/>\nGesamtl\u00e4nge (in Zoll): 9,37<br \/>\nKlingenst\u00e4rke (mm): 4<br \/>\nKlingenst\u00e4rke (in Zoll): 0,15<br \/>\nKlingenmaterial: B\u00f6HLER STEEL N690 (58HRC)<br \/>\nKlingenfinish: STEINE ENTHALTEN<br \/>\nHauptgitter: FLACH<br \/>\nGriffmaterial: FORPRENE<\/p>\n<p><iframe title=\"Tactical Knife | Extrema Ratio Aspis sheath removing\" width=\"800\" height=\"600\" src=\"https:\/\/www.youtube.com\/embed\/LpChhhuTeAI?feature=oembed\" frameborder=\"0\" allow=\"accelerometer; autoplay; clipboard-write; encrypted-media; gyroscope; picture-in-picture; web-share\" referrerpolicy=\"strict-origin-when-cross-origin\" allowfullscreen><\/iframe><\/p>\n<p>&nbsp;<\/p>\n","protected":false},"excerpt":{"rendered":"<p>Extrema Ratio mit Sitz in Prato, Italien, entwirft und produziert seit 1997 leistungsstarke Kampf-, Milit\u00e4r-, K\u00fcchen-, Jagd- und taktische Messer und genie\u00dft einen Ruf f\u00fcr \u00fcberlegene Qualit\u00e4t, die in der Milit\u00e4r- und taktischen Messerbranche ihresgleichen sucht. Kostenloser Transport .<\/p>\n","protected":false},"featured_media":342164,"comment_status":"open","ping_status":"closed","template":"","meta":[],"pwb-brand":[3539],"product_brand":[],"product_cat":[3287,3285],"product_tag":[3669],"class_list":{"0":"post-342161","1":"product","2":"type-product","3":"status-publish","4":"has-post-thumbnail","6":"pwb-brand-extrema-verhaltnis","7":"product_cat-solide-messer","8":"product_cat-messer","9":"product_tag-b2b-de","11":"first","12":"instock","13":"taxable","14":"shipping-taxable","15":"purchasable","16":"product-type-simple"},"brands":[{"id":3539,"name":"Extrema-Verh\u00e4ltnis","slug":"extrema-verhaltnis"}],"_links":{"self":[{"href":"https:\/\/www.moskito.cz\/de\/wp-json\/wp\/v2\/product\/342161","targetHints":{"allow":["GET"]}}],"collection":[{"href":"https:\/\/www.moskito.cz\/de\/wp-json\/wp\/v2\/product"}],"about":[{"href":"https:\/\/www.moskito.cz\/de\/wp-json\/wp\/v2\/types\/product"}],"replies":[{"embeddable":true,"href":"https:\/\/www.moskito.cz\/de\/wp-json\/wp\/v2\/comments?post=342161"}],"wp:featuredmedia":[{"embeddable":true,"href":"https:\/\/www.moskito.cz\/de\/wp-json\/wp\/v2\/media\/342164"}],"wp:attachment":[{"href":"https:\/\/www.moskito.cz\/de\/wp-json\/wp\/v2\/media?parent=342161"}],"wp:term":[{"taxonomy":"pwb-brand","embeddable":true,"href":"https:\/\/www.moskito.cz\/de\/wp-json\/wp\/v2\/pwb-brand?post=342161"},{"taxonomy":"product_brand","embeddable":true,"href":"https:\/\/www.moskito.cz\/de\/wp-json\/wp\/v2\/product_brand?post=342161"},{"taxonomy":"product_cat","embeddable":true,"href":"https:\/\/www.moskito.cz\/de\/wp-json\/wp\/v2\/product_cat?post=342161"},{"taxonomy":"product_tag","embeddable":true,"href":"https:\/\/www.moskito.cz\/de\/wp-json\/wp\/v2\/product_tag?post=342161"}],"curies":[{"name":"wp","href":"https:\/\/api.w.org\/{rel}","templated":true}]}}