{"id":342284,"date":"2024-05-27T14:54:40","date_gmt":"2024-05-27T13:57:39","guid":{"rendered":"https:\/\/www.moskito.cz\/produkt\/schiessmesser-microtech-combat-troodon-gen-iii-apocalyptic-1142-10apbkap\/"},"modified":"2025-05-07T11:15:59","modified_gmt":"2025-05-07T10:15:59","slug":"schiessmesser-microtech-combat-troodon-gen-iii-apocalyptic-1142-10apbkap","status":"publish","type":"product","link":"https:\/\/www.moskito.cz\/de\/produkt\/schiessmesser-microtech-combat-troodon-gen-iii-apocalyptic-1142-10apbkap\/","title":{"rendered":"Schie\u00dfmesser Microtech Combat Troodon Gen III Apocalyptic 1142-10APBKAP"},"content":{"rendered":"<p>Schie\u00dfmesser <strong>Microtech<\/strong> Combat Troodon Gen III Apocalyptic 1142-10APBKAP.<\/p>\n<p><strong>Das Combat Troodon Gen III<\/strong> ist der Inbegriff von Pr\u00e4zisionstechnik und taktischem K\u00f6nnen bei Frontmessern. Mit einer um 25 % gr\u00f6\u00dferen Gr\u00f6\u00dfe im Vergleich zum Flaggschiff Troodon definiert diese Weiterentwicklung taktische Exzellenz mit ihrem schlanken, tief gravierten Griff, dem konturierten Design und den innovativen Funktionen neu. Der ausgekl\u00fcgelte interne Mechanismus verbessert nicht nur die Betriebsfunktionalit\u00e4t, sondern hebt auch die Zuverl\u00e4ssigkeit in diesem gr\u00f6\u00dferen Ma\u00dfstab auf ein neues Niveau.<\/p>\n<p><strong>Der Combat Troodon<\/strong> wurde sorgf\u00e4ltig f\u00fcr vielf\u00e4ltige Einsatzzwecke gefertigt und zeugt von seiner taktischen Vielseitigkeit. Er zeichnet sich sowohl in Nutz- als auch in Nahkampfszenarien aus. Zus\u00e4tzlich zu den physischen Abmessungen ist der Griff dieses au\u00dfergew\u00f6hnlichen Modells mit einer tiefen Gravur verziert, was nicht nur f\u00fcr einen unglaublichen optischen Eindruck, sondern auch f\u00fcr ein einzigartiges haptisches Erlebnis sorgt. Die Torx-Hardware-Konstruktion unterstreicht zus\u00e4tzlich die Liebe zum Detail und sorgt f\u00fcr Langlebigkeit und einfache Wartung, w\u00e4hrend der umkehrbare Taschenclip vollst\u00e4ndig umkehrbar ist. <strong>Das Combat Troodon Gen III<\/strong> , was \u201everwundender Zahn\u201c bedeutet, ist ein beeindruckendes, nach vorne gerichtetes taktisches Messer, das Pr\u00e4zisionstechnik, Kampffunktionen und ein elegantes Design vereint.<br \/>\nSpezifikationen:<\/p>\n<p>Klingenl\u00e4nge: 10,3 cm<br \/>\nL\u00e4nge geschlossen: 14 cm<br \/>\nGesamtl\u00e4nge: 24 cm<br \/>\nKlingenstahl: B\u00f6hler M390MK Edelstahl<br \/>\nKlingenstil: Doppelschneidiger Dolch<br \/>\nKlingenschliff: Flach<br \/>\nKlingenfinish: Apokalyptisch<br \/>\nGriffmaterial: Schwarzes apokalyptisches, tiefge\u00e4tztes Flugzeugaluminium<br \/>\nVerriegelungsmechanismus: Daumenschieber<br \/>\nTaschenclip: Titan (nach unten klappbar, rechts\/links tragbar)<br \/>\nGewicht: 5,22 Unzen.<br \/>\nDesigner: Tony Marfione<br \/>\nHergestellt in den USA<\/p>\n<p><iframe title=\"Microtech Combat Troodon Torture Test\" width=\"800\" height=\"450\" src=\"https:\/\/www.youtube.com\/embed\/xE9TeOFYEjg?feature=oembed\" frameborder=\"0\" allow=\"accelerometer; autoplay; clipboard-write; encrypted-media; gyroscope; picture-in-picture; web-share\" referrerpolicy=\"strict-origin-when-cross-origin\" allowfullscreen><\/iframe><\/p>\n<p>&nbsp;<\/p>\n<p>&nbsp;<\/p>\n","protected":false},"excerpt":{"rendered":"<div class=\"elementor-element elementor-element-bbb542b elementor-widget elementor-widget-woocommerce-product-short-description\" data-id=\"bbb542b\" data-element_type=\"widget\" data-widget_type=\"woocommerce-product-short-description.default\">\n<div class=\"elementor-widget-container\">\n<div class=\"woocommerce-product-details__short-description\">\n<div class=\"elementor-element elementor-element-bbb542b elementor-widget elementor-widget-woocommerce-product-short-description\" data-id=\"bbb542b\" data-element_type=\"widget\" data-widget_type=\"woocommerce-product-short-description.default\">\n<div class=\"elementor-widget-container\">\n<div class=\"woocommerce-product-details__short-description\">\n<p><strong>Im Laufe der Jahre hat Microtech\u00ae Knives Messer mit Leidenschaft und K\u00f6nnen gef\u00fcllt, um nahezu Kunstwerke zu schaffen, die den Gipfel der Funktionalit\u00e4t darstellen. Alle Teile werden in den USA hergestellt.<\/strong><br \/>\n<strong>F\u00fcr alle Microtech-Messer gilt eine lebenslange Garantie.<\/strong><\/p>\n<p><strong>Kostenloser Transport.<\/strong><\/p>\n<\/div>\n<\/div>\n<\/div>\n<\/div>\n<\/div>\n<\/div>\n","protected":false},"featured_media":342235,"comment_status":"open","ping_status":"closed","template":"","meta":[],"pwb-brand":[3278],"product_brand":[],"product_cat":[3285,3343],"product_tag":[3669],"class_list":{"0":"post-342284","1":"product","2":"type-product","3":"status-publish","4":"has-post-thumbnail","6":"pwb-brand-microtech-de","7":"product_cat-messer","8":"product_cat-schiesmesser","9":"product_tag-b2b-de","11":"first","12":"outofstock","13":"taxable","14":"shipping-taxable","15":"purchasable","16":"product-type-simple"},"brands":[{"id":3278,"name":"Microtech","slug":"microtech-de"}],"_links":{"self":[{"href":"https:\/\/www.moskito.cz\/de\/wp-json\/wp\/v2\/product\/342284","targetHints":{"allow":["GET"]}}],"collection":[{"href":"https:\/\/www.moskito.cz\/de\/wp-json\/wp\/v2\/product"}],"about":[{"href":"https:\/\/www.moskito.cz\/de\/wp-json\/wp\/v2\/types\/product"}],"replies":[{"embeddable":true,"href":"https:\/\/www.moskito.cz\/de\/wp-json\/wp\/v2\/comments?post=342284"}],"wp:featuredmedia":[{"embeddable":true,"href":"https:\/\/www.moskito.cz\/de\/wp-json\/wp\/v2\/media\/342235"}],"wp:attachment":[{"href":"https:\/\/www.moskito.cz\/de\/wp-json\/wp\/v2\/media?parent=342284"}],"wp:term":[{"taxonomy":"pwb-brand","embeddable":true,"href":"https:\/\/www.moskito.cz\/de\/wp-json\/wp\/v2\/pwb-brand?post=342284"},{"taxonomy":"product_brand","embeddable":true,"href":"https:\/\/www.moskito.cz\/de\/wp-json\/wp\/v2\/product_brand?post=342284"},{"taxonomy":"product_cat","embeddable":true,"href":"https:\/\/www.moskito.cz\/de\/wp-json\/wp\/v2\/product_cat?post=342284"},{"taxonomy":"product_tag","embeddable":true,"href":"https:\/\/www.moskito.cz\/de\/wp-json\/wp\/v2\/product_tag?post=342284"}],"curies":[{"name":"wp","href":"https:\/\/api.w.org\/{rel}","templated":true}]}}