{"id":342448,"date":"2024-05-27T16:01:02","date_gmt":"2024-05-27T15:06:04","guid":{"rendered":"https:\/\/www.moskito.cz\/produkt\/verschlussmesser-microtech-amphibian-apocalyptic-137rl-10apflnc\/"},"modified":"2025-05-07T11:16:03","modified_gmt":"2025-05-07T10:16:03","slug":"verschlussmesser-microtech-amphibian-apocalyptic-137rl-10apflnc","status":"publish","type":"product","link":"https:\/\/www.moskito.cz\/de\/produkt\/verschlussmesser-microtech-amphibian-apocalyptic-137rl-10apflnc\/","title":{"rendered":"Verschlussmesser Microtech Amphibian Apocalyptic 137RL-10APFLNC"},"content":{"rendered":"<p>Verschlussmesser <strong>Microtech<\/strong> Amphibian Apocalyptic 137RL-10APFLNC.<\/p>\n<p>Amphibian ist ein echter Marfione-Klassiker, der \u00fcber 20 Jahre alt ist. Es stammt aus den alten Zeiten, als Microtech-Messer sowohl automatisch als auch manuell sein konnten &#8230; in einem. Was wir hier haben, ist eine manuelle Version, die Tonys eigenes RAM-LOK-Design mit einem beidh\u00e4ndigen Taschenclip und zwei Daumenpins f\u00fcr ein vollst\u00e4ndig beidh\u00e4ndiges Messer enth\u00e4lt, das in keiner Weise Abstriche macht. Es verf\u00fcgt \u00fcber den patentierten Bohler M390MK-Klingenstahl, der nur bei Microtech Knives erh\u00e4ltlich ist. Von der Gr\u00f6\u00dfe her \u00e4hnelt das Messer der MSI Microtech Standard-Ausgabe, vom Stil her gibt es jedoch keinen Vergleich. Das Amphibian ist eines der coolsten taktischen Messerdesigns aller Zeiten und wir freuen uns, dass es zur\u00fcck und f\u00fcr die breite Masse verf\u00fcgbar ist!<\/p>\n<p>Dieses Natural Clear OTF ist so eloxiert, dass den Materialien ein wundersch\u00f6nes nat\u00fcrliches Aussehen verliehen wird. Der Eloxalprozess sorgt au\u00dferdem f\u00fcr eine starke Schutzschicht, sodass dieses St\u00fcck f\u00fcr den harten Einsatz ger\u00fcstet ist.<br \/>\nSpezifikationen:<\/p>\n<p>Klingenl\u00e4nge: 9,67 cm<br \/>\nGesamtl\u00e4nge: 13,42 cm<br \/>\nKlingenstahl: B\u00f6hler M390MK Edelstahl<br \/>\nKlingenstil: Clip Point<br \/>\nKlingenschliff: Hohl<br \/>\nKlingenfinish: Apokalyptisch<br \/>\nGriffmaterial: Nat\u00fcrliche, klar geriffelte 7075-T6-Legierung in Ordnance-Qualit\u00e4t<br \/>\nVerriegelungsmechanismus: RAM-LOK<br \/>\nTaschenclip: Titan (klappbar, links\/rechts tragbar)<br \/>\nGewicht: 6,49 Unzen.<br \/>\nDesigner: Tony Marfione<br \/>\nHergestellt in den USA<\/p>\n<p><iframe title=\"Microtech Combat Troodon Torture Test\" width=\"800\" height=\"450\" src=\"https:\/\/www.youtube.com\/embed\/xE9TeOFYEjg?feature=oembed\" frameborder=\"0\" allow=\"accelerometer; autoplay; clipboard-write; encrypted-media; gyroscope; picture-in-picture; web-share\" referrerpolicy=\"strict-origin-when-cross-origin\" allowfullscreen><\/iframe><\/p>\n<p>&nbsp;<\/p>\n","protected":false},"excerpt":{"rendered":"<div class=\"elementor-element elementor-element-bbb542b elementor-widget elementor-widget-woocommerce-product-short-description\" data-id=\"bbb542b\" data-element_type=\"widget\" data-widget_type=\"woocommerce-product-short-description.default\">\n<div class=\"elementor-widget-container\">\n<div class=\"woocommerce-product-details__short-description\">\n<div class=\"elementor-element elementor-element-bbb542b elementor-widget elementor-widget-woocommerce-product-short-description\" data-id=\"bbb542b\" data-element_type=\"widget\" data-widget_type=\"woocommerce-product-short-description.default\">\n<div class=\"elementor-widget-container\">\n<div class=\"woocommerce-product-details__short-description\">\n<div class=\"elementor-element elementor-element-bbb542b elementor-widget elementor-widget-woocommerce-product-short-description\" data-id=\"bbb542b\" data-element_type=\"widget\" data-widget_type=\"woocommerce-product-short-description.default\">\n<div class=\"elementor-widget-container\">\n<div class=\"woocommerce-product-details__short-description\">\n<div class=\"elementor-element elementor-element-bbb542b elementor-widget elementor-widget-woocommerce-product-short-description\" data-id=\"bbb542b\" data-element_type=\"widget\" data-widget_type=\"woocommerce-product-short-description.default\">\n<div class=\"elementor-widget-container\">\n<div class=\"woocommerce-product-details__short-description\">\n<div class=\"elementor-element elementor-element-bbb542b elementor-widget elementor-widget-woocommerce-product-short-description\" data-id=\"bbb542b\" data-element_type=\"widget\" data-widget_type=\"woocommerce-product-short-description.default\">\n<div class=\"elementor-widget-container\">\n<div class=\"woocommerce-product-details__short-description\">\n<p><strong>Im Laufe der Jahre hat Microtech\u00ae Knives Messer mit Leidenschaft und K\u00f6nnen gef\u00fcllt, um nahezu Kunstwerke zu schaffen, die den Gipfel der Funktionalit\u00e4t darstellen. Alle Teile werden in den USA hergestellt.<\/strong><br \/>\n<strong>F\u00fcr alle Microtech-Messer gilt eine lebenslange Garantie.<\/strong><\/p>\n<p><strong>Kostenloser Transport.<\/strong><\/p>\n<\/div>\n<\/div>\n<\/div>\n<\/div>\n<\/div>\n<\/div>\n<\/div>\n<\/div>\n<\/div>\n<\/div>\n<\/div>\n<\/div>\n<\/div>\n<\/div>\n<\/div>\n","protected":false},"featured_media":342405,"comment_status":"open","ping_status":"closed","template":"","meta":[],"pwb-brand":[3278],"product_brand":[],"product_cat":[3285,3303],"product_tag":[3669],"class_list":{"0":"post-342448","1":"product","2":"type-product","3":"status-publish","4":"has-post-thumbnail","6":"pwb-brand-microtech-de","7":"product_cat-messer","8":"product_cat-schliesmesser","9":"product_tag-b2b-de","11":"first","12":"outofstock","13":"taxable","14":"shipping-taxable","15":"purchasable","16":"product-type-simple"},"brands":[{"id":3278,"name":"Microtech","slug":"microtech-de"}],"_links":{"self":[{"href":"https:\/\/www.moskito.cz\/de\/wp-json\/wp\/v2\/product\/342448","targetHints":{"allow":["GET"]}}],"collection":[{"href":"https:\/\/www.moskito.cz\/de\/wp-json\/wp\/v2\/product"}],"about":[{"href":"https:\/\/www.moskito.cz\/de\/wp-json\/wp\/v2\/types\/product"}],"replies":[{"embeddable":true,"href":"https:\/\/www.moskito.cz\/de\/wp-json\/wp\/v2\/comments?post=342448"}],"wp:featuredmedia":[{"embeddable":true,"href":"https:\/\/www.moskito.cz\/de\/wp-json\/wp\/v2\/media\/342405"}],"wp:attachment":[{"href":"https:\/\/www.moskito.cz\/de\/wp-json\/wp\/v2\/media?parent=342448"}],"wp:term":[{"taxonomy":"pwb-brand","embeddable":true,"href":"https:\/\/www.moskito.cz\/de\/wp-json\/wp\/v2\/pwb-brand?post=342448"},{"taxonomy":"product_brand","embeddable":true,"href":"https:\/\/www.moskito.cz\/de\/wp-json\/wp\/v2\/product_brand?post=342448"},{"taxonomy":"product_cat","embeddable":true,"href":"https:\/\/www.moskito.cz\/de\/wp-json\/wp\/v2\/product_cat?post=342448"},{"taxonomy":"product_tag","embeddable":true,"href":"https:\/\/www.moskito.cz\/de\/wp-json\/wp\/v2\/product_tag?post=342448"}],"curies":[{"name":"wp","href":"https:\/\/api.w.org\/{rel}","templated":true}]}}