{"id":342823,"date":"2024-05-28T20:10:21","date_gmt":"2024-05-28T19:14:40","guid":{"rendered":"https:\/\/www.moskito.cz\/produkt\/verschlussmesser-sog-twitch-iii\/"},"modified":"2025-05-07T11:16:15","modified_gmt":"2025-05-07T10:16:15","slug":"verschlussmesser-sog-twitch-iii","status":"publish","type":"product","link":"https:\/\/www.moskito.cz\/de\/produkt\/verschlussmesser-sog-twitch-iii\/","title":{"rendered":"Verschlussmesser SOG TWITCH III"},"content":{"rendered":"<p>Verschlussmesser <strong>SOG<\/strong> TWITCH III.<\/p>\n<p>Schlank, stark und mit einer verbesserten 154-cm-Stahlklinge ausgestattet, bringt unser Klappmesser Twitch III die beliebte Twitch-Serie auf die n\u00e4chste Stufe. Twitch III verf\u00fcgt \u00fcber ein schlankes Profil, das eine einfache Tragbarkeit und einfache Handhabung erm\u00f6glicht. Unsere zuverl\u00e4ssige unterst\u00fctzte Technologie erm\u00f6glicht eine schnelle einh\u00e4ndige Bereitstellung. Die 3,1-Zoll-Schnellausl\u00f6seklinge ist an durchdacht geformtem, strukturiertem Aluminium befestigt. Der zuverl\u00e4ssige Verriegelungsmechanismus h\u00e4lt die Klinge w\u00e4hrend des Gebrauchs sicher an Ort und Stelle, sodass Sie sicher und sorgenfrei bleiben.<\/p>\n<p>Griff aus 6061 ALUMINIUM<br \/>\nEine gewinnbringende Kombination. D\u00fcnn und leicht f\u00fcr einfachen Transport. Dezent strukturiert f\u00fcr sicheren Halt, abgerundet mit einem tiefen doppelseitigen Taschenclip.<\/p>\n<p>SUPERSCHNELLES \u00d6FFNEN<br \/>\nExtrem schnelles einh\u00e4ndiges \u00d6ffnen mit doppelten Daumenpins oder Tritt in den R\u00fccken. Eine einfache Wirbels\u00e4ulenverriegelung fixiert die Klinge w\u00e4hrend des Gebrauchs sicher.<\/p>\n<p>STAHLKLINGE 154CM<br \/>\nDie robuste, CRYO-geh\u00e4rtete 154-cm-Klinge beh\u00e4lt ihre Sch\u00e4rfe bei jedem Schnitt zu Hause, bei der Arbeit oder sogar im Wald.<\/p>\n<p>FARBE: satiniert<br \/>\nGEWICHT: 74g<br \/>\nGRIFFMATERIAL: 6061 Aluminium<br \/>\nKLINGENL\u00c4NGE: 7,9 cm<br \/>\nKLINGENST\u00c4RKE: 0,25 cm<br \/>\nSICHERUNGSART: LockBack<br \/>\nSTAHL: 154CM<br \/>\nGESAMTGR\u00d6SSE: 17,8 cm<br \/>\nGRIFFL\u00c4NGE: 10,4 cm<\/p>\n<p>&nbsp;<\/p>\n<p><iframe title=\"Twitch III\" width=\"800\" height=\"450\" src=\"https:\/\/www.youtube.com\/embed\/FghDrJM7ITA?feature=oembed\" frameborder=\"0\" allow=\"accelerometer; autoplay; clipboard-write; encrypted-media; gyroscope; picture-in-picture; web-share\" referrerpolicy=\"strict-origin-when-cross-origin\" allowfullscreen><\/iframe><\/p>\n<p>&nbsp;<\/p>\n","protected":false},"excerpt":{"rendered":"<p><strong>Schlank, leicht, doppelseitig und dank der SOG-\u00d6ffnungstechnologie einfach mit einer Hand zu \u00f6ffnen. Mit einer kurzen Bewegung der Daumenstifte oder Auswerfer \u00f6ffnet sich die Klinge mit einem angenehmen Klicken.<\/strong><\/p>\n","protected":false},"featured_media":342770,"comment_status":"open","ping_status":"closed","template":"","meta":[],"pwb-brand":[3605],"product_brand":[],"product_cat":[3285,3303],"product_tag":[3669],"class_list":{"0":"post-342823","1":"product","2":"type-product","3":"status-publish","4":"has-post-thumbnail","6":"pwb-brand-wie-g","7":"product_cat-messer","8":"product_cat-schliesmesser","9":"product_tag-b2b-de","11":"first","12":"instock","13":"taxable","14":"shipping-taxable","15":"purchasable","16":"product-type-simple"},"brands":[{"id":3605,"name":"WIE G","slug":"wie-g"}],"_links":{"self":[{"href":"https:\/\/www.moskito.cz\/de\/wp-json\/wp\/v2\/product\/342823","targetHints":{"allow":["GET"]}}],"collection":[{"href":"https:\/\/www.moskito.cz\/de\/wp-json\/wp\/v2\/product"}],"about":[{"href":"https:\/\/www.moskito.cz\/de\/wp-json\/wp\/v2\/types\/product"}],"replies":[{"embeddable":true,"href":"https:\/\/www.moskito.cz\/de\/wp-json\/wp\/v2\/comments?post=342823"}],"wp:featuredmedia":[{"embeddable":true,"href":"https:\/\/www.moskito.cz\/de\/wp-json\/wp\/v2\/media\/342770"}],"wp:attachment":[{"href":"https:\/\/www.moskito.cz\/de\/wp-json\/wp\/v2\/media?parent=342823"}],"wp:term":[{"taxonomy":"pwb-brand","embeddable":true,"href":"https:\/\/www.moskito.cz\/de\/wp-json\/wp\/v2\/pwb-brand?post=342823"},{"taxonomy":"product_brand","embeddable":true,"href":"https:\/\/www.moskito.cz\/de\/wp-json\/wp\/v2\/product_brand?post=342823"},{"taxonomy":"product_cat","embeddable":true,"href":"https:\/\/www.moskito.cz\/de\/wp-json\/wp\/v2\/product_cat?post=342823"},{"taxonomy":"product_tag","embeddable":true,"href":"https:\/\/www.moskito.cz\/de\/wp-json\/wp\/v2\/product_tag?post=342823"}],"curies":[{"name":"wp","href":"https:\/\/api.w.org\/{rel}","templated":true}]}}