{"id":342936,"date":"2024-05-28T20:26:59","date_gmt":"2024-05-28T19:43:50","guid":{"rendered":"https:\/\/www.moskito.cz\/produkt\/verschlussmesser-sog-adventurer-lb-2\/"},"modified":"2025-05-07T11:16:18","modified_gmt":"2025-05-07T10:16:18","slug":"verschlussmesser-sog-adventurer-lb-2","status":"publish","type":"product","link":"https:\/\/www.moskito.cz\/de\/produkt\/verschlussmesser-sog-adventurer-lb-2\/","title":{"rendered":"Verschlussmesser SOG ADVENTURER LB"},"content":{"rendered":"<p>Verschlussmesser <strong>SOG<\/strong> ADVENTURER LB.<\/p>\n<p>Wahrscheinlich trug Ihr Vater oder Gro\u00dfvater ein Klappmesser mit Schloss. Dieser klassische und einfache Mechanismus ist f\u00fcr seine Leichtigkeit, Zuverl\u00e4ssigkeit und Langlebigkeit bekannt. Dank des robusten Schlosses, das ein versehentliches Schlie\u00dfen und unerwartetes \u00d6ffnen in der Tasche verhindert, ist die Verwendung au\u00dferdem sicher. Unser aktualisiertes Design verf\u00fcgt \u00fcber eine 5CR15MOV CRYO-geh\u00e4rtete Klinge mit TiNi-Finish, die die Eigenschaften von rostfreiem Stahl aufweist, um Korrosion und Anlaufen zu widerstehen, sowie mittlere Z\u00e4higkeit f\u00fcr gute Schnitthaltigkeit und einfaches Sch\u00e4rfen. Der Griff aus glasfaserverst\u00e4rktem Nylon ist f\u00fcr einen sicheren Halt strukturiert und gleichzeitig leicht und stabil. Der vielseitige Taschenclip f\u00fcr tiefes Tragen verf\u00fcgt \u00fcber ein doppelseitiges Design.<\/p>\n<p>Das ist nicht das Klappmesser Ihres Gro\u00dfvaters. Es verf\u00fcgt \u00fcber eine scharfe Klinge aus CRYO-geh\u00e4rtetem 5CR15MOV-Stahl, die Korrosion und Flecken widersteht. Der langlebige und stark strukturierte Griff aus glasfaserverst\u00e4rktem Nylon sorgt f\u00fcr festen Halt bei nassen und trockenen Bedingungen. Mit dem doppelseitigen Taschenclip k\u00f6nnen Sie es nach Belieben tragen.<\/p>\n<p>CRYO 5CR15MOV-STAHL<br \/>\nWir finden, dass der CRYO 5CR15MOV Steel ein tolles Preis-Leistungs-Verh\u00e4ltnis bietet. Es verf\u00fcgt \u00fcber die Eigenschaften, die Sie von Edelstahl erwarten, einschlie\u00dflich Korrosionsbest\u00e4ndigkeit und Fleckenbest\u00e4ndigkeit. Die CRYO-H\u00e4rtung sorgt daf\u00fcr, dass die Schneide scharf bleibt, und seine geringe Z\u00e4higkeit ist ideal f\u00fcr Benutzer, die gerne ihre eigenen Messer sch\u00e4rfen.<\/p>\n<p>GRIFF GRN<br \/>\nDie Griffe aus glasfaserverst\u00e4rktem Nylon eignen sich ideal f\u00fcr den Einsatz im Freien, da sie durch ihre Leichtigkeit leicht zu packen sind. In die Nylonmatrix integrierte Glasfasern erh\u00f6hen die Festigkeit und Haltbarkeit des Griffs bei anspruchsvollem Outdoor-Einsatz deutlich. GRN-Griffe sind von Natur aus feuchtigkeitsbest\u00e4ndig und eignen sich daher auch ideal f\u00fcr den Einsatz im Freien.<br \/>\nDer Schlie\u00dfmechanismus eignet sich aufgrund seines leichten und schlichten Designs hervorragend f\u00fcr den Einsatz im Au\u00dfenbereich. Durch seine Einfachheit kann nicht viel schief gehen. Aber lassen Sie sich nicht vom schlichten Design t\u00e4uschen, denn dieses Design ist f\u00fcr ein solides und sicheres Schloss bekannt. Etwas, auf das Sie sich verlassen k\u00f6nnen, wenn Sie im Wald unterwegs sind.<\/p>\n<p>GESAMTL\u00c4NGE: 19 cm<br \/>\nKLINGENL\u00c4NGE: 7,5 cm<br \/>\nG\u00dcRTELCLIP-TYP: Reversible Low-Carry<br \/>\nFINISH: Titannitrid<br \/>\nKANTENTYP: Gerade<br \/>\nKLINGENSTAHLTYP: CRYO 5CR15MOV<br \/>\nKLINGENFORM: Drop Point<br \/>\nGRIFFMATERIAL: GRN<br \/>\nGRIFFFARBE: Orange<\/p>\n<p>&nbsp;<\/p>\n<p><iframe title=\"Adventurer LB\" width=\"800\" height=\"450\" src=\"https:\/\/www.youtube.com\/embed\/plY3yDDxUQI?feature=oembed\" frameborder=\"0\" allow=\"accelerometer; autoplay; clipboard-write; encrypted-media; gyroscope; picture-in-picture; web-share\" referrerpolicy=\"strict-origin-when-cross-origin\" allowfullscreen><\/iframe><\/p>\n","protected":false},"excerpt":{"rendered":"<p><strong>Messerliebhaber bewundern seit langem das schlanke und schlichte Design mit einem Schloss, das alle richtigen Vorteile f\u00fcr den Einsatz im Freien bietet: leicht, sicher und langlebig.<\/strong><\/p>\n","protected":false},"featured_media":342835,"comment_status":"open","ping_status":"closed","template":"","meta":[],"pwb-brand":[3605],"product_brand":[],"product_cat":[3285,3303],"product_tag":[3669],"class_list":{"0":"post-342936","1":"product","2":"type-product","3":"status-publish","4":"has-post-thumbnail","6":"pwb-brand-wie-g","7":"product_cat-messer","8":"product_cat-schliesmesser","9":"product_tag-b2b-de","11":"first","12":"instock","13":"taxable","14":"shipping-taxable","15":"purchasable","16":"product-type-simple"},"brands":[{"id":3605,"name":"WIE G","slug":"wie-g"}],"_links":{"self":[{"href":"https:\/\/www.moskito.cz\/de\/wp-json\/wp\/v2\/product\/342936","targetHints":{"allow":["GET"]}}],"collection":[{"href":"https:\/\/www.moskito.cz\/de\/wp-json\/wp\/v2\/product"}],"about":[{"href":"https:\/\/www.moskito.cz\/de\/wp-json\/wp\/v2\/types\/product"}],"replies":[{"embeddable":true,"href":"https:\/\/www.moskito.cz\/de\/wp-json\/wp\/v2\/comments?post=342936"}],"wp:featuredmedia":[{"embeddable":true,"href":"https:\/\/www.moskito.cz\/de\/wp-json\/wp\/v2\/media\/342835"}],"wp:attachment":[{"href":"https:\/\/www.moskito.cz\/de\/wp-json\/wp\/v2\/media?parent=342936"}],"wp:term":[{"taxonomy":"pwb-brand","embeddable":true,"href":"https:\/\/www.moskito.cz\/de\/wp-json\/wp\/v2\/pwb-brand?post=342936"},{"taxonomy":"product_brand","embeddable":true,"href":"https:\/\/www.moskito.cz\/de\/wp-json\/wp\/v2\/product_brand?post=342936"},{"taxonomy":"product_cat","embeddable":true,"href":"https:\/\/www.moskito.cz\/de\/wp-json\/wp\/v2\/product_cat?post=342936"},{"taxonomy":"product_tag","embeddable":true,"href":"https:\/\/www.moskito.cz\/de\/wp-json\/wp\/v2\/product_tag?post=342936"}],"curies":[{"name":"wp","href":"https:\/\/api.w.org\/{rel}","templated":true}]}}