{"id":343223,"date":"2024-05-29T16:43:37","date_gmt":"2024-05-29T15:44:44","guid":{"rendered":"https:\/\/www.moskito.cz\/produkt\/feststehendes-messer-microtech-signature-series-borka-sbk-200-1dlccfs\/"},"modified":"2025-05-07T11:16:25","modified_gmt":"2025-05-07T10:16:25","slug":"feststehendes-messer-microtech-signature-series-borka-sbk-200-1dlccfs","status":"publish","type":"product","link":"https:\/\/www.moskito.cz\/de\/produkt\/feststehendes-messer-microtech-signature-series-borka-sbk-200-1dlccfs\/","title":{"rendered":"Feststehendes Messer Microtech Signature Series Borka SBK 200-1DLCCFS"},"content":{"rendered":"<p>Feststehendes Messer <strong>Microtech<\/strong> Signature Series Borka SBK 200-1DLCCFS.<\/p>\n<p>Microtech Borka SBK Carbongriff mit fester Klinge DLC Standardklinge Signature Series 200-1DLCCFS<\/p>\n<p>Sebastijan Berenji (Borka Blades) und Anthony Marfione (Microtech Knives) haben sich zusammengetan, um den SBK in Produktion zu bringen. Inspiriert von japanischen und persischen Kampfmessern wurde diese solide Klinge speziell mit viel Liebe zum Detail gefertigt. Der SBK ist etwas gr\u00f6\u00dfer als seine eigene Kollaboration und bietet mehrere Upgrades, was ihn zu einem idealen Verteidigungsst\u00fcck macht. Die d\u00fcnne Klinge verf\u00fcgt \u00fcber eine extrem erhabene Spitze. Das symmetrische Design von Griff, Schutz und abgerundeter R\u00fcckseite sorgt f\u00fcr einen ergonomischen Griff, der unabh\u00e4ngig von der Handhaltung bequem und sicher ist.<\/p>\n<p>Dieses Modell der Signature-Serie verf\u00fcgt \u00fcber Griffschalen aus Kohlefaser. Schwarze M390-Edelstahlklinge mit DLC-Endspitze. Hardware in Bronze ausgef\u00fchrt. Enth\u00e4lt ein Kydex-Holster aus Kohlefaser mit angebrachtem Tragesystem. Die Klinge ist auf der Vorderseite mit Seriennummer, Herstellungsdatum und Seriensignaturlogo sowie auf der R\u00fcckseite mit einem Borka-Logo versehen.<\/p>\n<p>Gesamtl\u00e4nge: 24,4 cm<br \/>\nKlingenl\u00e4nge: 12,7 cm<br \/>\nKlingenst\u00e4rke: 0,5 cm<br \/>\nKlingenfinish: Schwarz DLC<br \/>\nKlingenstil: Trailing Point<br \/>\nRandstil: einfarbig<br \/>\nGriffmaterial: Kohlefaser<br \/>\nGewicht: 7 oz (198,45 g)<br \/>\nHersteller Ref. #: 200-1DLCCFS<br \/>\nHerkunftsland: USA<\/p>\n<p><iframe title=\"Microtech Combat Troodon Torture Test\" width=\"800\" height=\"450\" src=\"https:\/\/www.youtube.com\/embed\/xE9TeOFYEjg?feature=oembed\" frameborder=\"0\" allow=\"accelerometer; autoplay; clipboard-write; encrypted-media; gyroscope; picture-in-picture; web-share\" referrerpolicy=\"strict-origin-when-cross-origin\" allowfullscreen><\/iframe><\/p>\n<p>&nbsp;<\/p>\n<p>&nbsp;<\/p>\n<p>&nbsp;<\/p>\n","protected":false},"excerpt":{"rendered":"<div class=\"elementor-element elementor-element-bbb542b elementor-widget elementor-widget-woocommerce-product-short-description\" data-id=\"bbb542b\" data-element_type=\"widget\" data-widget_type=\"woocommerce-product-short-description.default\">\n<div class=\"elementor-widget-container\">\n<div class=\"woocommerce-product-details__short-description\">\n<div class=\"elementor-element elementor-element-bbb542b elementor-widget elementor-widget-woocommerce-product-short-description\" data-id=\"bbb542b\" data-element_type=\"widget\" data-widget_type=\"woocommerce-product-short-description.default\">\n<div class=\"elementor-widget-container\">\n<div class=\"woocommerce-product-details__short-description\">\n<div class=\"elementor-element elementor-element-bbb542b elementor-widget elementor-widget-woocommerce-product-short-description\" data-id=\"bbb542b\" data-element_type=\"widget\" data-widget_type=\"woocommerce-product-short-description.default\">\n<div class=\"elementor-widget-container\">\n<div class=\"woocommerce-product-details__short-description\">\n<p><strong>Im Laufe der Jahre hat Microtech\u00ae Knives Messer mit Leidenschaft und K\u00f6nnen gef\u00fcllt, um nahezu Kunstwerke zu schaffen, die den Gipfel der Funktionalit\u00e4t darstellen. Alle Teile werden in den USA hergestellt.<\/strong><br \/>\n<strong>F\u00fcr alle Microtech-Messer gilt eine lebenslange Garantie.<\/strong><\/p>\n<p><strong>Kostenloser Transport.<\/strong><\/p>\n<\/div>\n<\/div>\n<\/div>\n<\/div>\n<\/div>\n<\/div>\n<\/div>\n<\/div>\n<\/div>\n","protected":false},"featured_media":343192,"comment_status":"open","ping_status":"closed","template":"","meta":[],"pwb-brand":[3278],"product_brand":[],"product_cat":[3285,3287],"product_tag":[],"class_list":{"0":"post-343223","1":"product","2":"type-product","3":"status-publish","4":"has-post-thumbnail","6":"pwb-brand-microtech-de","7":"product_cat-messer","8":"product_cat-solide-messer","10":"first","11":"outofstock","12":"taxable","13":"shipping-taxable","14":"purchasable","15":"product-type-simple"},"brands":[{"id":3278,"name":"Microtech","slug":"microtech-de"}],"_links":{"self":[{"href":"https:\/\/www.moskito.cz\/de\/wp-json\/wp\/v2\/product\/343223","targetHints":{"allow":["GET"]}}],"collection":[{"href":"https:\/\/www.moskito.cz\/de\/wp-json\/wp\/v2\/product"}],"about":[{"href":"https:\/\/www.moskito.cz\/de\/wp-json\/wp\/v2\/types\/product"}],"replies":[{"embeddable":true,"href":"https:\/\/www.moskito.cz\/de\/wp-json\/wp\/v2\/comments?post=343223"}],"wp:featuredmedia":[{"embeddable":true,"href":"https:\/\/www.moskito.cz\/de\/wp-json\/wp\/v2\/media\/343192"}],"wp:attachment":[{"href":"https:\/\/www.moskito.cz\/de\/wp-json\/wp\/v2\/media?parent=343223"}],"wp:term":[{"taxonomy":"pwb-brand","embeddable":true,"href":"https:\/\/www.moskito.cz\/de\/wp-json\/wp\/v2\/pwb-brand?post=343223"},{"taxonomy":"product_brand","embeddable":true,"href":"https:\/\/www.moskito.cz\/de\/wp-json\/wp\/v2\/product_brand?post=343223"},{"taxonomy":"product_cat","embeddable":true,"href":"https:\/\/www.moskito.cz\/de\/wp-json\/wp\/v2\/product_cat?post=343223"},{"taxonomy":"product_tag","embeddable":true,"href":"https:\/\/www.moskito.cz\/de\/wp-json\/wp\/v2\/product_tag?post=343223"}],"curies":[{"name":"wp","href":"https:\/\/api.w.org\/{rel}","templated":true}]}}