{"id":343372,"date":"2022-04-10T19:48:18","date_gmt":"2024-06-03T07:47:39","guid":{"rendered":"https:\/\/www.moskito.cz\/produkt\/solides-messer-boeker-magnum-lil-friend-micro-02sc743\/"},"modified":"2025-05-07T11:16:32","modified_gmt":"2025-05-07T10:16:32","slug":"solides-messer-boeker-magnum-lil-friend-micro-02sc743","status":"publish","type":"product","link":"https:\/\/www.moskito.cz\/de\/produkt\/solides-messer-boeker-magnum-lil-friend-micro-02sc743\/","title":{"rendered":"Solides Messer B\u00f6ker Magnum Li&#8217;l Friend Micro 02SC743"},"content":{"rendered":"<p>Solides Messer B\u00f6ker Magnum Li&#8217;l Friend Micro 02SC743.<\/p>\n<p>Magnum Li&#8217;l Friend ist ein leichtes, scharfes und \u00e4u\u00dferst vielseitiges Neck Knife. Die scharfe 440A-Klinge \u00f6ffnet problemlos Pakete, schneidet Paketband durch und schneidet Stoffband. Die Vielseitigkeit des Messers bezieht sich jedoch nicht nur auf die Funktion, sondern auch auf die Tragem\u00f6glichkeiten. Li&#8217;l Friend kann in Ihrer Tasche, mit einer Kugelkette um den Hals, an Ihrer Ausr\u00fcstung oder sogar am G\u00fcrtel getragen werden. Ein kleines, fast winziges Messer, das nicht untersch\u00e4tzt werden sollte. Die Drop-Point-Klinge ist harmonisch mit dem sandfarbenen G10-Griff kombiniert. Mit Kydexscheide, Kugelkette und Fangriemen\u00f6se.<\/p>\n<p>Artikeltyp: Feststehendes Messer<br \/>\nGesamtl\u00e4nge: 8,50 cm<br \/>\nKlingenl\u00e4nge: 3,50 cm<br \/>\nKlingenst\u00e4rke: 2,70 mm<br \/>\nGewicht: 38,00 g<br \/>\nKlingenmaterial: 440A<br \/>\nGriffmaterial: G10<br \/>\nSchnalle: Fest<br \/>\nFarbe braun<br \/>\nKlingenfarbe: Grau<br \/>\nMantelmaterial: Kydex<br \/>\nArtikelnummer: 02SC743<\/p>\n<p>Das Magnum Li&#8217;l Friend ist ein leichtes, scharfes und \u00e4u\u00dferst vielseitiges Halsmesser. Die scharfe 440A-Klinge \u00f6ffnet Pakete, schneidet Paketband und schneidet Stoffband mit Leichtigkeit. . Die Vielseitigkeit des Messers bezieht sich nicht nur auf seine Funktion, sondern auch auf die vielf\u00e4ltigen Tragem\u00f6glichkeiten. Der Li&#8217;l Friend kann in der Tasche, mit der Kugelkette um den Hals, an der Ausr\u00fcstung oder sogar am G\u00fcrtel getragen werden. Ein kleines, fast winziges Messer, das nicht zu untersch\u00e4tzen ist. Es kombiniert harmonisch eine Drop-Point-Klinge mit einem sandfarbenen G10-Griff.<\/p>\n<p>Typ:<br \/>\nFeste Klinge<br \/>\nGesamtl\u00e4nge:<br \/>\n8,50 cm<br \/>\nKlingenl\u00e4nge:<br \/>\n3,50 cm<br \/>\nKlingendicke:<br \/>\n2,70 mm<br \/>\nGewicht:<br \/>\n38,00 g<br \/>\nKlingenmaterial:<br \/>\n440A<br \/>\nGriffmaterial:<br \/>\nG10<br \/>\nSchloss Typ:<br \/>\nFest<br \/>\nHergestellt in:<br \/>\nAsien<br \/>\nFarbe:<br \/>\nBraun<br \/>\nKlingenfarbe:<br \/>\nGrau<br \/>\nMantelmaterial:<br \/>\nKydex<br \/>\nArtikelnummer:<br \/>\n02SC743<\/p>\n<p>&nbsp;<\/p>\n","protected":false},"excerpt":{"rendered":"<p>Im Laufe der Zeit hat sich die Messerfabrik <strong>B\u00f6ker<\/strong> zum weltweiten Innovationsf\u00fchrer und zum gr\u00f6\u00dften Hersteller von Sportmessern, Einsatzmessern und Sammlermessern in Europa entwickelt.<\/p>\n","protected":false},"featured_media":343375,"comment_status":"open","ping_status":"closed","template":"","meta":[],"pwb-brand":[3422],"product_brand":[],"product_cat":[3285,3287],"product_tag":[3669],"class_list":{"0":"post-343372","1":"product","2":"type-product","3":"status-publish","4":"has-post-thumbnail","6":"pwb-brand-boker-de","7":"product_cat-messer","8":"product_cat-solide-messer","9":"product_tag-b2b-de","11":"first","12":"outofstock","13":"taxable","14":"shipping-taxable","15":"purchasable","16":"product-type-simple"},"brands":[{"id":3422,"name":"B\u00f6ker","slug":"boker-de"}],"_links":{"self":[{"href":"https:\/\/www.moskito.cz\/de\/wp-json\/wp\/v2\/product\/343372","targetHints":{"allow":["GET"]}}],"collection":[{"href":"https:\/\/www.moskito.cz\/de\/wp-json\/wp\/v2\/product"}],"about":[{"href":"https:\/\/www.moskito.cz\/de\/wp-json\/wp\/v2\/types\/product"}],"replies":[{"embeddable":true,"href":"https:\/\/www.moskito.cz\/de\/wp-json\/wp\/v2\/comments?post=343372"}],"wp:featuredmedia":[{"embeddable":true,"href":"https:\/\/www.moskito.cz\/de\/wp-json\/wp\/v2\/media\/343375"}],"wp:attachment":[{"href":"https:\/\/www.moskito.cz\/de\/wp-json\/wp\/v2\/media?parent=343372"}],"wp:term":[{"taxonomy":"pwb-brand","embeddable":true,"href":"https:\/\/www.moskito.cz\/de\/wp-json\/wp\/v2\/pwb-brand?post=343372"},{"taxonomy":"product_brand","embeddable":true,"href":"https:\/\/www.moskito.cz\/de\/wp-json\/wp\/v2\/product_brand?post=343372"},{"taxonomy":"product_cat","embeddable":true,"href":"https:\/\/www.moskito.cz\/de\/wp-json\/wp\/v2\/product_cat?post=343372"},{"taxonomy":"product_tag","embeddable":true,"href":"https:\/\/www.moskito.cz\/de\/wp-json\/wp\/v2\/product_tag?post=343372"}],"curies":[{"name":"wp","href":"https:\/\/api.w.org\/{rel}","templated":true}]}}