{"id":343404,"date":"2023-06-27T21:07:08","date_gmt":"2023-06-27T20:07:08","guid":{"rendered":"https:\/\/www.moskito.cz\/produkt\/spyderco-para-3-paramilitaer-3-c223gpcmobk-klappmesser\/"},"modified":"2025-05-07T11:16:33","modified_gmt":"2025-05-07T10:16:33","slug":"spyderco-para-3-paramilitaer-3-c223gpcmobk-klappmesser","status":"publish","type":"product","link":"https:\/\/www.moskito.cz\/de\/produkt\/spyderco-para-3-paramilitaer-3-c223gpcmobk-klappmesser\/","title":{"rendered":"Spyderco Para 3 (Paramilit\u00e4r 3) C223GPCMOBK Klappmesser"},"content":{"rendered":"<p><strong>Spyderco<\/strong> Para 3 (Paramilit\u00e4r 3) C223GPCMOBK Klappmesser<\/p>\n<p>Das Para 3 ist eines der am meisten erwarteten Produkte in der Geschichte von Spyderco und die neueste Generation der \u00e4u\u00dferst beliebten paramilit\u00e4rischen Klappmesserfamilie. Seine Geschichte reicht zur\u00fcck bis zur ersten Generation des Paramilit\u00e4rmodells, das 2004 eingef\u00fchrt wurde, und noch weiter bis zur Inspiration dieses Messers: dem ikonischen Milit\u00e4rmodell.<\/p>\n<p>Die urspr\u00fcngliche Entwicklungsabsicht des Paramilit\u00e4rs bestand darin, die gleiche bew\u00e4hrte Zuverl\u00e4ssigkeit und Schneidleistung wie das Milit\u00e4r zu bieten, jedoch in einem kompakteren und leichter tragbaren Paket. Das Design zeigte auch Spydercos patentierten Kompressionsverschluss \u2013 einen hochfesten Verriegelungsmechanismus auf der R\u00fcckseite des Griffs, der eine Reihe bedeutender Vorteile gegen\u00fcber dem Linienverschluss des Milit\u00e4rs bot.<\/p>\n<p>Im Einklang mit Spydercos starkem Engagement f\u00fcr kontinuierliche Qualit\u00e4tsverbesserung (Continuous Quality Improvement, CQI) wurde der Paramilitary im Jahr 2010 neu gestaltet, um den Paramilitary 2 bereitzustellen. Dieses Design der zweiten Generation umfasste eine verbesserte Verriegelung, eine verbesserte Ergonomie, einen versenkten Griff und Drehschrauben sowie einen Clip mit vier Positionen, um alle m\u00f6glichen Tragekonfigurationen zu unterst\u00fctzen. Diese Verbesserungen machten das \u201ePara 2\u201c schnell zu einem der beliebtesten und gefragtesten Modelle von Spyderco und f\u00fcr viele Endverbraucher zum \u201eperfekten\u201c Klappmesser. Obwohl es deutlich kleiner als das Milit\u00e4rmodell war, von dem es inspiriert wurde, war es f\u00fcr einige Kunden immer noch gr\u00f6\u00dfer, als sie bequem oder legal tragen konnten. Basierend auf diesem Feedback ging Spyderco noch einmal ans Zeichenbrett, um alle Funktionen, Vorteile und Leistung des Paramilitary 2 in einem \u201esubkompakten\u201c Paket zusammenzufassen, das um eine 3-Zoll-Klinge herum aufgebaut ist. Das Ergebnis ist Absatz 3.<\/p>\n<p>Obwohl es eindeutig auf dem Paramilitary 2 basiert, wurde das Para 3 nicht \u201eParamilitary 3\u201c genannt, da es sich aufgrund seiner geringeren Gr\u00f6\u00dfe um ein anderes Messerdesign handelt. Ebenso spiegelt die \u201e3\u201c in seinem Namen tats\u00e4chlich die Klingenl\u00e4nge von drei Zoll wider und weist nicht darauf hin, dass es sich um ein paramilit\u00e4risches Design der dritten Generation handelt. W\u00e4hrend sein Stammbaum unverkennbar ist, hat der Para 3 (sowie sein Modell und seine SKU-Nummer) seine eigene eindeutige \u201eIdentit\u00e4t\u201c als Spyderco-Produkt.<\/p>\n<p>Infolgedessen beh\u00e4lt der Para 3 alle charakteristischen Merkmale des Bestsellers Paramilitary 2 bei, jedoch in einem kleineren und noch flexibleren Paket. Seine 3-Zoll-Klinge ist pr\u00e4zisionsgefertigt aus hochwertigem CPM-S45VN-Edelstahl und verf\u00fcgt \u00fcber einen v\u00f6llig flachen Boden f\u00fcr eine hervorragende Klingengeometrie und eine reibungsarme Schneidleistung. Die charakteristische \u00fcbergro\u00dfe runde \u00d6ffnung verk\u00fcndet stolz die Herkunft des Messers und ist von beiden Seiten leicht zug\u00e4nglich, sodass ein schnelles, einh\u00e4ndiges und beidh\u00e4ndiges \u00d6ffnen m\u00f6glich ist.<\/p>\n<p>Der leichte, offene Griffr\u00fccken ist auf einem Rahmen aus massiven Edelstahleinlagen aufgebaut, die in strukturierte G10-Schalen eingelassen sind. Dieser raffinierte Designstil maximiert die strukturelle Festigkeit und Ergonomie, w\u00e4hrend der Griff schlank und taschenfreundlich bleibt. Es ist auch die Grundlage f\u00fcr den patentierten Kompressionsverschlussmechanismus des Messers, der eine au\u00dfergew\u00f6hnliche Verriegelungsst\u00e4rke bietet und dennoch ein einfaches Schlie\u00dfen mit einer Hand erm\u00f6glicht, ohne dass Ihre Finger in den Weg der Klinge gelangen m\u00fcssen. Ein schlanker Sanduhr-Verschluss mit vier Positionen und eine gro\u00dfz\u00fcgige Fangriemen\u00f6se runden das Design ab und bieten eine Auswahl an links- oder rechtsseitig abklappbaren Optionen f\u00fcr die einfache Befestigung eines Tragebands oder Anh\u00e4ngers.<\/p>\n<p>Das Para 3 ist ein bemerkenswert raffiniertes Klappmesser mit einer bemerkenswerten Geschichte. Es ist auch ein leuchtendes Beispiel f\u00fcr unser unerm\u00fcdliches Streben nach Exzellenz und unser tiefes Engagement, die Bed\u00fcrfnisse unserer Kunden zu erf\u00fcllen.<\/p>\n<p>Spezifikationen<br \/>\nKlingenl\u00e4nge: 7,5 cm<br \/>\nL\u00e4nge geschlossen: 10,67 cm<br \/>\nGesamtl\u00e4nge: 18,17 cm<br \/>\nKlingenmaterial: CPM-S45VN Edelstahl<br \/>\nKlingenstil: Clip Point<br \/>\nKlingenschliff: V\u00f6llig flach<br \/>\nKlingenfinish: Schwarz DLC<br \/>\nKlingenkante: Glatt<br \/>\nGriffmaterial: G10<br \/>\nGrifffarbe: Digital Camo<br \/>\nVerriegelungsmechanismus: Kompression<br \/>\nTaschenclip: Nach oben\/unten klappen, links\/rechts tragen<br \/>\nModellnummer: C223GPCMOBK<br \/>\nModellname: Para 3<br \/>\nGewicht: 3,4 Unzen.<br \/>\nHergestellt in den USA<\/p>\n","protected":false},"excerpt":{"rendered":"<p><strong>Das Para 3 ist eines der am meisten erwarteten Produkte in der Geschichte von Spyderco und die neueste Generation der \u00e4u\u00dferst beliebten paramilit\u00e4rischen Klappmesserfamilie.<\/strong><\/p>\n","protected":false},"featured_media":343405,"comment_status":"open","ping_status":"closed","template":"","meta":[],"pwb-brand":[3427],"product_brand":[],"product_cat":[3303,3285],"product_tag":[3669],"class_list":{"0":"post-343404","1":"product","2":"type-product","3":"status-publish","4":"has-post-thumbnail","6":"pwb-brand-spyderco-de","7":"product_cat-schliesmesser","8":"product_cat-messer","9":"product_tag-b2b-de","11":"first","12":"instock","13":"taxable","14":"shipping-taxable","15":"purchasable","16":"product-type-simple"},"brands":[{"id":3427,"name":"Spyderco","slug":"spyderco-de"}],"_links":{"self":[{"href":"https:\/\/www.moskito.cz\/de\/wp-json\/wp\/v2\/product\/343404","targetHints":{"allow":["GET"]}}],"collection":[{"href":"https:\/\/www.moskito.cz\/de\/wp-json\/wp\/v2\/product"}],"about":[{"href":"https:\/\/www.moskito.cz\/de\/wp-json\/wp\/v2\/types\/product"}],"replies":[{"embeddable":true,"href":"https:\/\/www.moskito.cz\/de\/wp-json\/wp\/v2\/comments?post=343404"}],"wp:featuredmedia":[{"embeddable":true,"href":"https:\/\/www.moskito.cz\/de\/wp-json\/wp\/v2\/media\/343405"}],"wp:attachment":[{"href":"https:\/\/www.moskito.cz\/de\/wp-json\/wp\/v2\/media?parent=343404"}],"wp:term":[{"taxonomy":"pwb-brand","embeddable":true,"href":"https:\/\/www.moskito.cz\/de\/wp-json\/wp\/v2\/pwb-brand?post=343404"},{"taxonomy":"product_brand","embeddable":true,"href":"https:\/\/www.moskito.cz\/de\/wp-json\/wp\/v2\/product_brand?post=343404"},{"taxonomy":"product_cat","embeddable":true,"href":"https:\/\/www.moskito.cz\/de\/wp-json\/wp\/v2\/product_cat?post=343404"},{"taxonomy":"product_tag","embeddable":true,"href":"https:\/\/www.moskito.cz\/de\/wp-json\/wp\/v2\/product_tag?post=343404"}],"curies":[{"name":"wp","href":"https:\/\/api.w.org\/{rel}","templated":true}]}}