{"id":343473,"date":"2022-11-24T20:43:41","date_gmt":"2024-06-11T07:54:16","guid":{"rendered":"https:\/\/www.moskito.cz\/produkt\/schiessmesser-sog-tac-au-compact-straight-edge\/"},"modified":"2025-05-07T11:16:35","modified_gmt":"2025-05-07T10:16:35","slug":"schiessmesser-sog-tac-au-compact-straight-edge","status":"publish","type":"product","link":"https:\/\/www.moskito.cz\/de\/produkt\/schiessmesser-sog-tac-au-compact-straight-edge\/","title":{"rendered":"Schie\u00dfmesser SOG TAC AU COMPACT STRAIGHT EDGE"},"content":{"rendered":"<p>Schie\u00dfmesser S <strong>OG<\/strong> TAC AU COMPACT STRAIGHT EDGE.<\/p>\n<p>Mit einem strukturierten Aluminiumgriff und einer CRYO D2-Klinge ist das SOG-TAC AU ein schnell \u00f6ffnendes Klappmesser, das mit beiden H\u00e4nden in Aktion tritt und dank der fortschrittlichen AU-XR-Verriegelung von SOG mit au\u00dfergew\u00f6hnlicher Verriegelungskraft ge\u00f6ffnet bleibt. Es handelt sich um eine in den USA hergestellte Schie\u00dfklinge, ein robustes Ersatzwerkzeug f\u00fcr das Milit\u00e4r, Ersthelfer und Benutzer von Verteidigungswaffen, die die zuverl\u00e4ssige Double-Action-Sicherheit zu sch\u00e4tzen wissen. Alle SOG-TAC AUs anzeigen.<\/p>\n<p>Von der Sicherheit auf einen Schlag<br \/>\nDank der innovativen Klingenverriegelung mit SOG Double-Action Safety k\u00f6nnen Sie mit nur einem Zug vom sicheren in den offenen Zustand wechseln.<\/p>\n<p>KOMPAKTES DESIGN<br \/>\nGemacht f\u00fcr diejenigen, die eine geringere Sicht ben\u00f6tigen oder einfach ein kompakteres Werkzeug ben\u00f6tigen, erm\u00f6glichen die kleineren Abmessungen und das geringere Gewicht ein diskreteres Tragen.<\/p>\n<p>ZUSAMMENFASSUNG DER EIGENSCHAFTEN<br \/>\nSOG-TAC AU ist eine v\u00f6llig moderne L\u00f6sung f\u00fcr das harte Automatikmesser. Es verf\u00fcgt \u00fcber einen starken SOG AU-XR-Verriegelungsmechanismus, CRYO D2-Stahl und schnelles \u00d6ffnen.<\/p>\n<p>CRYO D2-STAHL<br \/>\nEin vielseitiger Werkzeugstahl mit hohem Kohlenstoffgehalt, der gem\u00e4\u00df den einzigartigen Leistungsspezifikationen von SOG kryogen w\u00e4rmebehandelt wird. D2 bietet die ideale Kombination aus Schnitthaltigkeit und Haltbarkeit f\u00fcr den langfristigen Einsatz bei einfacher Wartung.<\/p>\n<p>MIKROTEXTURIERTE GRIFFE<br \/>\nDer SOG-TAC AU-Aluminiumgriff verf\u00fcgt \u00fcber eine maschinell bearbeitete, mikrostrukturierte Oberfl\u00e4che, die an den richtigen Stellen das richtige Ma\u00df an Halt bietet, ohne Ihre Hand oder Tasche zu belasten.<\/p>\n<p>DOPPELTWIRKENDE SICHERHEIT<br \/>\nDie in eine einzige Schnittstelle integrierte doppelt wirkende Sicherheit verhindert ein versehentliches Ausl\u00f6sen der Klinge und sorgt gleichzeitig f\u00fcr ein sicheres und gleichm\u00e4\u00dfiges \u00d6ffnen bei Bedarf.<\/p>\n<p>PRODUKTPARAMETER KLINGENST\u00c4RKE: 2,8 mm<br \/>\nGESAMTGR\u00d6SSE: 178 mm<br \/>\nGRIFFMATERIAL: AL 6061 T6<br \/>\nGRIFFL\u00c4NGE: 103 mm<br \/>\nGEWICHT: 79 g<br \/>\nSTAHL: CRYO D2<br \/>\nFarbe: Schwarz<br \/>\nKLINGENL\u00c4NGE: 75 mm<\/p>\n<p>&nbsp;<\/p>\n<p><iframe title=\"SOG-TAC AU Automatic Folding Knife\" width=\"800\" height=\"450\" src=\"https:\/\/www.youtube.com\/embed\/QbInOoD89k0?feature=oembed\" frameborder=\"0\" allow=\"accelerometer; autoplay; clipboard-write; encrypted-media; gyroscope; picture-in-picture; web-share\" referrerpolicy=\"strict-origin-when-cross-origin\" allowfullscreen><\/iframe><\/p>\n<p>&nbsp;<\/p>\n<p>&nbsp;<\/p>\n","protected":false},"excerpt":{"rendered":"<p>Das SOG-TAC AU ist ein zuverl\u00e4ssiges Automatikmesser, das f\u00fcr den anspruchsvollen Einsatz von Personen entwickelt wurde, die schnell ein Messer ziehen m\u00fcssen.<\/p>\n","protected":false},"featured_media":343492,"comment_status":"open","ping_status":"closed","template":"","meta":[],"pwb-brand":[3605],"product_brand":[],"product_cat":[3285,3343],"product_tag":[3669],"class_list":{"0":"post-343473","1":"product","2":"type-product","3":"status-publish","4":"has-post-thumbnail","6":"pwb-brand-wie-g","7":"product_cat-messer","8":"product_cat-schiesmesser","9":"product_tag-b2b-de","11":"first","12":"instock","13":"taxable","14":"shipping-taxable","15":"purchasable","16":"product-type-simple"},"brands":[{"id":3605,"name":"WIE G","slug":"wie-g"}],"_links":{"self":[{"href":"https:\/\/www.moskito.cz\/de\/wp-json\/wp\/v2\/product\/343473","targetHints":{"allow":["GET"]}}],"collection":[{"href":"https:\/\/www.moskito.cz\/de\/wp-json\/wp\/v2\/product"}],"about":[{"href":"https:\/\/www.moskito.cz\/de\/wp-json\/wp\/v2\/types\/product"}],"replies":[{"embeddable":true,"href":"https:\/\/www.moskito.cz\/de\/wp-json\/wp\/v2\/comments?post=343473"}],"wp:featuredmedia":[{"embeddable":true,"href":"https:\/\/www.moskito.cz\/de\/wp-json\/wp\/v2\/media\/343492"}],"wp:attachment":[{"href":"https:\/\/www.moskito.cz\/de\/wp-json\/wp\/v2\/media?parent=343473"}],"wp:term":[{"taxonomy":"pwb-brand","embeddable":true,"href":"https:\/\/www.moskito.cz\/de\/wp-json\/wp\/v2\/pwb-brand?post=343473"},{"taxonomy":"product_brand","embeddable":true,"href":"https:\/\/www.moskito.cz\/de\/wp-json\/wp\/v2\/product_brand?post=343473"},{"taxonomy":"product_cat","embeddable":true,"href":"https:\/\/www.moskito.cz\/de\/wp-json\/wp\/v2\/product_cat?post=343473"},{"taxonomy":"product_tag","embeddable":true,"href":"https:\/\/www.moskito.cz\/de\/wp-json\/wp\/v2\/product_tag?post=343473"}],"curies":[{"name":"wp","href":"https:\/\/api.w.org\/{rel}","templated":true}]}}