{"id":343532,"date":"2022-04-17T21:21:54","date_gmt":"2024-06-11T14:43:09","guid":{"rendered":"https:\/\/www.moskito.cz\/produkt\/schliessmesser-cold-steel-hold-out-6-blade-plain-edge-blk-s35vn\/"},"modified":"2025-05-07T11:16:36","modified_gmt":"2025-05-07T10:16:36","slug":"schliessmesser-cold-steel-hold-out-6-blade-plain-edge-blk-s35vn","status":"publish","type":"product","link":"https:\/\/www.moskito.cz\/de\/produkt\/schliessmesser-cold-steel-hold-out-6-blade-plain-edge-blk-s35vn\/","title":{"rendered":"Schlie\u00dfmesser Cold Steel HOLD OUT 6&#8243; BLADE PLAIN EDGE BLK S35VN"},"content":{"rendered":"<p>Schlie\u00dfmesser <strong>Cold Steel<\/strong> HOLD OUT 6&#8243; BLADE PLAIN EDGE BLK S35VN<\/p>\n<p>COLD STEEL hat das bereits produzierte und sehr beliebte Klappmesser Hold Out in vier Klingendesigns wiederbelebt. Im Vergleich zur Originalversion verwendete er f\u00fcr die Messer jedoch den deutlich edleren Pulver-Edelstahl S35VN. Dieser au\u00dfergew\u00f6hnliche amerikanische Stahl ist nicht nur sehr steif und langlebig, mit ihm l\u00e4sst sich auch eine hervorragende Messersch\u00e4rfe erzielen und die Klinge weist eine lange Haltbarkeit auf. Sehr feink\u00f6rniger Pulverstahl mit gleichm\u00e4\u00dfiger Mikrostruktur bietet sehr stabile Eigenschaften. Es ist auch bei sehr feiner Klingenfacette langlebig, zuverl\u00e4ssig und sehr korrosionsbest\u00e4ndig. Es ist eine gute Wahl f\u00fcr hochwertige, ma\u00dfgeschneiderte Messer und Werkzeuge. Das CPM-Verfahren (Pseudopulvermetallurgie) garantiert ein sehr homogenes, hochwertiges Stahlgef\u00fcge, Dimensionsstabilit\u00e4t, gute Schleifbarkeit und Festigkeit im Vergleich zu St\u00e4hlen, die nach klassischen konventionellen Verfahren hergestellt werden. Trotz des geringeren Chromgehalts zeigt dieser Stahl sehr gute Ergebnisse im Bereich der Korrosionsbest\u00e4ndigkeit. Der Griff der Hold Out Messer besteht aus G-10 \u2013 Fiberglas. Die Oberfl\u00e4che des Griffs hat eine raue Struktur und ist auch bei verschwitzten oder nassen H\u00e4nden nicht rutschig. Diese Messerserie ist au\u00dferdem mit dem einzigartigen Cold Steel\u00ae Tri-Ad Lock\u2122-Patent ausgestattet. Die Sperre verhindert, dass sich das Messer auch nach nat\u00fcrlicher Abnutzung im Laufe der Zeit automatisch oder unbeabsichtigt schlie\u00dft.<\/p>\n<p>PRODUKTPARAMETER<br \/>\nGewicht: 198,5 g<br \/>\nSicherungstyp: Tri-Ad Lock<br \/>\nKlingenst\u00e4rke: 0,38 cm<br \/>\nStahl: S35VN-Stahl<br \/>\nKlingenl\u00e4nge: 15,2 cm<br \/>\nGesamtgr\u00f6\u00dfe: 33,5 cm<br \/>\nFarbe: Schwarz\/Silber<br \/>\nGriffmaterial: Langer G-10-Griff<br \/>\nGriffl\u00e4nge: 183 mm<\/p>\n<p>&nbsp;<\/p>\n<p>&nbsp;<\/p>\n","protected":false},"excerpt":{"rendered":"<p>Die gesamte Hold Out-Klappmesserlinie basiert auf dem schottischen Design des feststehenden Skean Dhu-Messers. Dies finden Sie auch im COLD STEEL-Men\u00fc. Schottische Krieger trugen das Messer meist versteckt im \u00c4rmel oder hingen um den Hals<\/p>\n","protected":false},"featured_media":343533,"comment_status":"open","ping_status":"closed","template":"","meta":[],"pwb-brand":[3602],"product_brand":[],"product_cat":[3285,3303],"product_tag":[],"class_list":{"0":"post-343532","1":"product","2":"type-product","3":"status-publish","4":"has-post-thumbnail","6":"pwb-brand-kalter-stahl","7":"product_cat-messer","8":"product_cat-schliesmesser","10":"first","11":"outofstock","12":"taxable","13":"shipping-taxable","14":"purchasable","15":"product-type-simple"},"brands":[{"id":3602,"name":"Kalter Stahl","slug":"kalter-stahl"}],"_links":{"self":[{"href":"https:\/\/www.moskito.cz\/de\/wp-json\/wp\/v2\/product\/343532","targetHints":{"allow":["GET"]}}],"collection":[{"href":"https:\/\/www.moskito.cz\/de\/wp-json\/wp\/v2\/product"}],"about":[{"href":"https:\/\/www.moskito.cz\/de\/wp-json\/wp\/v2\/types\/product"}],"replies":[{"embeddable":true,"href":"https:\/\/www.moskito.cz\/de\/wp-json\/wp\/v2\/comments?post=343532"}],"wp:featuredmedia":[{"embeddable":true,"href":"https:\/\/www.moskito.cz\/de\/wp-json\/wp\/v2\/media\/343533"}],"wp:attachment":[{"href":"https:\/\/www.moskito.cz\/de\/wp-json\/wp\/v2\/media?parent=343532"}],"wp:term":[{"taxonomy":"pwb-brand","embeddable":true,"href":"https:\/\/www.moskito.cz\/de\/wp-json\/wp\/v2\/pwb-brand?post=343532"},{"taxonomy":"product_brand","embeddable":true,"href":"https:\/\/www.moskito.cz\/de\/wp-json\/wp\/v2\/product_brand?post=343532"},{"taxonomy":"product_cat","embeddable":true,"href":"https:\/\/www.moskito.cz\/de\/wp-json\/wp\/v2\/product_cat?post=343532"},{"taxonomy":"product_tag","embeddable":true,"href":"https:\/\/www.moskito.cz\/de\/wp-json\/wp\/v2\/product_tag?post=343532"}],"curies":[{"name":"wp","href":"https:\/\/api.w.org\/{rel}","templated":true}]}}