{"id":343583,"date":"2022-11-01T17:59:02","date_gmt":"2022-11-01T16:59:02","guid":{"rendered":"https:\/\/www.moskito.cz\/?post_type=product&#038;p=343583"},"modified":"2025-05-07T11:16:40","modified_gmt":"2025-05-07T10:16:40","slug":"cold-steel-pendleton-mini-hunter-feststehendes-messer","status":"publish","type":"product","link":"https:\/\/www.moskito.cz\/de\/produkt\/cold-steel-pendleton-mini-hunter-feststehendes-messer\/","title":{"rendered":"Cold Steel Pendleton Mini Hunter Feststehendes Messer"},"content":{"rendered":"<p><strong>Cold Steel<\/strong> Pendleton Mini Hunter Feststehendes Messer.<\/p>\n<p>Das Pendleton Mini Hunter ist ein kleines Jagdmesser mit glatter Klinge. COLD STEEL produziert Pendleton Hunters auf Basis der Messer des bekannten amerikanischen Messermachers Lloyd Pendleton, der eng mit dem Unternehmen zusammenarbeitet und an der Entwicklung serienm\u00e4\u00dfig hergestellter Jagdmesser beteiligt ist. Die DropPoint-Klinge besteht aus japanischem AUS 10A-Stahl. Dieser martensitische Edelstahl verf\u00fcgt \u00fcber sehr gute Festigkeitseigenschaften und wird haupts\u00e4chlich als Werkstoff f\u00fcr Schneidwerkzeuge verwendet. Im Vergleich zu AUS 8A h\u00e4lt es die Klinge besser und ist abriebfester. Anschlie\u00dfend wurde der Stahl w\u00e4rmebehandelt, um die perfekte Balance zwischen Schnitthaltigkeit und einfachem Nachsch\u00e4rfen zu erreichen. Der perfekt geformte Griff des Messers aus Kraton-Material (Long Kray-Ex\u2122) bietet eine rutschfeste Oberfl\u00e4che. Es liegt perfekt in der Hand und erm\u00f6glicht ein sehr feinf\u00fchliges Arbeiten mit dem Messer in nassen und schlammigen Umgebungen. Bei der Verpackung handelt es sich um eine Secure-Ex-H\u00fclle, die Sie und die Klinge sch\u00fctzt. Der Mini Hunter ist ein unverzichtbares Werkzeug, das jede Jagd- oder \u00dcberlebensausr\u00fcstung perfekt erg\u00e4nzen kann und gleichzeitig so diskret aussieht, dass Sie ihn tragen k\u00f6nnen, ohne bef\u00fcrchten zu m\u00fcssen, dass er viel Aufmerksamkeit erregt. F\u00fcr dieses Messer gew\u00e4hrt der Importeur eine erweiterte Garantie von 5 Jahren.<\/p>\n<p>PRODUKTPARAMETER<br \/>\nGriffl\u00e4nge: 92 mm<br \/>\nGriffmaterial: Long Kray-Ex\u2122<br \/>\nMantelmaterial: Secure-Ex\u00ae Mantel<br \/>\nGewicht: 57 g<br \/>\nFarbe: Schwarz\/Silber<br \/>\nKlingenl\u00e4nge: 76 mm<br \/>\nGesamtgr\u00f6\u00dfe: 168 mm<br \/>\nStahl: AUS 10A<br \/>\nKlingenst\u00e4rke: 3 mm<\/p>\n<p>&nbsp;<\/p>\n","protected":false},"excerpt":{"rendered":"<p>Das Pendleton Mini Hunter ist ein robustes Messer mit glatter Schneide.<\/p>\n","protected":false},"featured_media":343587,"comment_status":"open","ping_status":"closed","template":"","meta":[],"pwb-brand":[3602],"product_brand":[],"product_cat":[3287,3285],"product_tag":[],"class_list":{"0":"post-343583","1":"product","2":"type-product","3":"status-publish","4":"has-post-thumbnail","6":"pwb-brand-kalter-stahl","7":"product_cat-solide-messer","8":"product_cat-messer","10":"first","11":"instock","12":"taxable","13":"shipping-taxable","14":"purchasable","15":"product-type-simple"},"brands":[{"id":3602,"name":"Kalter Stahl","slug":"kalter-stahl"}],"_links":{"self":[{"href":"https:\/\/www.moskito.cz\/de\/wp-json\/wp\/v2\/product\/343583","targetHints":{"allow":["GET"]}}],"collection":[{"href":"https:\/\/www.moskito.cz\/de\/wp-json\/wp\/v2\/product"}],"about":[{"href":"https:\/\/www.moskito.cz\/de\/wp-json\/wp\/v2\/types\/product"}],"replies":[{"embeddable":true,"href":"https:\/\/www.moskito.cz\/de\/wp-json\/wp\/v2\/comments?post=343583"}],"wp:featuredmedia":[{"embeddable":true,"href":"https:\/\/www.moskito.cz\/de\/wp-json\/wp\/v2\/media\/343587"}],"wp:attachment":[{"href":"https:\/\/www.moskito.cz\/de\/wp-json\/wp\/v2\/media?parent=343583"}],"wp:term":[{"taxonomy":"pwb-brand","embeddable":true,"href":"https:\/\/www.moskito.cz\/de\/wp-json\/wp\/v2\/pwb-brand?post=343583"},{"taxonomy":"product_brand","embeddable":true,"href":"https:\/\/www.moskito.cz\/de\/wp-json\/wp\/v2\/product_brand?post=343583"},{"taxonomy":"product_cat","embeddable":true,"href":"https:\/\/www.moskito.cz\/de\/wp-json\/wp\/v2\/product_cat?post=343583"},{"taxonomy":"product_tag","embeddable":true,"href":"https:\/\/www.moskito.cz\/de\/wp-json\/wp\/v2\/product_tag?post=343583"}],"curies":[{"name":"wp","href":"https:\/\/api.w.org\/{rel}","templated":true}]}}