{"id":343619,"date":"2022-04-21T21:15:37","date_gmt":"2022-04-21T20:15:37","guid":{"rendered":"https:\/\/www.moskito.cz\/produkt\/massives-messer-cold-steel-counter-tac-i\/"},"modified":"2024-06-12T10:17:32","modified_gmt":"2024-06-12T09:17:32","slug":"massives-messer-cold-steel-counter-tac-i","status":"publish","type":"product","link":"https:\/\/www.moskito.cz\/de\/produkt\/massives-messer-cold-steel-counter-tac-i\/","title":{"rendered":"Massives Messer Cold Steel COUNTER TAC I"},"content":{"rendered":"<p>Massives Messer <strong>Cold Steel<\/strong> COUNTER TAC I<\/p>\n<p>Unsere Counter Tac Schuhmesser wurden mit einer einfachen Philosophie entwickelt. Funktionalit\u00e4t. Ganz einfach: Sie arbeiten und zeichnen sich durch ihre Arbeit aus! Ihre scharfen AUS 8A-Klingen mit voller Spitze sind vakuumw\u00e4rmebehandelt und bei Temperaturen unter Null geh\u00e4rtet, um Festigkeit und Haltbarkeit zu gew\u00e4hrleisten. Das ergonomische Design des Kray-Ex\u2122-Griffs ist bequem und passt sich jedem Griff an. Die tief strukturierte Oberfl\u00e4che und der doppelte Schutz sorgen daf\u00fcr, dass Ihnen das Messer unter keinen Umst\u00e4nden aus der Hand rutscht. Schlie\u00dflich wird jeder Counter Tac mit einem hochmodernen Secure-Ex-Holster geliefert, komplett mit einem abnehmbaren Schuh-\/G\u00fcrtelclip und Befestigungsl\u00f6chern, sodass Sie ihn praktisch \u00fcberall hin mitnehmen k\u00f6nnen.<\/p>\n<p>PRODUKTPARAMETER<br \/>\nGesamtgr\u00f6\u00dfe: 241,3 mm<br \/>\nFarbe: Schwarz\/Silber<br \/>\nKlingenl\u00e4nge: 127 mm<br \/>\nGriffmaterial: Long Kray-Ex\u2122<br \/>\nGewicht: 130,4 g<br \/>\nKlingenst\u00e4rke: 5 mm<br \/>\nGriffl\u00e4nge: 114 mm<br \/>\nStahl: Japanischer AUS 8A-Edelstahl mit Stone Washed-Finish<br \/>\nMantelmaterial: Secure-Ex\u2122 Mantel<\/p>\n<p>Unsere Counter Tac Stiefelmesser wurden mit einer einfachen Philosophie im Hinterkopf entwickelt. Funktionalit\u00e4t. Ganz einfach: Sie funktionieren und zeichnen sich durch ihre Leistung aus! Ihre scharfen Vollerlklingen aus AUS 8A sind vakuumw\u00e4rmebehandelt und f\u00fcr Festigkeit und Haltbarkeit bei Minustemperaturen abgeschreckt. Das ergonomische Design des Kray-Ex\u2122-Griffs ist bequem und l\u00e4sst sich an jeden Griff anpassen. Die tief strukturierte Oberfl\u00e4che und der doppelte Schutz sorgen daf\u00fcr, dass das Messer unter keinen Umst\u00e4nden aus Ihrer Hand rutscht. Schlie\u00dflich wird jeder Counter Tac mit einer hochmodernen Secure-Ex-Scheide geliefert, die mit einem abnehmbaren Stiefel-\/G\u00fcrtelclip und Zurrgurten ausgestattet ist, sodass Sie ihn praktisch \u00fcberall hin mitnehmen k\u00f6nnen.<br \/>\nGewicht: 4,6 Unzen Klingenst\u00e4rke: 5 mm Klingenl\u00e4nge: 5 Zoll Klingenstahl: Japanischer AUS8A mit Stonewash-Finish Griffl\u00e4nge\/Material: 4-1\/2 Zoll Kray-Ex\u2122 Gesamtl\u00e4nge: 9-1\/2 Zoll Zus\u00e4tzliche Funktionen: Sicher -Ex\u2122 Scheidenmesser Typ: Fester Stahl Familie: AUS Klingenform: Speerspitze<\/p>\n","protected":false},"excerpt":{"rendered":"<div class=\"vc-commoditydetail_annotation\">\n<div class=\"annotation wysiwyg\">Feststehende Messer Counter TAC der Firma COLD STEEL sind in erster Linie zum verdeckten Tragen im Schuh gedacht. Ihre Klinge ist doppelt geschliffen und jedes Counter TAC wird mit einer Secure-Ex\u00ae-Scheide geliefert.<\/div>\n<\/div>\n<div class=\"vc-commoditydetail_info\">\n<div class=\"items loaded\" data-module=\"vm\/CommodityDetail_Info\"><\/div>\n<\/div>\n","protected":false},"featured_media":343621,"comment_status":"open","ping_status":"closed","template":"","meta":[],"pwb-brand":[3602],"product_brand":[],"product_cat":[3287,3285],"product_tag":[],"class_list":{"0":"post-343619","1":"product","2":"type-product","3":"status-publish","4":"has-post-thumbnail","6":"pwb-brand-kalter-stahl","7":"product_cat-solide-messer","8":"product_cat-messer","10":"first","11":"instock","12":"taxable","13":"shipping-taxable","14":"purchasable","15":"product-type-simple"},"brands":[{"id":3602,"name":"Kalter Stahl","slug":"kalter-stahl"}],"_links":{"self":[{"href":"https:\/\/www.moskito.cz\/de\/wp-json\/wp\/v2\/product\/343619","targetHints":{"allow":["GET"]}}],"collection":[{"href":"https:\/\/www.moskito.cz\/de\/wp-json\/wp\/v2\/product"}],"about":[{"href":"https:\/\/www.moskito.cz\/de\/wp-json\/wp\/v2\/types\/product"}],"replies":[{"embeddable":true,"href":"https:\/\/www.moskito.cz\/de\/wp-json\/wp\/v2\/comments?post=343619"}],"wp:featuredmedia":[{"embeddable":true,"href":"https:\/\/www.moskito.cz\/de\/wp-json\/wp\/v2\/media\/343621"}],"wp:attachment":[{"href":"https:\/\/www.moskito.cz\/de\/wp-json\/wp\/v2\/media?parent=343619"}],"wp:term":[{"taxonomy":"pwb-brand","embeddable":true,"href":"https:\/\/www.moskito.cz\/de\/wp-json\/wp\/v2\/pwb-brand?post=343619"},{"taxonomy":"product_brand","embeddable":true,"href":"https:\/\/www.moskito.cz\/de\/wp-json\/wp\/v2\/product_brand?post=343619"},{"taxonomy":"product_cat","embeddable":true,"href":"https:\/\/www.moskito.cz\/de\/wp-json\/wp\/v2\/product_cat?post=343619"},{"taxonomy":"product_tag","embeddable":true,"href":"https:\/\/www.moskito.cz\/de\/wp-json\/wp\/v2\/product_tag?post=343619"}],"curies":[{"name":"wp","href":"https:\/\/api.w.org\/{rel}","templated":true}]}}