{"id":343640,"date":"2021-07-21T18:35:27","date_gmt":"2021-07-21T17:35:27","guid":{"rendered":"https:\/\/www.moskito.cz\/produkt\/feststehendes-messer-cold-steel-drop-forged-battle-ring-ii\/"},"modified":"2025-05-07T11:16:41","modified_gmt":"2025-05-07T10:16:41","slug":"feststehendes-messer-cold-steel-drop-forged-battle-ring-ii","status":"publish","type":"product","link":"https:\/\/www.moskito.cz\/de\/produkt\/feststehendes-messer-cold-steel-drop-forged-battle-ring-ii\/","title":{"rendered":"Feststehendes Messer Cold Steel DROP FORGED BATTLE RING II"},"content":{"rendered":"<p>Feststehendes Messer <strong>Cold Steel<\/strong> DROP FORGED BATTLE RING II.<\/p>\n<p>Es ist wie die anderen Messer dieser Serie gesenkgeschmiedet, aus einem St\u00fcck Stahl gefertigt, hat doppelt scharfe Klingen mit Nadelspitze, einen integrierten Schutz und einen Ring. Der Griff ist f\u00fcr fast jede Hand geeignet und pr\u00e4zise geformt, um ein Abrutschen zu verhindern. Es bietet Platz f\u00fcr acht verschiedene Griffarten und ist einfach und schnell zu zeichnen, wenn Sie es eilig haben. Dar\u00fcber hinaus hat es die Kraft, als Sch\u00e4delbrecher oder \u201eEisenkn\u00f6chel\u201c zu fungieren. Es wird mit einer schnittfesten Secure-Ex-Scheide mit dem hochmodernen Ulti-Clip\u2122* geliefert und ist damit ein treuer Begleiter, den Sie nicht mehr missen m\u00f6chten.<\/p>\n<p>Klingenl\u00e4nge: 8,9 cm<br \/>\nGesamtl\u00e4nge: 22,9 cm<br \/>\nGriffl\u00e4nge: 14 cm<br \/>\nKlingenst\u00e4rke: 6,5 mm<br \/>\nGewicht: 212,6 g<\/p>\n<p>Cold Steel ist ein Unternehmen, das sich mit der Herstellung der st\u00e4rksten und sch\u00e4rfsten Messer der Welt besch\u00e4ftigt. In den letzten drei Jahrzehnten stand Cold Steel an der Spitze zahlreicher Innovationen, die die Messerindustrie gepr\u00e4gt haben. Aufeinanderfolgende Erfolge, darunter die Einf\u00fchrung von karierten Kraton\u00ae-Griffen und Tanto-Spitzklingenstilen, haben sich von merkw\u00fcrdigen Merkmalen zu industriellen Markenzeichen f\u00fcr Qualit\u00e4t und Raffinesse entwickelt. Die neue Richtung wurde auch mit der Einf\u00fchrung einzigartiger neuer Stahlklingen wie San Mai III\u00ae und Tri-Ad\u2122 Lock &amp; Lock-Mechanismus f\u00fcr Klappmesser gebrochen. Zum Beispiel wurde das Tri-Ad\u2122-Schloss von keinem Mitbewerber von Cold Steel erreicht und es wurde nicht nachgewiesen, dass es alles \u00fcbertrifft, was sie bisher produziert haben. Selbstverst\u00e4ndlich blickt Cold Steel stets in die Zukunft und ist stets bestrebt, die st\u00e4rksten und sch\u00e4rfsten Messer der Welt herzustellen. Dieses gleicherma\u00dfen schwer fassbare und schwer zu erreichende Ziel ist seit vierzig Jahren dasselbe. Cold Steel Inc. ist ein Unternehmen, das sich auf die Herstellung der st\u00e4rksten und sch\u00e4rfsten Messer, Schwerter, Tomahawks, Macheten, Bestecke und Werkzeuge f\u00fcr den t\u00e4glichen Gebrauch konzentriert: EDC. Cold Steel wurde schnell vom Milit\u00e4r, den Spezialeinheiten der Strafverfolgungsbeh\u00f6rden, Notfallhelfern, Selbstverteidigungsexperten und Mitgliedern der Kampfsportgemeinschaft \u00fcbernommen und machte sich schnell einen Namen f\u00fcr Qualit\u00e4t, St\u00e4rke, Zuverl\u00e4ssigkeit und Zuverl\u00e4ssigkeit beim t\u00e4glichen Tragen (EDC). . Unser vielf\u00e4ltiges und abwechslungsreiches Sortiment wuchs schnell und umfasste nicht nur eine riesige Auswahl an Klappmessern (von kleineren \u201eEDC\u201c-Klingen bis zu unseren legend\u00e4ren riesigen \u201eMega-Foldern\u201c), sondern auch feststehende Klingen, Schwerter, S\u00e4bel, St\u00e4be und Hellebarden sowie Jagdzubeh\u00f6r, Speere, Gewehre, \u00c4xte, Macheten, Tomahawks und Werkzeuge! Im Laufe der Jahrzehnte hat Cold Steel bahnbrechende neue Materialien und Designs eingef\u00fchrt, die die Welt moderner Messer, Blankwaffen und Werkzeuge gepr\u00e4gt haben. Von der Einf\u00fchrung der karierten Kraton\u00ae-Griffe und der \u201eamerikanisierten\u201c Tanto-Klinge bis hin zur Einbeziehung innovativer neuer Klingenst\u00e4hle wie San Mai III\u00ae und bahnbrechender Verriegelungsmechanismen (wie unserem Tri-Ad \u2122 Lock). Wenn wir in die Zukunft blicken, bringt Cold Steel weiterhin neue Ma\u00dfst\u00e4be an Festigkeit, Sicherheit und Leistung auf den Markt und bietet bew\u00e4hrte Produkte, auf die Sie sich jederzeit und \u00fcberall verlassen k\u00f6nnen!<\/p>\n","protected":false},"excerpt":{"rendered":"<p>Feststehendes Messer mit Scheide.<\/p>\n","protected":false},"featured_media":343641,"comment_status":"open","ping_status":"closed","template":"","meta":[],"pwb-brand":[3602],"product_brand":[],"product_cat":[3287,3285],"product_tag":[],"class_list":{"0":"post-343640","1":"product","2":"type-product","3":"status-publish","4":"has-post-thumbnail","6":"pwb-brand-kalter-stahl","7":"product_cat-solide-messer","8":"product_cat-messer","10":"first","11":"instock","12":"taxable","13":"shipping-taxable","14":"purchasable","15":"product-type-simple"},"brands":[{"id":3602,"name":"Kalter Stahl","slug":"kalter-stahl"}],"_links":{"self":[{"href":"https:\/\/www.moskito.cz\/de\/wp-json\/wp\/v2\/product\/343640","targetHints":{"allow":["GET"]}}],"collection":[{"href":"https:\/\/www.moskito.cz\/de\/wp-json\/wp\/v2\/product"}],"about":[{"href":"https:\/\/www.moskito.cz\/de\/wp-json\/wp\/v2\/types\/product"}],"replies":[{"embeddable":true,"href":"https:\/\/www.moskito.cz\/de\/wp-json\/wp\/v2\/comments?post=343640"}],"wp:featuredmedia":[{"embeddable":true,"href":"https:\/\/www.moskito.cz\/de\/wp-json\/wp\/v2\/media\/343641"}],"wp:attachment":[{"href":"https:\/\/www.moskito.cz\/de\/wp-json\/wp\/v2\/media?parent=343640"}],"wp:term":[{"taxonomy":"pwb-brand","embeddable":true,"href":"https:\/\/www.moskito.cz\/de\/wp-json\/wp\/v2\/pwb-brand?post=343640"},{"taxonomy":"product_brand","embeddable":true,"href":"https:\/\/www.moskito.cz\/de\/wp-json\/wp\/v2\/product_brand?post=343640"},{"taxonomy":"product_cat","embeddable":true,"href":"https:\/\/www.moskito.cz\/de\/wp-json\/wp\/v2\/product_cat?post=343640"},{"taxonomy":"product_tag","embeddable":true,"href":"https:\/\/www.moskito.cz\/de\/wp-json\/wp\/v2\/product_tag?post=343640"}],"curies":[{"name":"wp","href":"https:\/\/api.w.org\/{rel}","templated":true}]}}