{"id":343665,"date":"2021-07-22T07:39:18","date_gmt":"2021-07-22T06:39:18","guid":{"rendered":"https:\/\/www.moskito.cz\/produkt\/push-dagger-cold-steel-safe-maker-i\/"},"modified":"2025-05-07T11:16:43","modified_gmt":"2025-05-07T10:16:43","slug":"push-dagger-cold-steel-safe-maker-i","status":"publish","type":"product","link":"https:\/\/www.moskito.cz\/de\/produkt\/push-dagger-cold-steel-safe-maker-i\/","title":{"rendered":"Push Dagger Cold Steel SAFE MAKER I"},"content":{"rendered":"<p>Push Dagger <strong>Cold Steel<\/strong> SAFE MAKER I.<\/p>\n<p>Cold Steel stellt seit \u00fcber einem Vierteljahrhundert Sto\u00dfmesser her. Im Laufe der Jahre haben wir unsere Designs st\u00e4ndig verfeinert, einige Funktionen entfernt und andere verbessert. Wir sind st\u00e4ndig bestrebt, das beste Sto\u00dfmesser der Welt herzustellen. Unser Safe Maker-Sortiment stellt den H\u00f6hepunkt unseres Lernens, unserer Erfahrung, unseres Testens und unserer Entwicklung dar. Die Klingen, Sch\u00e4fte und T-f\u00f6rmigen Clips werden aus einem massiven St\u00fcck japanischem AUS8A-Edelstahl mit Steinoberfl\u00e4che gefertigt, dann vakuumw\u00e4rmebehandelt und f\u00fcr mehr Festigkeit und Leistung bei Temperaturen unter Null geh\u00e4rtet. Der geformte Kray-Ex-Griff umschlie\u00dft das Joch und einen Teil des Schafts f\u00fcr zus\u00e4tzlichen Komfort und Sicherheit. Erh\u00e4ltlich in zwei Gr\u00f6\u00dfen; Zu jedem Safe Maker geh\u00f6rt ein leicht abzudeckender und robuster Secure-Ex-G\u00fcrtel\/Holster.<\/p>\n<p>Gesamtl\u00e4nge: 163 mm<br \/>\nKlingenst\u00e4rke: 5 mm<br \/>\nDie Klinge besteht aus AUS-8A-Stahl<br \/>\nKlingenl\u00e4nge: 115 mm<br \/>\nGewicht: 96 g<br \/>\nGriff aus Kraton-Material<br \/>\nKoffer ist im Lieferumfang enthalten<\/p>\n<p><strong>Cold Steel<\/strong> ist ein Unternehmen, das sich mit der Herstellung der st\u00e4rksten und sch\u00e4rfsten Messer der Welt besch\u00e4ftigt. In den letzten drei Jahrzehnten stand Cold Steel an der Spitze zahlreicher Innovationen, die die Messerindustrie gepr\u00e4gt haben. Aufeinanderfolgende Erfolge, darunter die Einf\u00fchrung von karierten Kraton\u00ae-Griffen und Tanto-Spitzklingenstilen, haben sich von merkw\u00fcrdigen Merkmalen zu industriellen Markenzeichen f\u00fcr Qualit\u00e4t und Raffinesse entwickelt. Die neue Richtung wurde auch mit der Einf\u00fchrung einzigartiger neuer Stahlklingen wie San Mai III\u00ae und Tri-Ad\u2122 Lock &amp; Lock-Mechanismus f\u00fcr Klappmesser gebrochen. Zum Beispiel wurde das Tri-Ad\u2122-Schloss von keinem Mitbewerber von Cold Steel erreicht und es wurde nicht nachgewiesen, dass es alles \u00fcbertrifft, was sie bisher produziert haben. Selbstverst\u00e4ndlich blickt Cold Steel stets in die Zukunft und ist stets bestrebt, die st\u00e4rksten und sch\u00e4rfsten Messer der Welt herzustellen. Dieses gleicherma\u00dfen schwer fassbare und schwer zu erreichende Ziel ist seit vierzig Jahren dasselbe. Cold Steel Inc. ist ein Unternehmen, das sich auf die Herstellung der st\u00e4rksten und sch\u00e4rfsten Messer, Schwerter, Tomahawks, Macheten, Bestecke und Werkzeuge f\u00fcr den t\u00e4glichen Gebrauch konzentriert: EDC. Cold Steel wurde schnell vom Milit\u00e4r, den Spezialeinheiten der Strafverfolgungsbeh\u00f6rden, Notfallhelfern, Selbstverteidigungsexperten und Mitgliedern der Kampfsportgemeinschaft \u00fcbernommen und machte sich schnell einen Namen f\u00fcr Qualit\u00e4t, St\u00e4rke, Zuverl\u00e4ssigkeit und Zuverl\u00e4ssigkeit beim t\u00e4glichen Tragen (EDC). . Unser vielf\u00e4ltiges und abwechslungsreiches Sortiment wuchs schnell und umfasste nicht nur eine riesige Auswahl an Klappmessern (von kleineren \u201eEDC\u201c-Klingen bis zu unseren legend\u00e4ren riesigen \u201eMega-Foldern\u201c), sondern auch feststehende Klingen, Schwerter, S\u00e4bel, St\u00e4be und Hellebarden sowie Jagdzubeh\u00f6r, Speere, Gewehre, \u00c4xte, Macheten, Tomahawks und Werkzeuge! Im Laufe der Jahrzehnte hat Cold Steel bahnbrechende neue Materialien und Designs eingef\u00fchrt, die die Welt moderner Messer, Blankwaffen und Werkzeuge gepr\u00e4gt haben. Von der Einf\u00fchrung der karierten Kraton\u00ae-Griffe und der \u201eamerikanisierten\u201c Tanto-Klinge bis hin zur Einbeziehung innovativer neuer Klingenst\u00e4hle wie San Mai III\u00ae und bahnbrechender Verriegelungsmechanismen (wie unserem Tri-Ad \u2122 Lock). Wenn wir in die Zukunft blicken, bringt Cold Steel weiterhin neue Ma\u00dfst\u00e4be an Festigkeit, Sicherheit und Leistung auf den Markt und bietet bew\u00e4hrte Produkte, auf die Sie sich jederzeit und \u00fcberall verlassen k\u00f6nnen!<\/p>\n<p>Cold Steel stellt seit \u00fcber einem Vierteljahrhundert Sto\u00dfmesser her. Im Laufe der Jahre haben wir unsere Designs kontinuierlich verfeinert, indem wir einige Funktionen verworfen und andere verbessert haben. St\u00e4ndig bestrebt, das beste Sto\u00dfmesser der Welt herzustellen. Unsere Safe Maker-Reihe stellt den H\u00f6hepunkt unseres Lernens, Erlebens, Testens und Entwickelns dar. Die Klingen, Sch\u00e4fte und \u201eT\u201c-f\u00f6rmigen Zapfen sind aus einem massiven St\u00fcck japanischem AUS8A-Edelstahl mit Stonewash-Finish gefertigt und anschlie\u00dfend vakuumw\u00e4rmebehandelt und f\u00fcr zus\u00e4tzliche Festigkeit und Leistung bei Temperaturen unter Null abgeschreckt. Ein strukturierter Kray-Ex-Griff umschlie\u00dft den Erl und einen Teil des Schafts f\u00fcr zus\u00e4tzlichen Komfort und Sicherheit. Erh\u00e4ltlich in zwei Gr\u00f6\u00dfen; Zu jedem Safe Maker geh\u00f6rt eine leicht zu verbergende und robuste Secure-Ex-Stiefel-\/G\u00fcrtelscheide.<br \/>\nGewicht: 3,4 Unzen Klingenst\u00e4rke: 5 mm Klingenl\u00e4nge: 4-1\/2&#8243; Klingenstahl: Japanischer AUS8A mit Stonewashed-Finish Griffl\u00e4nge\/Material: 2&#8243; Kray-Ex\u00ae Gesamtl\u00e4nge: 6-1\/2&#8243; Zus\u00e4tzliche Funktionen: Sicher -Ex\u00ae Scheidenmessertyp: Feste Klinge, L\u00e4ngenbereich: 3\u20135 Zoll, Stahlfamilie: AUS, Klingenform: Speerspitze<\/p>\n<p>&nbsp;<\/p>\n","protected":false},"excerpt":{"rendered":"<p>Cold Steel Safe Maker I Sto\u00dfdolch oder Faustmesser mit einer Klingengr\u00f6\u00dfe von 114 mm und einer Scheide zum verdeckten Tragen.<\/p>\n","protected":false},"featured_media":343666,"comment_status":"open","ping_status":"closed","template":"","meta":[],"pwb-brand":[3602],"product_brand":[],"product_cat":[3287,3285],"product_tag":[],"class_list":{"0":"post-343665","1":"product","2":"type-product","3":"status-publish","4":"has-post-thumbnail","6":"pwb-brand-kalter-stahl","7":"product_cat-solide-messer","8":"product_cat-messer","10":"first","11":"instock","12":"taxable","13":"shipping-taxable","14":"purchasable","15":"product-type-simple"},"brands":[{"id":3602,"name":"Kalter Stahl","slug":"kalter-stahl"}],"_links":{"self":[{"href":"https:\/\/www.moskito.cz\/de\/wp-json\/wp\/v2\/product\/343665","targetHints":{"allow":["GET"]}}],"collection":[{"href":"https:\/\/www.moskito.cz\/de\/wp-json\/wp\/v2\/product"}],"about":[{"href":"https:\/\/www.moskito.cz\/de\/wp-json\/wp\/v2\/types\/product"}],"replies":[{"embeddable":true,"href":"https:\/\/www.moskito.cz\/de\/wp-json\/wp\/v2\/comments?post=343665"}],"wp:featuredmedia":[{"embeddable":true,"href":"https:\/\/www.moskito.cz\/de\/wp-json\/wp\/v2\/media\/343666"}],"wp:attachment":[{"href":"https:\/\/www.moskito.cz\/de\/wp-json\/wp\/v2\/media?parent=343665"}],"wp:term":[{"taxonomy":"pwb-brand","embeddable":true,"href":"https:\/\/www.moskito.cz\/de\/wp-json\/wp\/v2\/pwb-brand?post=343665"},{"taxonomy":"product_brand","embeddable":true,"href":"https:\/\/www.moskito.cz\/de\/wp-json\/wp\/v2\/product_brand?post=343665"},{"taxonomy":"product_cat","embeddable":true,"href":"https:\/\/www.moskito.cz\/de\/wp-json\/wp\/v2\/product_cat?post=343665"},{"taxonomy":"product_tag","embeddable":true,"href":"https:\/\/www.moskito.cz\/de\/wp-json\/wp\/v2\/product_tag?post=343665"}],"curies":[{"name":"wp","href":"https:\/\/api.w.org\/{rel}","templated":true}]}}