{"id":343672,"date":"2021-07-22T09:05:16","date_gmt":"2021-07-22T08:05:16","guid":{"rendered":"https:\/\/www.moskito.cz\/produkt\/cold-steel-grosses-luzon-klappmesser\/"},"modified":"2024-06-12T10:37:34","modified_gmt":"2024-06-12T09:37:34","slug":"cold-steel-grosses-luzon-klappmesser","status":"publish","type":"product","link":"https:\/\/www.moskito.cz\/de\/produkt\/cold-steel-grosses-luzon-klappmesser\/","title":{"rendered":"Cold Steel GROSSES LUZON Klappmesser"},"content":{"rendered":"<p>Schlie\u00dfmesser <strong>Cold Steel<\/strong> LARGE LUZON.<\/p>\n<p>Luzons sind von mehreren Balisongs in Lynns Sammlung inspiriert, fungieren aber als Flipper und sind eine politisch korrekte Alternative f\u00fcr diejenigen, die Balisongs nicht legal besitzen k\u00f6nnen. Die Klingen von Luzons bestehen aus rostfreiem 8Cr13MoV-Edelstahl und sind fachm\u00e4nnisch auf 57\u201358 Rockwell geh\u00e4rtet. Sie verf\u00fcgen \u00fcber scharfe, starke Spitzen mit gen\u00fcgend Klingenst\u00e4rke, um zum Schneiden und Hacken gleicherma\u00dfen n\u00fctzlich zu sein. Sobald Sie auf die von Bambus inspirierten Griffe sto\u00dfen, werden Sie von den Philippinen tr\u00e4umen, deren konkave Segmente eine Vielzahl bequemer Griffm\u00f6glichkeiten bieten. Die Luzons-Griffe bestehen aus Glasnylon (GFN) und sind unempfindlich gegen\u00fcber allen Elementen.<\/p>\n<p>Die Luzons sind h\u00fcbsch, preisg\u00fcnstig und dank des Windes, den sie bieten, eine hervorragende Wahl f\u00fcr alle, die auf der Suche nach Komfort sind. Sie bieten ein un\u00fcbertroffenes Ma\u00df an Sicherheit und verf\u00fcgen \u00fcber eine robuste Blattfedersicherung und einen (patentierten) sekund\u00e4ren Sicherheitsmechanismus, der im aktivierten Zustand \u00e4u\u00dferst sto\u00dffest ist. Ihre Finger bleiben auch unter den schlimmsten Bedingungen sicher. Erh\u00e4ltlich in zwei Gr\u00f6\u00dfen.<\/p>\n<p>Klingenmaterial: 8cr13mov<br \/>\nGriffmaterial: GFN<br \/>\nKlingenl\u00e4nge: 15,2 cm<br \/>\nGesamtl\u00e4nge: 34 cm<br \/>\nGriffl\u00e4nge: 18,8 cm<br \/>\nKlingenst\u00e4rke: 3,5 mm<br \/>\nGewicht: 263 g<br \/>\nOberfl\u00e4chenbehandlung der Klinge: Satin<\/p>\n<p>Cold Steel ist ein Unternehmen, das sich mit der Herstellung der st\u00e4rksten und sch\u00e4rfsten Messer der Welt besch\u00e4ftigt. In den letzten drei Jahrzehnten stand Cold Steel an der Spitze zahlreicher Innovationen, die die Messerindustrie gepr\u00e4gt haben. Aufeinanderfolgende Erfolge, darunter die Einf\u00fchrung von karierten Kraton\u00ae-Griffen und Tanto-Spitzklingenstilen, haben sich von merkw\u00fcrdigen Merkmalen zu industriellen Markenzeichen f\u00fcr Qualit\u00e4t und Raffinesse entwickelt. Die neue Richtung wurde auch mit der Einf\u00fchrung einzigartiger neuer Stahlklingen wie San Mai III\u00ae und Tri-Ad\u2122 Lock &amp; Lock-Mechanismus f\u00fcr Klappmesser gebrochen. Zum Beispiel wurde das Tri-Ad\u2122-Schloss von keinem Mitbewerber von Cold Steel erreicht und es wurde nicht nachgewiesen, dass es alles \u00fcbertrifft, was sie bisher produziert haben. Selbstverst\u00e4ndlich blickt Cold Steel stets in die Zukunft und ist stets bestrebt, die st\u00e4rksten und sch\u00e4rfsten Messer der Welt herzustellen. Dieses gleicherma\u00dfen schwer fassbare und schwer zu erreichende Ziel ist seit vierzig Jahren dasselbe. Cold Steel Inc. ist ein Unternehmen, das sich auf die Herstellung der st\u00e4rksten und sch\u00e4rfsten Messer, Schwerter, Tomahawks, Macheten, Bestecke und Werkzeuge f\u00fcr den t\u00e4glichen Gebrauch konzentriert: EDC. Cold Steel wurde schnell vom Milit\u00e4r, den Spezialeinheiten der Strafverfolgungsbeh\u00f6rden, Notfallhelfern, Selbstverteidigungsexperten und Mitgliedern der Kampfsportgemeinschaft \u00fcbernommen und machte sich schnell einen Namen f\u00fcr Qualit\u00e4t, St\u00e4rke, Zuverl\u00e4ssigkeit und Zuverl\u00e4ssigkeit beim t\u00e4glichen Tragen (EDC). . Unser vielf\u00e4ltiges und abwechslungsreiches Sortiment wuchs schnell und umfasste nicht nur eine riesige Auswahl an Klappmessern (von kleineren \u201eEDC\u201c-Klingen bis zu unseren legend\u00e4ren riesigen \u201eMega-Foldern\u201c), sondern auch feststehende Klingen, Schwerter, S\u00e4bel, St\u00e4be und Hellebarden sowie Jagdzubeh\u00f6r, Speere, Gewehre, \u00c4xte, Macheten, Tomahawks und Werkzeuge! Im Laufe der Jahrzehnte hat Cold Steel bahnbrechende neue Materialien und Designs eingef\u00fchrt, die die Welt moderner Messer, Blankwaffen und Werkzeuge gepr\u00e4gt haben. Von der Einf\u00fchrung der karierten Kraton\u00ae-Griffe und der \u201eamerikanisierten\u201c Tanto-Klinge bis hin zur Einbeziehung innovativer neuer Klingenst\u00e4hle wie San Mai III\u00ae und bahnbrechender Verriegelungsmechanismen (wie unserem Tri-Ad \u2122 Lock). Wenn wir in die Zukunft blicken, bringt Cold Steel weiterhin neue Ma\u00dfst\u00e4be an Festigkeit, Sicherheit und Leistung auf den Markt und bietet bew\u00e4hrte Produkte, auf die Sie sich jederzeit und \u00fcberall verlassen k\u00f6nnen!<\/p>\n","protected":false},"excerpt":{"rendered":"<p><strong>Luzon (Large) von COLD STEEL ist ein gr\u00f6\u00dferes Klappmesser mit glatter Klinge. Die Form der Messerklinge ist von den philippinischen Balisongs inspiriert.<\/strong><\/p>\n","protected":false},"featured_media":343673,"comment_status":"open","ping_status":"closed","template":"","meta":[],"pwb-brand":[3602],"product_brand":[],"product_cat":[3303,3285],"product_tag":[],"class_list":{"0":"post-343672","1":"product","2":"type-product","3":"status-publish","4":"has-post-thumbnail","6":"pwb-brand-kalter-stahl","7":"product_cat-schliesmesser","8":"product_cat-messer","10":"first","11":"instock","12":"taxable","13":"shipping-taxable","14":"purchasable","15":"product-type-simple"},"brands":[{"id":3602,"name":"Kalter Stahl","slug":"kalter-stahl"}],"_links":{"self":[{"href":"https:\/\/www.moskito.cz\/de\/wp-json\/wp\/v2\/product\/343672","targetHints":{"allow":["GET"]}}],"collection":[{"href":"https:\/\/www.moskito.cz\/de\/wp-json\/wp\/v2\/product"}],"about":[{"href":"https:\/\/www.moskito.cz\/de\/wp-json\/wp\/v2\/types\/product"}],"replies":[{"embeddable":true,"href":"https:\/\/www.moskito.cz\/de\/wp-json\/wp\/v2\/comments?post=343672"}],"wp:featuredmedia":[{"embeddable":true,"href":"https:\/\/www.moskito.cz\/de\/wp-json\/wp\/v2\/media\/343673"}],"wp:attachment":[{"href":"https:\/\/www.moskito.cz\/de\/wp-json\/wp\/v2\/media?parent=343672"}],"wp:term":[{"taxonomy":"pwb-brand","embeddable":true,"href":"https:\/\/www.moskito.cz\/de\/wp-json\/wp\/v2\/pwb-brand?post=343672"},{"taxonomy":"product_brand","embeddable":true,"href":"https:\/\/www.moskito.cz\/de\/wp-json\/wp\/v2\/product_brand?post=343672"},{"taxonomy":"product_cat","embeddable":true,"href":"https:\/\/www.moskito.cz\/de\/wp-json\/wp\/v2\/product_cat?post=343672"},{"taxonomy":"product_tag","embeddable":true,"href":"https:\/\/www.moskito.cz\/de\/wp-json\/wp\/v2\/product_tag?post=343672"}],"curies":[{"name":"wp","href":"https:\/\/api.w.org\/{rel}","templated":true}]}}