{"id":343685,"date":"2022-11-01T17:03:49","date_gmt":"2022-11-01T16:03:49","guid":{"rendered":"https:\/\/www.moskito.cz\/produkt\/cold-steel-outdoorsman-lite-feststehendes-messer\/"},"modified":"2025-05-07T11:16:43","modified_gmt":"2025-05-07T10:16:43","slug":"cold-steel-outdoorsman-lite-feststehendes-messer","status":"publish","type":"product","link":"https:\/\/www.moskito.cz\/de\/produkt\/cold-steel-outdoorsman-lite-feststehendes-messer\/","title":{"rendered":"Cold Steel Outdoorsman Lite feststehendes Messer"},"content":{"rendered":"<p><strong>Cold Steel<\/strong> Outdoorsman Lite feststehendes Messer.<\/p>\n<p>Das Outdoorsman Lite ist ein robustes Messer mit glatter Schneide. Die Klinge besteht aus 4034 Edelstahl. Dieser Edelstahl hat vergleichbare Eigenschaften wie AUS 8A oder 440C. Es wird vor allem in der Medizin- und Pharmaindustrie sowie bei der Herstellung von K\u00fcchenger\u00e4ten eingesetzt. Der Outdoorsman Lite verf\u00fcgt \u00fcber einen Bi-Material-Griff. Der Grundteil des Griffs besteht aus hochfestem Polypropylen, das dem Messer seine Form und hervorragende Festigkeitseigenschaften verleiht, und die Oberfl\u00e4che ist mit einem weichen und flexiblen synthetischen Polymer mit der Bezeichnung Kray-Ex beschichtet, damit der Griff nicht verrutscht. Sie k\u00f6nnen es einfach mit Wasser und Seife reinigen. Das Messer wird mit einer Secure-Ex\u00ae-Scheide geliefert.<\/p>\n<p>PRODUKTPARAMETER<br \/>\nKlingenl\u00e4nge: 152 mm<br \/>\nGesamtgr\u00f6\u00dfe: 279 mm<br \/>\nFarbe: Schwarz\/Silber<br \/>\nKlingenst\u00e4rke: 3 mm<br \/>\nGriffl\u00e4nge: 127 mm<br \/>\nGriffmaterial: Hochschlagfestes Polypropylen und Kray-Ex\u2122<br \/>\nStahl: 4034SS<br \/>\nGewicht: 182 g<\/p>\n<p>&nbsp;<\/p>\n","protected":false},"excerpt":{"rendered":"<p>Outdoorsman Lite von Cold Steel ist ein einfaches, aber sehr effektives, solides Messer, das f\u00fcr Outdoor, Camping, Angeln oder andere Outdoor-Aktivit\u00e4ten entwickelt wurde.<\/p>\n","protected":false},"featured_media":343686,"comment_status":"open","ping_status":"closed","template":"","meta":[],"pwb-brand":[3602],"product_brand":[],"product_cat":[3287,3285],"product_tag":[],"class_list":{"0":"post-343685","1":"product","2":"type-product","3":"status-publish","4":"has-post-thumbnail","6":"pwb-brand-kalter-stahl","7":"product_cat-solide-messer","8":"product_cat-messer","10":"first","11":"instock","12":"taxable","13":"shipping-taxable","14":"purchasable","15":"product-type-simple"},"brands":[{"id":3602,"name":"Kalter Stahl","slug":"kalter-stahl"}],"_links":{"self":[{"href":"https:\/\/www.moskito.cz\/de\/wp-json\/wp\/v2\/product\/343685","targetHints":{"allow":["GET"]}}],"collection":[{"href":"https:\/\/www.moskito.cz\/de\/wp-json\/wp\/v2\/product"}],"about":[{"href":"https:\/\/www.moskito.cz\/de\/wp-json\/wp\/v2\/types\/product"}],"replies":[{"embeddable":true,"href":"https:\/\/www.moskito.cz\/de\/wp-json\/wp\/v2\/comments?post=343685"}],"wp:featuredmedia":[{"embeddable":true,"href":"https:\/\/www.moskito.cz\/de\/wp-json\/wp\/v2\/media\/343686"}],"wp:attachment":[{"href":"https:\/\/www.moskito.cz\/de\/wp-json\/wp\/v2\/media?parent=343685"}],"wp:term":[{"taxonomy":"pwb-brand","embeddable":true,"href":"https:\/\/www.moskito.cz\/de\/wp-json\/wp\/v2\/pwb-brand?post=343685"},{"taxonomy":"product_brand","embeddable":true,"href":"https:\/\/www.moskito.cz\/de\/wp-json\/wp\/v2\/product_brand?post=343685"},{"taxonomy":"product_cat","embeddable":true,"href":"https:\/\/www.moskito.cz\/de\/wp-json\/wp\/v2\/product_cat?post=343685"},{"taxonomy":"product_tag","embeddable":true,"href":"https:\/\/www.moskito.cz\/de\/wp-json\/wp\/v2\/product_tag?post=343685"}],"curies":[{"name":"wp","href":"https:\/\/api.w.org\/{rel}","templated":true}]}}