{"id":343704,"date":"2022-10-31T20:19:53","date_gmt":"2022-10-31T19:19:53","guid":{"rendered":"https:\/\/www.moskito.cz\/produkt\/massives-messer-cold-steel-mini-tac-tanto-gezahnt-49htfs\/"},"modified":"2025-05-07T11:16:45","modified_gmt":"2025-05-07T10:16:45","slug":"massives-messer-cold-steel-mini-tac-tanto-gezahnt-49htfs","status":"publish","type":"product","link":"https:\/\/www.moskito.cz\/de\/produkt\/massives-messer-cold-steel-mini-tac-tanto-gezahnt-49htfs\/","title":{"rendered":"Massives Messer Cold Steel MINI TAC TANTO (GEZAHNT) 49HTFS"},"content":{"rendered":"<p>Massives Messer Cold Steel MINI TAC TANTO (GEZAHNT) 49HTFS.<\/p>\n<p>Die Mini Tac Neck Knives von Cold Steel sind so d\u00fcnn und leicht, dass sie praktisch 24 Stunden am Tag bequem getragen werden k\u00f6nnen! Mit ihren langlebigen Secure Ex-H\u00fcllen, die speziell daf\u00fcr entwickelt wurden, das Messer gut zu halten und gleichzeitig ein schnelles Ziehen zu erm\u00f6glichen, k\u00f6nnen sie als handliche Gebrauchs- oder Campingklinge, als Alltagsmesser oder als Rettungsger\u00e4t verwendet werden. Jeder Mini Tac verf\u00fcgt \u00fcber d\u00fcnne, hochwertig strukturierte Griv-Ex-Griffe. Dadurch liegen sie flach und nah am K\u00f6rper an und bieten dennoch eine gute Grifffl\u00e4che. In Kombination mit dem integrierten Griff verleihen diese Gewichte den Fingern einen unglaublichen Halt und erm\u00f6glichen einen bemerkenswert sicheren Halt, der einem Wegrollen oder Verdrehen standh\u00e4lt.<\/p>\n<p>PRODUKTPARAMETER<br \/>\n Griffmaterial: Langes G-10 im Griv-Ex\u2122-Stil<br \/>\n Klingenl\u00e4nge: 95 mm<br \/>\n Gewicht: 76,54 g<br \/>\n Stahl: Japanischer AUS 8A Edelstahl<br \/>\n Gesamtgr\u00f6\u00dfe: 171 mm<br \/>\n Scheidenmaterial: Secure-Ex\u00ae-Halsscheide mit Perlenketten-Lanyard<br \/>\n Farbe: Schwarz<br \/>\n Griffl\u00e4nge: 76,2 mm<br \/>\n Klingenst\u00e4rke: 2,5 mm<\/p>\n","protected":false},"excerpt":{"rendered":"<p>Die Mini Tac Neck Knives von Cold Steel sind so d\u00fcnn und leicht, dass sie praktisch 24 Stunden am Tag bequem getragen werden k\u00f6nnen!<\/p>\n","protected":false},"featured_media":343705,"comment_status":"open","ping_status":"closed","template":"","meta":[],"pwb-brand":[3602],"product_brand":[],"product_cat":[3287,3285],"product_tag":[],"class_list":{"0":"post-343704","1":"product","2":"type-product","3":"status-publish","4":"has-post-thumbnail","6":"pwb-brand-kalter-stahl","7":"product_cat-solide-messer","8":"product_cat-messer","10":"first","11":"instock","12":"taxable","13":"shipping-taxable","14":"purchasable","15":"product-type-simple"},"brands":[{"id":3602,"name":"Kalter Stahl","slug":"kalter-stahl"}],"_links":{"self":[{"href":"https:\/\/www.moskito.cz\/de\/wp-json\/wp\/v2\/product\/343704","targetHints":{"allow":["GET"]}}],"collection":[{"href":"https:\/\/www.moskito.cz\/de\/wp-json\/wp\/v2\/product"}],"about":[{"href":"https:\/\/www.moskito.cz\/de\/wp-json\/wp\/v2\/types\/product"}],"replies":[{"embeddable":true,"href":"https:\/\/www.moskito.cz\/de\/wp-json\/wp\/v2\/comments?post=343704"}],"wp:featuredmedia":[{"embeddable":true,"href":"https:\/\/www.moskito.cz\/de\/wp-json\/wp\/v2\/media\/343705"}],"wp:attachment":[{"href":"https:\/\/www.moskito.cz\/de\/wp-json\/wp\/v2\/media?parent=343704"}],"wp:term":[{"taxonomy":"pwb-brand","embeddable":true,"href":"https:\/\/www.moskito.cz\/de\/wp-json\/wp\/v2\/pwb-brand?post=343704"},{"taxonomy":"product_brand","embeddable":true,"href":"https:\/\/www.moskito.cz\/de\/wp-json\/wp\/v2\/product_brand?post=343704"},{"taxonomy":"product_cat","embeddable":true,"href":"https:\/\/www.moskito.cz\/de\/wp-json\/wp\/v2\/product_cat?post=343704"},{"taxonomy":"product_tag","embeddable":true,"href":"https:\/\/www.moskito.cz\/de\/wp-json\/wp\/v2\/product_tag?post=343704"}],"curies":[{"name":"wp","href":"https:\/\/api.w.org\/{rel}","templated":true}]}}