{"id":343712,"date":"2022-04-21T19:41:45","date_gmt":"2022-04-21T18:41:45","guid":{"rendered":"https:\/\/www.moskito.cz\/produkt\/cold-steel-crawford-modell-1-klappmesser\/"},"modified":"2025-05-07T11:16:46","modified_gmt":"2025-05-07T10:16:46","slug":"cold-steel-crawford-modell-1-klappmesser","status":"publish","type":"product","link":"https:\/\/www.moskito.cz\/de\/produkt\/cold-steel-crawford-modell-1-klappmesser\/","title":{"rendered":"Cold Steel Crawford Modell 1 Klappmesser"},"content":{"rendered":"<p><strong>Cold Steel<\/strong> Crawford Modell 1 Klappmesser<\/p>\n<p>Das Crawford Model 1 wurde nach seinem Sch\u00f6pfer, dem amerikanischen Messermacher West Crawford, benannt. Wes Crawford stimmte zu und entwarf einen neuen \u201eFlipper\u201c f\u00fcr Cold Steel. Die Form des Messers verleugnet nicht die Handschrift von Crawford und orientiert sich direkt an seinen erfolgreichen Custom-Messermodellen. Die breite Klinge mit ausgepr\u00e4gtem Bauch f\u00fcr komfortableres Schneiden und Hohlschliff besteht aus japanischem Stahl mit der Kennzeichnung 4034 Stainless Steel. Dieser Edelstahl hat vergleichbare Eigenschaften wie AUS 8A oder 440C. Der Griff des Messers besteht aus Zy-Ex-Material. Es ist mit einem doppelten Sicherheitssystem ausgestattet. Die Hauptsicherung ist der Linerlock und die sekund\u00e4re Schiebesicherung sichert das Messer im ge\u00f6ffneten Zustand, sodass der Linerlock nicht gebrochen werden kann.<\/p>\n<p>PRODUKTPARAMETER<br \/>\nGewicht: 116 g<br \/>\nStahl: Japanischer 4034SS<br \/>\nGesamtgr\u00f6\u00dfe: 213 mm<br \/>\nSicherungstyp: Linerlock + Sekund\u00e4rverriegelung<br \/>\nGriffmaterial: Long Zy-Ex\u2122<br \/>\nKlingenst\u00e4rke: 3,3 mm<br \/>\nFarbe: Schwarz\/Silber<br \/>\nGriffl\u00e4nge: 122 mm<br \/>\nKlingenl\u00e4nge: 89 mm<\/p>\n","protected":false},"excerpt":{"rendered":"<div class=\"vc-commoditydetail_annotation\">\n<div class=\"annotation wysiwyg\">Das Crawford Model 1 ist ein mittelgro\u00dfes EDC-Klappmesser mit glatter Klinge, Flipper-\u00d6ffnung und Linerlock + Sekund\u00e4rsicherung.<\/div>\n<\/div>\n<div class=\"vc-commoditydetail_info\">\n<div class=\"items loaded\" data-module=\"vm\/CommodityDetail_Info\"><\/div>\n<\/div>\n","protected":false},"featured_media":343713,"comment_status":"open","ping_status":"closed","template":"","meta":[],"pwb-brand":[3602],"product_brand":[],"product_cat":[3303,3285],"product_tag":[],"class_list":{"0":"post-343712","1":"product","2":"type-product","3":"status-publish","4":"has-post-thumbnail","6":"pwb-brand-kalter-stahl","7":"product_cat-schliesmesser","8":"product_cat-messer","10":"first","11":"instock","12":"taxable","13":"shipping-taxable","14":"purchasable","15":"product-type-simple"},"brands":[{"id":3602,"name":"Kalter Stahl","slug":"kalter-stahl"}],"_links":{"self":[{"href":"https:\/\/www.moskito.cz\/de\/wp-json\/wp\/v2\/product\/343712","targetHints":{"allow":["GET"]}}],"collection":[{"href":"https:\/\/www.moskito.cz\/de\/wp-json\/wp\/v2\/product"}],"about":[{"href":"https:\/\/www.moskito.cz\/de\/wp-json\/wp\/v2\/types\/product"}],"replies":[{"embeddable":true,"href":"https:\/\/www.moskito.cz\/de\/wp-json\/wp\/v2\/comments?post=343712"}],"wp:featuredmedia":[{"embeddable":true,"href":"https:\/\/www.moskito.cz\/de\/wp-json\/wp\/v2\/media\/343713"}],"wp:attachment":[{"href":"https:\/\/www.moskito.cz\/de\/wp-json\/wp\/v2\/media?parent=343712"}],"wp:term":[{"taxonomy":"pwb-brand","embeddable":true,"href":"https:\/\/www.moskito.cz\/de\/wp-json\/wp\/v2\/pwb-brand?post=343712"},{"taxonomy":"product_brand","embeddable":true,"href":"https:\/\/www.moskito.cz\/de\/wp-json\/wp\/v2\/product_brand?post=343712"},{"taxonomy":"product_cat","embeddable":true,"href":"https:\/\/www.moskito.cz\/de\/wp-json\/wp\/v2\/product_cat?post=343712"},{"taxonomy":"product_tag","embeddable":true,"href":"https:\/\/www.moskito.cz\/de\/wp-json\/wp\/v2\/product_tag?post=343712"}],"curies":[{"name":"wp","href":"https:\/\/api.w.org\/{rel}","templated":true}]}}