{"id":343723,"date":"2021-07-21T18:46:39","date_gmt":"2024-06-12T11:07:39","guid":{"rendered":"https:\/\/www.moskito.cz\/produkt\/schiebedolch-cold-steel-chaos-druckmesser\/"},"modified":"2025-05-07T11:16:47","modified_gmt":"2025-05-07T10:16:47","slug":"schiebedolch-cold-steel-chaos-druckmesser","status":"publish","type":"product","link":"https:\/\/www.moskito.cz\/de\/produkt\/schiebedolch-cold-steel-chaos-druckmesser\/","title":{"rendered":"Schiebedolch Cold Steel CHAOS DRUCKMESSER"},"content":{"rendered":"<p>Schiebedolch <strong>Cold Steel<\/strong> CHAOS DRUCKMESSER.<\/p>\n<p>Schlie\u00dflich wurde das D-Guard-Messer von Grund auf f\u00fcr den Einsatz in den anspruchsvollsten Milit\u00e4r- und Spezialeinsatzumgebungen entwickelt. Die breite, zweischneidige Klinge ist rasiermesserscharf und schneidet, schneidet und dr\u00fcckt wie eine Kettens\u00e4ge auf Steroiden. Aber es ist der D-Guard-Griff, der ihn wirklich einzigartig macht und einen beispiellosen Schutz f\u00fcr Ihre Hand und Finger bietet. Der Griff besteht aus spritzgegossenem Griv-Ex\u2122 mit pr\u00e4zisen Kray-Ex\u2122-Formen f\u00fcr Komfort und Schlagfestigkeit. Erm\u00f6glicht multidirektionale perkussive Schl\u00e4ge mit zwei abnehmbaren Sch\u00e4delbrechern. Die Secure-Ex\u00ae-Scheide ist hochfunktionell und verf\u00fcgt \u00fcber eine Cordura-G\u00fcrtelschlaufe, sodass Sie das Chaos Push-Messer immer an Ihrer Seite tragen k\u00f6nnen.<\/p>\n<p>Stahl: SK-5 mit hohem Kohlenstoffgehalt<br \/>\nKlingenl\u00e4nge: 127 mm<br \/>\nKlingenl\u00e4nge: 203 mm<br \/>\nGriffl\u00e4nge: 76 mm<br \/>\nKlingenst\u00e4rke: 5 mm<br \/>\nGriffschutzrahmen aus hochfestem Aluminium 6061<br \/>\nAbnehmbare Edelstahlspikes an beiden Enden des Griffs<br \/>\nIm Lieferumfang enthalten ist eine Secure-Ex-H\u00fclle aus einer Kombination aus Nylon und Polymer<\/p>\n<p><strong>Cold Steel<\/strong> ist ein Unternehmen, das sich mit der Herstellung der st\u00e4rksten und sch\u00e4rfsten Messer der Welt besch\u00e4ftigt. In den letzten drei Jahrzehnten stand Cold Steel an der Spitze zahlreicher Innovationen, die die Messerindustrie gepr\u00e4gt haben. Aufeinanderfolgende Erfolge, darunter die Einf\u00fchrung von karierten Kraton\u00ae-Griffen und Tanto-Spitzklingenstilen, haben sich von merkw\u00fcrdigen Merkmalen zu industriellen Markenzeichen f\u00fcr Qualit\u00e4t und Raffinesse entwickelt. Die neue Richtung wurde auch mit der Einf\u00fchrung einzigartiger neuer Stahlklingen wie San Mai III\u00ae und Tri-Ad\u2122 Lock &amp; Lock-Mechanismus f\u00fcr Klappmesser gebrochen. Zum Beispiel wurde das Tri-Ad\u2122-Schloss von keinem Mitbewerber von Cold Steel erreicht und es wurde nicht nachgewiesen, dass es alles \u00fcbertrifft, was sie bisher produziert haben. Selbstverst\u00e4ndlich blickt Cold Steel stets in die Zukunft und ist stets bestrebt, die st\u00e4rksten und sch\u00e4rfsten Messer der Welt herzustellen. Dieses gleicherma\u00dfen schwer fassbare und schwer zu erreichende Ziel ist seit vierzig Jahren dasselbe. Cold Steel Inc. ist ein Unternehmen, das sich auf die Herstellung der st\u00e4rksten und sch\u00e4rfsten Messer, Schwerter, Tomahawks, Macheten, Bestecke und Werkzeuge f\u00fcr den t\u00e4glichen Gebrauch konzentriert: EDC. Cold Steel wurde schnell vom Milit\u00e4r, den Spezialeinheiten der Strafverfolgungsbeh\u00f6rden, Notfallhelfern, Selbstverteidigungsexperten und Mitgliedern der Kampfsportgemeinschaft \u00fcbernommen und machte sich schnell einen Namen f\u00fcr Qualit\u00e4t, St\u00e4rke, Zuverl\u00e4ssigkeit und Zuverl\u00e4ssigkeit beim t\u00e4glichen Tragen (EDC). . Unser vielf\u00e4ltiges und abwechslungsreiches Sortiment wuchs schnell und umfasste nicht nur eine riesige Auswahl an Klappmessern (von kleineren \u201eEDC\u201c-Klingen bis zu unseren legend\u00e4ren riesigen \u201eMega-Foldern\u201c), sondern auch feststehende Klingen, Schwerter, S\u00e4bel, St\u00e4be und Hellebarden sowie Jagdzubeh\u00f6r, Speere, Gewehre, \u00c4xte, Macheten, Tomahawks und Werkzeuge! Im Laufe der Jahrzehnte hat Cold Steel bahnbrechende neue Materialien und Designs eingef\u00fchrt, die die Welt moderner Messer, Blankwaffen und Werkzeuge gepr\u00e4gt haben. Von der Einf\u00fchrung der karierten Kraton\u00ae-Griffe und der \u201eamerikanisierten\u201c Tanto-Klinge bis hin zur Einbeziehung innovativer neuer Klingenst\u00e4hle wie San Mai III\u00ae und bahnbrechender Verriegelungsmechanismen (wie unserem Tri-Ad \u2122 Lock). Wenn wir in die Zukunft blicken, bringt Cold Steel weiterhin neue Ma\u00dfst\u00e4be an Festigkeit, Sicherheit und Leistung auf den Markt und bietet bew\u00e4hrte Produkte, auf die Sie sich jederzeit und \u00fcberall verlassen k\u00f6nnen!<\/p>\n<p>Endlich ein D-Guard-Schubmesser, das von Grund auf f\u00fcr den Einsatz in den h\u00e4rtesten Milit\u00e4r- und Spezialeinsatzumgebungen entwickelt wurde. Hergestellt mit einer breiten, zweischneidigen Klinge, die auf Rasiermessersch\u00e4rfe geschliffen ist, schneidet, schneidet und st\u00f6\u00dft es wie eine Kettens\u00e4ge auf Steroiden. Aber es ist der D-Guard-Griff, der ihn wirklich einzigartig macht, da er beispiellosen Schutz f\u00fcr Ihre Hand und Finger bietet. Der Griff ist aus Griv-Ex\u2122 spritzgegossen und mit Kray-Ex\u2122-\u00dcberz\u00fcgen f\u00fcr Komfort und Sto\u00dffestigkeit versehen. Dank der beiden abnehmbaren Sch\u00e4delbrecherkn\u00e4ufe sind multidirektionale Perkussionsschl\u00e4ge m\u00f6glich. Die Secure-Ex\u00ae-Scheide ist hochfunktionell und verf\u00fcgt \u00fcber eine Cordura-G\u00fcrtelschlaufe, sodass Sie das Chaos Push Knife jederzeit an Ihrer Seite tragen k\u00f6nnen.<br \/>\nGewicht: 5 oz Messertyp: Feststehend Produktfamilie: Chaos Steel Familie: St\u00e4hle mit hohem Kohlenstoffgehalt<\/p>\n<p>&nbsp;<\/p>\n","protected":false},"excerpt":{"rendered":"<p>Das Chaos Push Knife ist ein solides Messer mit einer glatten Klinge. Das Messer wird von einem \u201eD\u201c-Handschutz aus hochfestem 6061-Aluminium dominiert.<\/p>\n","protected":false},"featured_media":343724,"comment_status":"open","ping_status":"closed","template":"","meta":[],"pwb-brand":[3602],"product_brand":[],"product_cat":[3285,3287],"product_tag":[],"class_list":{"0":"post-343723","1":"product","2":"type-product","3":"status-publish","4":"has-post-thumbnail","6":"pwb-brand-kalter-stahl","7":"product_cat-messer","8":"product_cat-solide-messer","10":"first","11":"instock","12":"taxable","13":"shipping-taxable","14":"purchasable","15":"product-type-simple"},"brands":[{"id":3602,"name":"Kalter Stahl","slug":"kalter-stahl"}],"_links":{"self":[{"href":"https:\/\/www.moskito.cz\/de\/wp-json\/wp\/v2\/product\/343723","targetHints":{"allow":["GET"]}}],"collection":[{"href":"https:\/\/www.moskito.cz\/de\/wp-json\/wp\/v2\/product"}],"about":[{"href":"https:\/\/www.moskito.cz\/de\/wp-json\/wp\/v2\/types\/product"}],"replies":[{"embeddable":true,"href":"https:\/\/www.moskito.cz\/de\/wp-json\/wp\/v2\/comments?post=343723"}],"wp:featuredmedia":[{"embeddable":true,"href":"https:\/\/www.moskito.cz\/de\/wp-json\/wp\/v2\/media\/343724"}],"wp:attachment":[{"href":"https:\/\/www.moskito.cz\/de\/wp-json\/wp\/v2\/media?parent=343723"}],"wp:term":[{"taxonomy":"pwb-brand","embeddable":true,"href":"https:\/\/www.moskito.cz\/de\/wp-json\/wp\/v2\/pwb-brand?post=343723"},{"taxonomy":"product_brand","embeddable":true,"href":"https:\/\/www.moskito.cz\/de\/wp-json\/wp\/v2\/product_brand?post=343723"},{"taxonomy":"product_cat","embeddable":true,"href":"https:\/\/www.moskito.cz\/de\/wp-json\/wp\/v2\/product_cat?post=343723"},{"taxonomy":"product_tag","embeddable":true,"href":"https:\/\/www.moskito.cz\/de\/wp-json\/wp\/v2\/product_tag?post=343723"}],"curies":[{"name":"wp","href":"https:\/\/api.w.org\/{rel}","templated":true}]}}