{"id":343749,"date":"2022-10-31T22:27:30","date_gmt":"2022-10-31T21:27:30","guid":{"rendered":"https:\/\/www.moskito.cz\/produkt\/feststehendes-messer-cold-steel-double-agent-i\/"},"modified":"2025-05-07T11:16:48","modified_gmt":"2025-05-07T10:16:48","slug":"feststehendes-messer-cold-steel-double-agent-i","status":"publish","type":"product","link":"https:\/\/www.moskito.cz\/de\/produkt\/feststehendes-messer-cold-steel-double-agent-i\/","title":{"rendered":"Feststehendes Messer Cold Steel DOUBLE AGENT I"},"content":{"rendered":"<p>Feststehendes Messer <strong>Cold Steel<\/strong> DOUBLE AGENT I.<\/p>\n<p>Die vom Messermacher Zach Whitson entworfenen Double Agent-Messer von Cold sind mit einer Karambit- oder Clip-Point-Klinge erh\u00e4ltlich. D\u00fcnn, flach und superleicht (etwas mehr als 3 Unzen inklusive sicherer H\u00fclle!), die sich leicht verstecken und sehr bequem tragen lassen. Ihr bemerkenswertestes und auff\u00e4lligstes Merkmal ist jedoch das Doppelring-Griffdesign. F\u00fchren Sie Ihren Zeige- und kleinen Finger durch die integrierten Stahlringe und formen Sie eine Faust f\u00fcr einen bequemen und sicheren Halt.<\/p>\n<p>PRODUKTPARAMETER<br \/>\nFarbe: Schwarz\/Silber<br \/>\nMantelmaterial: Secure-Ex\u00ae Mantel<br \/>\nStahl: Japanischer AUS 8A Edelstahl<br \/>\nGesamtgr\u00f6\u00dfe: 193 mm<br \/>\nGriffmaterial: Lang mit Griv-Ex-Griff<br \/>\nKlingenst\u00e4rke: 2,3 mm<br \/>\nGewicht: 68,03 g<br \/>\nGriffl\u00e4nge: 117 mm<\/p>\n","protected":false},"excerpt":{"rendered":"<p>Double Agent von Cold, entworfen vom Messermacher Zach Whitson.<\/p>\n","protected":false},"featured_media":343750,"comment_status":"open","ping_status":"closed","template":"","meta":[],"pwb-brand":[3602],"product_brand":[],"product_cat":[3287,3285],"product_tag":[],"class_list":{"0":"post-343749","1":"product","2":"type-product","3":"status-publish","4":"has-post-thumbnail","6":"pwb-brand-kalter-stahl","7":"product_cat-solide-messer","8":"product_cat-messer","10":"first","11":"instock","12":"taxable","13":"shipping-taxable","14":"purchasable","15":"product-type-simple"},"brands":[{"id":3602,"name":"Kalter Stahl","slug":"kalter-stahl"}],"_links":{"self":[{"href":"https:\/\/www.moskito.cz\/de\/wp-json\/wp\/v2\/product\/343749","targetHints":{"allow":["GET"]}}],"collection":[{"href":"https:\/\/www.moskito.cz\/de\/wp-json\/wp\/v2\/product"}],"about":[{"href":"https:\/\/www.moskito.cz\/de\/wp-json\/wp\/v2\/types\/product"}],"replies":[{"embeddable":true,"href":"https:\/\/www.moskito.cz\/de\/wp-json\/wp\/v2\/comments?post=343749"}],"wp:featuredmedia":[{"embeddable":true,"href":"https:\/\/www.moskito.cz\/de\/wp-json\/wp\/v2\/media\/343750"}],"wp:attachment":[{"href":"https:\/\/www.moskito.cz\/de\/wp-json\/wp\/v2\/media?parent=343749"}],"wp:term":[{"taxonomy":"pwb-brand","embeddable":true,"href":"https:\/\/www.moskito.cz\/de\/wp-json\/wp\/v2\/pwb-brand?post=343749"},{"taxonomy":"product_brand","embeddable":true,"href":"https:\/\/www.moskito.cz\/de\/wp-json\/wp\/v2\/product_brand?post=343749"},{"taxonomy":"product_cat","embeddable":true,"href":"https:\/\/www.moskito.cz\/de\/wp-json\/wp\/v2\/product_cat?post=343749"},{"taxonomy":"product_tag","embeddable":true,"href":"https:\/\/www.moskito.cz\/de\/wp-json\/wp\/v2\/product_tag?post=343749"}],"curies":[{"name":"wp","href":"https:\/\/api.w.org\/{rel}","templated":true}]}}