{"id":343772,"date":"2022-09-27T21:07:10","date_gmt":"2024-06-12T11:24:55","guid":{"rendered":"https:\/\/www.moskito.cz\/produkt\/feststehendes-messer-crkt-halfachance-k920kkp\/"},"modified":"2025-05-07T11:16:49","modified_gmt":"2025-05-07T10:16:49","slug":"feststehendes-messer-crkt-halfachance-k920kkp","status":"publish","type":"product","link":"https:\/\/www.moskito.cz\/de\/produkt\/feststehendes-messer-crkt-halfachance-k920kkp\/","title":{"rendered":"Feststehendes Messer CRKT HALFACHANCE K920KKP"},"content":{"rendered":"<p>Feststehendes Messer <strong>CRKT<\/strong> HALFACHANCE K920KKP.<\/p>\n<p>Mit einer gro\u00dfz\u00fcgigen Klinge, einem bequemen Griff und einer verst\u00e4rkten Nylonscheide ist es ein \u00dcberlebensger\u00e4t, das Sie als Ihr eigenes Rettungsteam verwenden k\u00f6nnen.<\/p>\n<p>Die Halfachance\u2122 ist eine massive, solide Survival-Parang-Klinge, die vom preisgekr\u00f6nten Messermacher Ken Onion aus Kaneohe, HI, entworfen wurde, um langlebig und stark zu sein und wie ein Ochse zu funktionieren. Die robuste Klinge aus Kohlenstoffstahl ist mit einer schwarzen Pulverbeschichtung versehen, die auch extremen Umgebungsbedingungen standh\u00e4lt. Gebaut f\u00fcr den harten Einsatz, verschafft es sich im Gel\u00e4nde leicht einen Vorsprung, sobald Sie sich Ihren Weg aus den Tiefen des Dschungels gebahnt haben.<\/p>\n<p>Die halbe Miete in jeder \u00dcberlebenssituation ist die eigene k\u00f6rperliche Ersch\u00f6pfung. Um dies zu verhindern, ist der doppelte, spritzgegossene Griff ergonomisch gestaltet, um die Erm\u00fcdung der Hand zu verringern, und verf\u00fcgt \u00fcber mehrere Seill\u00f6cher f\u00fcr verschiedene Griffoptionen. Das Ergebnis ist ein effizienteres Slicing, wenn Sie Ihren eigenen Pfad schneiden m\u00fcssen. Buchst\u00e4blich.<\/p>\n<p>Dieser Parang verf\u00fcgt \u00fcber eine verst\u00e4rkte Nylonscheide mit einem einzigartigen Klettverschlusssystem, das zwischen zwei Positionen gewechselt werden kann: h\u00e4ngend oder am G\u00fcrtel befestigt. F\u00fcr Notf\u00e4lle oder um dieses Paar an einem Rucksack, Lastwagen oder Maultier zu befestigen, l\u00e4sst sich ein zus\u00e4tzlicher Paracord-Anh\u00e4nger an der Scheide befestigen.<\/p>\n<p>Greifen Sie nach der Klinge, die Sie sicher nach Hause bringt \u2013 selbst wenn Sie nur Halfachance\u2122 zum \u00dcberleben haben.<\/p>\n<p>SPEZIFIKATIONEN<br \/>\nKlingenl\u00e4nge 14,00&#8243; (355,60 mm)<br \/>\nKlinge Klinge Plain<br \/>\nKlingenstahl 65Mn Kohlenstoffstahl<br \/>\nOberfl\u00e4chenbehandlung der Klinge mit Pulverbeschichtung<br \/>\nKlingenst\u00e4rke: 0,10 Zoll (2,54 mm)<br \/>\nGesamtl\u00e4nge 19,50&#8243; (495,30 mm)<br \/>\nGewicht 1,28 lb (0,58 kg)<br \/>\nGriff aus glasfaserverst\u00e4rktem Nylon mit Gummibeschichtung<br \/>\nStil: Feststehendes Messer mit Scheide<br \/>\nAu\u00dfenmaterial: Gewebtes Nylon<br \/>\nSchalengewicht 6,10 oz (172,93 g)<\/p>\n<p><iframe title=\"CRKT Halfachance Parang | by Ken Onion\" width=\"800\" height=\"450\" src=\"https:\/\/www.youtube.com\/embed\/chsRGpztVDQ?feature=oembed\" frameborder=\"0\" allow=\"accelerometer; autoplay; clipboard-write; encrypted-media; gyroscope; picture-in-picture; web-share\" referrerpolicy=\"strict-origin-when-cross-origin\" allowfullscreen><\/iframe><\/p>\n<p>&nbsp;<\/p>\n<p>&nbsp;<\/p>\n","protected":false},"excerpt":{"rendered":"<p>Entworfen von Ken Onion in Kaneohe, Hawaii.<\/p>\n","protected":false},"featured_media":343773,"comment_status":"open","ping_status":"closed","template":"","meta":[],"pwb-brand":[3457],"product_brand":[],"product_cat":[3285,3287],"product_tag":[3669],"class_list":{"0":"post-343772","1":"product","2":"type-product","3":"status-publish","4":"has-post-thumbnail","6":"pwb-brand-crkt-de","7":"product_cat-messer","8":"product_cat-solide-messer","9":"product_tag-b2b-de","11":"first","12":"outofstock","13":"taxable","14":"shipping-taxable","15":"purchasable","16":"product-type-simple"},"brands":[{"id":3457,"name":"CRKT","slug":"crkt-de"}],"_links":{"self":[{"href":"https:\/\/www.moskito.cz\/de\/wp-json\/wp\/v2\/product\/343772","targetHints":{"allow":["GET"]}}],"collection":[{"href":"https:\/\/www.moskito.cz\/de\/wp-json\/wp\/v2\/product"}],"about":[{"href":"https:\/\/www.moskito.cz\/de\/wp-json\/wp\/v2\/types\/product"}],"replies":[{"embeddable":true,"href":"https:\/\/www.moskito.cz\/de\/wp-json\/wp\/v2\/comments?post=343772"}],"wp:featuredmedia":[{"embeddable":true,"href":"https:\/\/www.moskito.cz\/de\/wp-json\/wp\/v2\/media\/343773"}],"wp:attachment":[{"href":"https:\/\/www.moskito.cz\/de\/wp-json\/wp\/v2\/media?parent=343772"}],"wp:term":[{"taxonomy":"pwb-brand","embeddable":true,"href":"https:\/\/www.moskito.cz\/de\/wp-json\/wp\/v2\/pwb-brand?post=343772"},{"taxonomy":"product_brand","embeddable":true,"href":"https:\/\/www.moskito.cz\/de\/wp-json\/wp\/v2\/product_brand?post=343772"},{"taxonomy":"product_cat","embeddable":true,"href":"https:\/\/www.moskito.cz\/de\/wp-json\/wp\/v2\/product_cat?post=343772"},{"taxonomy":"product_tag","embeddable":true,"href":"https:\/\/www.moskito.cz\/de\/wp-json\/wp\/v2\/product_tag?post=343772"}],"curies":[{"name":"wp","href":"https:\/\/api.w.org\/{rel}","templated":true}]}}