{"id":343780,"date":"2022-10-31T21:44:05","date_gmt":"2024-06-12T11:25:05","guid":{"rendered":"https:\/\/www.moskito.cz\/produkt\/cold-steel-kudu-klappmesser\/"},"modified":"2025-05-07T11:16:49","modified_gmt":"2025-05-07T10:16:49","slug":"cold-steel-kudu-klappmesser","status":"publish","type":"product","link":"https:\/\/www.moskito.cz\/de\/produkt\/cold-steel-kudu-klappmesser\/","title":{"rendered":"Cold Steel KUDU Klappmesser"},"content":{"rendered":"<p><strong>Cold Steel<\/strong> KUDU Klappmesser.<\/p>\n<p>Das Cold Steel Kudu ist von klassischen Ringverschluss-Klappmessern aus Afrika inspiriert. Diese hochfunktionellen Klingen werden von Menschen aus allen Lebensbereichen besessen und getragen und sind das allt\u00e4gliche Werkzeug der Wahl f\u00fcr fast jede erdenkliche Aufgabe. Sie haben den Test der Zeit bestanden und werden seit Jahrhunderten ununterbrochen verwendet \u2013 und das aus gutem Grund: Sie funktionieren! Unser Kudu verf\u00fcgt \u00fcber eine \u00e4u\u00dferst langlebige und wundersch\u00f6n hochglanzpolierte Edelstahlklinge, die fachm\u00e4nnisch w\u00e4rmebehandelt wurde, um eine hervorragende Balance zwischen Schnitthaltigkeit und einfachem Nachsch\u00e4rfen zu bieten. Der Griff besteht aus langlebigem, glasfaserverst\u00e4rktem Zy-Ex und verf\u00fcgt \u00fcber eine attraktive Holzstruktur und einen polierten Silberbesatz. Kudu ist erstaunlich leicht, vielseitig und funktional und f\u00fcr fast jedes Budget erschwinglich.<\/p>\n<p>PRODUKTPARAMETER<br \/>\nStahl: 5Cr15MoV<br \/>\nKlingenl\u00e4nge: 107 mm<br \/>\nGriffmaterial: Long Zy-Ex\u2122<br \/>\nKlingenst\u00e4rke: 2 mm<br \/>\nFarbe: Schwarz\/Silber<br \/>\nGewicht: 76 g<br \/>\nGriffl\u00e4nge: 146 mm<br \/>\nGesamtgr\u00f6\u00dfe: 254 mm<br \/>\nSicherungstyp: Ringsicherung<\/p>\n","protected":false},"excerpt":{"rendered":"<p>Das Cold Steel Kudu ist von klassischen Ringverschluss-Klappmessern aus Afrika inspiriert.<\/p>\n","protected":false},"featured_media":343781,"comment_status":"open","ping_status":"closed","template":"","meta":[],"pwb-brand":[3602],"product_brand":[],"product_cat":[3285,3303],"product_tag":[],"class_list":{"0":"post-343780","1":"product","2":"type-product","3":"status-publish","4":"has-post-thumbnail","6":"pwb-brand-kalter-stahl","7":"product_cat-messer","8":"product_cat-schliesmesser","10":"first","11":"instock","12":"taxable","13":"shipping-taxable","14":"purchasable","15":"product-type-simple"},"brands":[{"id":3602,"name":"Kalter Stahl","slug":"kalter-stahl"}],"_links":{"self":[{"href":"https:\/\/www.moskito.cz\/de\/wp-json\/wp\/v2\/product\/343780","targetHints":{"allow":["GET"]}}],"collection":[{"href":"https:\/\/www.moskito.cz\/de\/wp-json\/wp\/v2\/product"}],"about":[{"href":"https:\/\/www.moskito.cz\/de\/wp-json\/wp\/v2\/types\/product"}],"replies":[{"embeddable":true,"href":"https:\/\/www.moskito.cz\/de\/wp-json\/wp\/v2\/comments?post=343780"}],"wp:featuredmedia":[{"embeddable":true,"href":"https:\/\/www.moskito.cz\/de\/wp-json\/wp\/v2\/media\/343781"}],"wp:attachment":[{"href":"https:\/\/www.moskito.cz\/de\/wp-json\/wp\/v2\/media?parent=343780"}],"wp:term":[{"taxonomy":"pwb-brand","embeddable":true,"href":"https:\/\/www.moskito.cz\/de\/wp-json\/wp\/v2\/pwb-brand?post=343780"},{"taxonomy":"product_brand","embeddable":true,"href":"https:\/\/www.moskito.cz\/de\/wp-json\/wp\/v2\/product_brand?post=343780"},{"taxonomy":"product_cat","embeddable":true,"href":"https:\/\/www.moskito.cz\/de\/wp-json\/wp\/v2\/product_cat?post=343780"},{"taxonomy":"product_tag","embeddable":true,"href":"https:\/\/www.moskito.cz\/de\/wp-json\/wp\/v2\/product_tag?post=343780"}],"curies":[{"name":"wp","href":"https:\/\/api.w.org\/{rel}","templated":true}]}}