{"id":343800,"date":"2022-04-17T21:36:27","date_gmt":"2022-04-17T20:36:27","guid":{"rendered":"https:\/\/www.moskito.cz\/produkt\/cold-steel-sr1-klappmesser\/"},"modified":"2025-05-07T11:16:49","modified_gmt":"2025-05-07T10:16:49","slug":"cold-steel-sr1-klappmesser","status":"publish","type":"product","link":"https:\/\/www.moskito.cz\/de\/produkt\/cold-steel-sr1-klappmesser\/","title":{"rendered":"Cold Steel SR1 Klappmesser"},"content":{"rendered":"<p><strong>Cold Steel<\/strong> SR1 Klappmesser.<\/p>\n<p><strong>Das Cold Steel SRK<\/strong> (Survival Rescue Knife) ist seit \u00fcber 25 Jahren das stolze Flaggschiff unseres Sortiments. Das Messer der Wahl f\u00fcr viele unserer Br\u00fcder und Schwestern im Milit\u00e4r ist nach wie vor das Standardmesser mit feststehender Klinge f\u00fcr Navy SEALs w\u00e4hrend des BUDS-Trainings. Kein Wunder also, dass sich Andrew Demko vom legend\u00e4ren SRK inspirieren lie\u00df, als wir den Messermacher Andrew Demko mit der Entwicklung eines neuen taktischen High-End-Klappmessers f\u00fcr den milit\u00e4rischen Einsatz beauftragten! Der SR1 zeichnet sich durch den charakteristischen minimalistischen Stil von Andrews aus, ohne Schnickschnack und Schnickschnack, sondern nur durch ein rein funktionales, praktisches Design. Die robuste SR1-Klinge ist f\u00fcr die Arbeit gebaut. Hergestellt aus 5 mm dickem, pulverbeschichtetem US-Premium-Stahl CPM-S35VN, ist es ein robustes Arbeitstier, das f\u00fcr die h\u00e4rtesten und h\u00e4rtesten Umgebungen entwickelt wurde. Eine gute Klinge braucht einen guten Griff, daher besteht der SR1-Griff aus hochwertigem G-10 mit Eins\u00e4tzen aus w\u00e4rmebehandeltem Stahl. Mit integrierter Fangriemen\u00f6se und rauer Strukturoberfl\u00e4che f\u00fcr sicheren Halt auch bei K\u00e4lte und N\u00e4sse und fachm\u00e4nnisch geformt f\u00fcr bequemen und sicheren Halt auch mit schweren Handschuhen. F\u00fcr zus\u00e4tzliche Zuverl\u00e4ssigkeit und Sicherheit haben wir das SR1 mit unserem weltber\u00fchmten Tri-Ad-Verriegelungsmechanismus ausgestattet \u2013 der immer wieder bewiesen hat, dass er den schlimmsten Beanspruchungen standh\u00e4lt, mit un\u00fcbertroffener Schlag- und Schlagfestigkeit \u2013 was dieses Messer zur idealen Wahl macht eine \u00dcberlebensklinge, die f\u00fcr die Kriegselite unserer Nationen bestimmt ist! nassen Bedingungen und fachm\u00e4nnisch geformt, um auch mit schweren Handschuhen einen bequemen und sicheren Halt zu erm\u00f6glichen. F\u00fcr zus\u00e4tzliche Zuverl\u00e4ssigkeit und Sicherheit haben wir das SR1 mit unserem weltber\u00fchmten Tri-Ad-Verriegelungsmechanismus ausgestattet \u2013 der immer wieder bewiesen hat, dass er den schlimmsten Beanspruchungen standh\u00e4lt, mit un\u00fcbertroffener Schlag- und Schlagfestigkeit \u2013 was dieses Messer zur idealen Wahl macht eine \u00dcberlebensklinge, die f\u00fcr die Kriegselite unserer Nationen bestimmt ist! nassen Bedingungen und fachm\u00e4nnisch geformt, um auch mit schweren Handschuhen einen bequemen und sicheren Halt zu erm\u00f6glichen. F\u00fcr zus\u00e4tzliche Zuverl\u00e4ssigkeit und Sicherheit haben wir das SR1 mit unserem weltber\u00fchmten Tri-Ad-Verriegelungsmechanismus ausgestattet \u2013 der immer wieder bewiesen hat, dass er den schlimmsten Beanspruchungen standh\u00e4lt, mit un\u00fcbertroffener Schlag- und Schlagfestigkeit \u2013 was dieses Messer zur idealen Wahl macht eine \u00dcberlebensklinge, die f\u00fcr die Kriegselite unserer Nationen bestimmt ist!<\/p>\n<p>PRODUKTPARAMETER<br \/>\nKlingenl\u00e4nge: 101 mm<br \/>\nGesamtgr\u00f6\u00dfe: 238 mm<br \/>\nStahl: CPM-S35VN<br \/>\nGewicht: 198,44 g<br \/>\nKlingenst\u00e4rke: 4,8 mm<br \/>\nSicherungstyp: Tri-Ad Lock<br \/>\nGriffmaterial: Long OD Green G10<br \/>\nFarbe: Gr\u00fcn\/Silber<br \/>\nGeh\u00e4usematerial: Beidh\u00e4ndig verwendbare Tasche\/G\u00fcrtelclip<br \/>\nGriffl\u00e4nge: 137 mm<\/p>\n<p>Das Cold Steel SRK (Survival Rescue Knife) ist seit \u00fcber 25 Jahren ein stolzes Flaggschiff in unserem Sortiment. F\u00fcr viele unserer Br\u00fcder und Schwestern im Milit\u00e4r ist es das Messer der Wahl und ist bis heute die feststehende Standardklinge der Navy SEALs w\u00e4hrend des BUDS-Trainings. Kein Wunder also, dass Andrew Demko, als wir den Messermacher Andrew Demko mit der Entwicklung eines neuen hochwertigen taktischen Klappmessers f\u00fcr milit\u00e4rische Zwecke beauftragten, sich vom legend\u00e4ren SRK inspirieren lie\u00df! Der SR1 zeichnet sich durch den f\u00fcr Andrews typischen minimalistischen Stil aus, ohne unn\u00f6tige Schn\u00f6rkel oder Verzierungen, sondern nur durch rein funktionales, geradliniges und praktisches Design. Die robuste Klinge des SR1 ist f\u00fcr den Einsatz gemacht. Hergestellt aus 5 mm dickem amerikanischem Premium-Pulverstahl CPM-S35VN, ist es ein robustes Arbeitstier, das f\u00fcr die h\u00e4rtesten und h\u00e4rtesten Umgebungen entwickelt wurde. Eine gute Klinge braucht einen guten Griff, daher besteht der Griff des SR1 aus hochwertigem G-10 mit w\u00e4rmebehandelten, ineinander verschachtelten Stahlzwischenlagen. Mit integrierter Fangriemen\u00f6se und grob strukturierter Oberfl\u00e4che f\u00fcr sicheren Halt auch bei K\u00e4lte und N\u00e4sse, sowie fachm\u00e4nnisch geformt, um auch beim Tragen schwerer Handschuhe einen bequemen und sicheren Halt zu erm\u00f6glichen. F\u00fcr zus\u00e4tzliche Zuverl\u00e4ssigkeit und Sicherheit haben wir das SR1 mit unserem weltber\u00fchmten Tri-Ad-Verriegelungsmechanismus ausgestattet \u2013 der sich immer wieder bew\u00e4hrt hat, selbst den schlimmsten Missbrauch zu \u00fcberstehen, mit beispielloser Sto\u00df- und Schlagfestigkeit \u2013 was dieses Messer zur idealen Wahl f\u00fcr ein macht \u00dcberlebensrettungsklinge f\u00fcr die Kriegerelite unserer Nation!<\/p>\n<p>Gewicht: 7oz Klingenst\u00e4rke: 4,8 mm Klingenl\u00e4nge: 4 Zoll Klingenstahl: S35VN Griffl\u00e4nge\/Material: 5-3\/8 Zoll G-10 (Au\u00dfendurchmesser Gr\u00fcn) Gesamtl\u00e4nge: 9-3\/8 Zoll Zus\u00e4tzliche Funktionen: Beidh\u00e4ndig verwendbares Taschen-\/G\u00fcrtelclipmesser Typ: Ordnerklingenl\u00e4ngenbereich: 3\u20135 Zoll Stahlfamilie: CPM Klingenform: Clip Point Produktfamilie: SR1 Verriegelungsmechanismus: Tri-Ad Lock<\/p>\n","protected":false},"excerpt":{"rendered":"<p>SR1 von <strong>COLD STEEL<\/strong> ist ein Klappmesser mit glatter Klinge. Das SR1 ist ein robustes Allzweckmesser, das f\u00fcr den Einsatz unter anspruchsvollsten Bedingungen entwickelt wurde.<\/p>\n","protected":false},"featured_media":343802,"comment_status":"open","ping_status":"closed","template":"","meta":[],"pwb-brand":[3602],"product_brand":[],"product_cat":[3303,3285],"product_tag":[],"class_list":{"0":"post-343800","1":"product","2":"type-product","3":"status-publish","4":"has-post-thumbnail","6":"pwb-brand-kalter-stahl","7":"product_cat-schliesmesser","8":"product_cat-messer","10":"first","11":"instock","12":"taxable","13":"shipping-taxable","14":"purchasable","15":"product-type-simple"},"brands":[{"id":3602,"name":"Kalter Stahl","slug":"kalter-stahl"}],"_links":{"self":[{"href":"https:\/\/www.moskito.cz\/de\/wp-json\/wp\/v2\/product\/343800","targetHints":{"allow":["GET"]}}],"collection":[{"href":"https:\/\/www.moskito.cz\/de\/wp-json\/wp\/v2\/product"}],"about":[{"href":"https:\/\/www.moskito.cz\/de\/wp-json\/wp\/v2\/types\/product"}],"replies":[{"embeddable":true,"href":"https:\/\/www.moskito.cz\/de\/wp-json\/wp\/v2\/comments?post=343800"}],"wp:featuredmedia":[{"embeddable":true,"href":"https:\/\/www.moskito.cz\/de\/wp-json\/wp\/v2\/media\/343802"}],"wp:attachment":[{"href":"https:\/\/www.moskito.cz\/de\/wp-json\/wp\/v2\/media?parent=343800"}],"wp:term":[{"taxonomy":"pwb-brand","embeddable":true,"href":"https:\/\/www.moskito.cz\/de\/wp-json\/wp\/v2\/pwb-brand?post=343800"},{"taxonomy":"product_brand","embeddable":true,"href":"https:\/\/www.moskito.cz\/de\/wp-json\/wp\/v2\/product_brand?post=343800"},{"taxonomy":"product_cat","embeddable":true,"href":"https:\/\/www.moskito.cz\/de\/wp-json\/wp\/v2\/product_cat?post=343800"},{"taxonomy":"product_tag","embeddable":true,"href":"https:\/\/www.moskito.cz\/de\/wp-json\/wp\/v2\/product_tag?post=343800"}],"curies":[{"name":"wp","href":"https:\/\/api.w.org\/{rel}","templated":true}]}}