{"id":343817,"date":"2022-11-03T22:05:11","date_gmt":"2022-11-03T21:05:11","guid":{"rendered":"https:\/\/www.moskito.cz\/produkt\/cold-steel-sr1-tanto-point-klappmesser\/"},"modified":"2025-05-07T11:16:50","modified_gmt":"2025-05-07T10:16:50","slug":"cold-steel-sr1-tanto-point-klappmesser","status":"publish","type":"product","link":"https:\/\/www.moskito.cz\/de\/produkt\/cold-steel-sr1-tanto-point-klappmesser\/","title":{"rendered":"Cold Steel SR1 TANTO POINT Klappmesser"},"content":{"rendered":"<p><strong>Cold Steel<\/strong> SR1 TANTO POINT Klappmesser.<\/p>\n<p>Das Cold Steel SRK (Survival Rescue Knife) ist seit \u00fcber 25 Jahren das Flaggschiff unseres Sortiments. Es ist das Messer der Wahl f\u00fcr viele Milit\u00e4rangeh\u00f6rige und ist bis heute das Standardmesser mit feststehender Klinge f\u00fcr Navy SEALs in der BUDS-Ausbildung. Als wir den Messermacher Andrew Demek baten, ein erstklassiges taktisches Klappmesser f\u00fcr den milit\u00e4rischen Einsatz zu entwickeln, lie\u00df er sich von unserem SRK inspirieren! Der SR1 zeichnet sich durch Andrews charakteristischen minimalistischen Stil aus, ohne Schnickschnack und Schnickschnack, sondern nur durch ein rein funktionales und praktisches Design. Der SR1 und der neue SR1 Tanto sind f\u00fcr die Arbeit gebaut. Beide bestehen aus amerikanischem Premium-CPM-S35VN-Pulverstahl und sind leistungsstarke Arbeitstiere, die f\u00fcr die rauesten und h\u00e4rtesten Umgebungen entwickelt wurden. Eine gute Klinge braucht einen guten Griff, daher besteht der SR1-Griff aus hochwertigem G-10 mit Eins\u00e4tzen aus w\u00e4rmebehandeltem Stahl. Mit einer rauen, strukturierten Oberfl\u00e4che f\u00fcr sicheren Halt auch bei K\u00e4lte und N\u00e4sse und fachm\u00e4nnisch geformter Form f\u00fcr bequemen und sicheren Halt auch mit schweren Handschuhen. F\u00fcr zus\u00e4tzliche Zuverl\u00e4ssigkeit und Sicherheit haben wir das SR1 mit unserem Tri-Ad-Verriegelungsmechanismus ausgestattet \u2013 der nachweislich selbst schlimmsten Beanspruchungen standh\u00e4lt und eine un\u00fcbertroffene Sto\u00df- und Schlagfestigkeit bietet \u2013 was dieses Messer zur idealen Wahl f\u00fcr eine Survival-Survival-Klinge macht.<\/p>\n<p>PRODUKTPARAMETER<br \/>\nKlingenst\u00e4rke: 4,8 mm<br \/>\nGriffmaterial: Long OD Green G11<br \/>\nGesamtgr\u00f6\u00dfe: 238 mm<br \/>\nArt der Sperre: Tri-Ad Lock<br \/>\nGewicht: 204 g<br \/>\nFarbe: Gr\u00fcn\/Silber<br \/>\nStahl: CPM-S35VN<br \/>\nKlingenl\u00e4nge: 101 mm<br \/>\nHolstermaterial: Beidh\u00e4ndig verwendbare Tasche\/G\u00fcrtelclip<br \/>\nGriffl\u00e4nge: 137 mm<\/p>\n","protected":false},"excerpt":{"rendered":"<p><strong>SR1 Tanto von COLD STEEL ist ein Klappmesser mit glatter Klinge.<\/strong><\/p>\n","protected":false},"featured_media":343819,"comment_status":"open","ping_status":"closed","template":"","meta":[],"pwb-brand":[3602],"product_brand":[],"product_cat":[3303,3285],"product_tag":[3669],"class_list":{"0":"post-343817","1":"product","2":"type-product","3":"status-publish","4":"has-post-thumbnail","6":"pwb-brand-kalter-stahl","7":"product_cat-schliesmesser","8":"product_cat-messer","9":"product_tag-b2b-de","11":"first","12":"instock","13":"taxable","14":"shipping-taxable","15":"purchasable","16":"product-type-simple"},"brands":[{"id":3602,"name":"Kalter Stahl","slug":"kalter-stahl"}],"_links":{"self":[{"href":"https:\/\/www.moskito.cz\/de\/wp-json\/wp\/v2\/product\/343817","targetHints":{"allow":["GET"]}}],"collection":[{"href":"https:\/\/www.moskito.cz\/de\/wp-json\/wp\/v2\/product"}],"about":[{"href":"https:\/\/www.moskito.cz\/de\/wp-json\/wp\/v2\/types\/product"}],"replies":[{"embeddable":true,"href":"https:\/\/www.moskito.cz\/de\/wp-json\/wp\/v2\/comments?post=343817"}],"wp:featuredmedia":[{"embeddable":true,"href":"https:\/\/www.moskito.cz\/de\/wp-json\/wp\/v2\/media\/343819"}],"wp:attachment":[{"href":"https:\/\/www.moskito.cz\/de\/wp-json\/wp\/v2\/media?parent=343817"}],"wp:term":[{"taxonomy":"pwb-brand","embeddable":true,"href":"https:\/\/www.moskito.cz\/de\/wp-json\/wp\/v2\/pwb-brand?post=343817"},{"taxonomy":"product_brand","embeddable":true,"href":"https:\/\/www.moskito.cz\/de\/wp-json\/wp\/v2\/product_brand?post=343817"},{"taxonomy":"product_cat","embeddable":true,"href":"https:\/\/www.moskito.cz\/de\/wp-json\/wp\/v2\/product_cat?post=343817"},{"taxonomy":"product_tag","embeddable":true,"href":"https:\/\/www.moskito.cz\/de\/wp-json\/wp\/v2\/product_tag?post=343817"}],"curies":[{"name":"wp","href":"https:\/\/api.w.org\/{rel}","templated":true}]}}