{"id":343835,"date":"2022-11-01T19:13:41","date_gmt":"2022-11-01T18:13:41","guid":{"rendered":"https:\/\/www.moskito.cz\/produkt\/klappmesser-cold-steel-mini-tuff-lite-plain-edge-schwarz\/"},"modified":"2025-12-24T10:06:31","modified_gmt":"2025-12-24T09:06:31","slug":"klappmesser-cold-steel-mini-tuff-lite-plain-edge-schwarz","status":"publish","type":"product","link":"https:\/\/www.moskito.cz\/de\/produkt\/klappmesser-cold-steel-mini-tuff-lite-plain-edge-schwarz\/","title":{"rendered":"Klappmesser Cold Steel MINI TUFF LITE PLAIN EDGE &#8211; SCHWARZ"},"content":{"rendered":"<p>Klappmesser <strong>Cold Steel<\/strong> MINI TUFF LITE PLAIN EDGE &#8211; SCHWARZ.<\/p>\n<p>Die Tuff Lite-Ordner von Cold Steel sind stark genug, um damit umzugehen, und leicht genug, um sie immer griffbereit zu haben, wenn Sie sie brauchen. Die perfekte Gr\u00f6\u00dfe passt in jede Tasche, l\u00e4sst sich an der Taille befestigen oder an einem Schl\u00fcsselband um den Hals tragen. Dank ihrer breiten, hohlgeschliffenen Klingen sind sie gnadenlos scharf und schneiden selbst h\u00e4rteste Materialien mit unerwarteter Leichtigkeit. Und ihre abgewinkelten Spitzen erm\u00f6glichen ein tiefes Eindringen und pr\u00e4zises Schneiden, ohne aggressiv genug zu sein, um unerw\u00fcnschte Aufmerksamkeit zu erregen. Sowohl die Standardgr\u00f6\u00dfe als auch die Mini-Version sind f\u00fcr den Einsatz konzipiert und bieten dank ihrer hervorragend gestalteten Griv Ex\u2122-Griffe, die ein enormes Verh\u00e4ltnis von Festigkeit zu Gewicht bieten und mit unserem hochmodernen Tri-Ad ausgestattet sind, einen \u00fcberraschend guten Halt Schloss, das f\u00fcr seine Gr\u00f6\u00dfe beeindruckende Muskeln liefert.<\/p>\n<p>PRODUKTPARAMETER<br \/>\nGewicht: 45 g<br \/>\nGesamtgr\u00f6\u00dfe: 127 mm<br \/>\nKlingenst\u00e4rke: 2,5 mm<br \/>\nKlingenl\u00e4nge: 51 mm<br \/>\nGriffl\u00e4nge: 76 mm<br \/>\nGriffmaterial: Long Griv-Ex\u2122<br \/>\nFarbe: Schwarz\/Silber<br \/>\nStahl: Japanisch 4034SS<\/p>\n","protected":false},"excerpt":{"rendered":"<p>Das Cold Steel Mini Tuff Lite ist ein kleines Klappmesser mit einer glatten, geraden Schneide.<\/p>\n","protected":false},"featured_media":343836,"comment_status":"open","ping_status":"closed","template":"","meta":[],"pwb-brand":[3602],"product_brand":[],"product_cat":[3303,3285],"product_tag":[],"class_list":{"0":"post-343835","1":"product","2":"type-product","3":"status-publish","4":"has-post-thumbnail","6":"pwb-brand-kalter-stahl","7":"product_cat-schliesmesser","8":"product_cat-messer","10":"first","11":"outofstock","12":"taxable","13":"shipping-taxable","14":"purchasable","15":"product-type-simple"},"brands":[{"id":3602,"name":"Kalter Stahl","slug":"kalter-stahl"}],"_links":{"self":[{"href":"https:\/\/www.moskito.cz\/de\/wp-json\/wp\/v2\/product\/343835","targetHints":{"allow":["GET"]}}],"collection":[{"href":"https:\/\/www.moskito.cz\/de\/wp-json\/wp\/v2\/product"}],"about":[{"href":"https:\/\/www.moskito.cz\/de\/wp-json\/wp\/v2\/types\/product"}],"replies":[{"embeddable":true,"href":"https:\/\/www.moskito.cz\/de\/wp-json\/wp\/v2\/comments?post=343835"}],"wp:featuredmedia":[{"embeddable":true,"href":"https:\/\/www.moskito.cz\/de\/wp-json\/wp\/v2\/media\/343836"}],"wp:attachment":[{"href":"https:\/\/www.moskito.cz\/de\/wp-json\/wp\/v2\/media?parent=343835"}],"wp:term":[{"taxonomy":"pwb-brand","embeddable":true,"href":"https:\/\/www.moskito.cz\/de\/wp-json\/wp\/v2\/pwb-brand?post=343835"},{"taxonomy":"product_brand","embeddable":true,"href":"https:\/\/www.moskito.cz\/de\/wp-json\/wp\/v2\/product_brand?post=343835"},{"taxonomy":"product_cat","embeddable":true,"href":"https:\/\/www.moskito.cz\/de\/wp-json\/wp\/v2\/product_cat?post=343835"},{"taxonomy":"product_tag","embeddable":true,"href":"https:\/\/www.moskito.cz\/de\/wp-json\/wp\/v2\/product_tag?post=343835"}],"curies":[{"name":"wp","href":"https:\/\/api.w.org\/{rel}","templated":true}]}}