{"id":343841,"date":"2023-03-27T19:59:32","date_gmt":"2024-06-12T11:33:12","guid":{"rendered":"https:\/\/www.moskito.cz\/produkt\/klappmesser-cold-steel-mini-tuff-lite-plain-edge-red\/"},"modified":"2025-05-07T11:16:52","modified_gmt":"2025-05-07T10:16:52","slug":"klappmesser-cold-steel-mini-tuff-lite-plain-edge-red","status":"publish","type":"product","link":"https:\/\/www.moskito.cz\/de\/produkt\/klappmesser-cold-steel-mini-tuff-lite-plain-edge-red\/","title":{"rendered":"Klappmesser Cold Steel MINI TUFF LITE PLAIN EDGE RED"},"content":{"rendered":"<p>Klappmesser <strong>Cold Steel<\/strong> MINI TUFF LITE PLAIN EDGE RED<\/p>\n<p>Die Tuff Lites von Cold Steel sind robust genug, um damit umzugehen, und leicht genug, um immer zur Hand zu sein, wenn Sie sie brauchen. Die perfekte Gr\u00f6\u00dfe passt in jede Tasche, l\u00e4sst sich an der Taille befestigen oder an einem Schl\u00fcsselband um den Hals tragen. Dank ihrer breiten, hohlgeschliffenen Klingen sind sie gnadenlos scharf und schneiden selbst h\u00e4rteste Materialien mit unerwarteter Leichtigkeit. Und ihre abgewinkelten Spitzen erm\u00f6glichen ein tiefes Eindringen und pr\u00e4zises Schneiden, ohne aggressiv genug zu sein, um unerw\u00fcnschte Aufmerksamkeit zu erregen. Sowohl die Standardgr\u00f6\u00dfe als auch die Mini-Version sind f\u00fcr den Einsatz konzipiert und bieten dank ihrer hervorragend gestalteten Griv Ex\u2122-Griffe, die ein enormes Verh\u00e4ltnis von Festigkeit zu Gewicht bieten und mit unserem hochmodernen Tri-Ad ausgestattet sind, einen \u00fcberraschend guten Halt Schloss, das f\u00fcr seine Gr\u00f6\u00dfe beeindruckende Muskeln liefert.<br \/>\nBeschreibung:<br \/>\nGEWICHT 1,6 Unzen.<br \/>\nDICKE 2,5 mm<br \/>\nKLINGENL\u00c4NGE 2 Zoll<br \/>\nGRIP 3&#8243; langes blaues Griv-Ex\u2122<br \/>\nSTAHL \/ MATERIAL 4034SS<br \/>\nGESAMTL\u00c4NGE 5&#8243;.<br \/>\nZUS\u00c4TZLICHE FUNKTIONEN Reversibler Taschen-\/G\u00fcrtelclip<\/p>\n","protected":false},"excerpt":{"rendered":"<p><strong>Das Cold Steel Mini Tuff Lite ist ein kleines Klappmesser mit einer glatten, geraden Schneide. Dank seiner Form ist es ein sehr effektives Arbeitsmesser.<\/strong><\/p>\n","protected":false},"featured_media":343844,"comment_status":"open","ping_status":"closed","template":"","meta":[],"pwb-brand":[3602],"product_brand":[],"product_cat":[3285,3303],"product_tag":[3669],"class_list":{"0":"post-343841","1":"product","2":"type-product","3":"status-publish","4":"has-post-thumbnail","6":"pwb-brand-kalter-stahl","7":"product_cat-messer","8":"product_cat-schliesmesser","9":"product_tag-b2b-de","11":"first","12":"outofstock","13":"taxable","14":"shipping-taxable","15":"purchasable","16":"product-type-simple"},"brands":[{"id":3602,"name":"Kalter Stahl","slug":"kalter-stahl"}],"_links":{"self":[{"href":"https:\/\/www.moskito.cz\/de\/wp-json\/wp\/v2\/product\/343841","targetHints":{"allow":["GET"]}}],"collection":[{"href":"https:\/\/www.moskito.cz\/de\/wp-json\/wp\/v2\/product"}],"about":[{"href":"https:\/\/www.moskito.cz\/de\/wp-json\/wp\/v2\/types\/product"}],"replies":[{"embeddable":true,"href":"https:\/\/www.moskito.cz\/de\/wp-json\/wp\/v2\/comments?post=343841"}],"wp:featuredmedia":[{"embeddable":true,"href":"https:\/\/www.moskito.cz\/de\/wp-json\/wp\/v2\/media\/343844"}],"wp:attachment":[{"href":"https:\/\/www.moskito.cz\/de\/wp-json\/wp\/v2\/media?parent=343841"}],"wp:term":[{"taxonomy":"pwb-brand","embeddable":true,"href":"https:\/\/www.moskito.cz\/de\/wp-json\/wp\/v2\/pwb-brand?post=343841"},{"taxonomy":"product_brand","embeddable":true,"href":"https:\/\/www.moskito.cz\/de\/wp-json\/wp\/v2\/product_brand?post=343841"},{"taxonomy":"product_cat","embeddable":true,"href":"https:\/\/www.moskito.cz\/de\/wp-json\/wp\/v2\/product_cat?post=343841"},{"taxonomy":"product_tag","embeddable":true,"href":"https:\/\/www.moskito.cz\/de\/wp-json\/wp\/v2\/product_tag?post=343841"}],"curies":[{"name":"wp","href":"https:\/\/api.w.org\/{rel}","templated":true}]}}