{"id":343867,"date":"2022-04-20T21:35:46","date_gmt":"2022-04-20T20:35:46","guid":{"rendered":"https:\/\/www.moskito.cz\/produkt\/schiebedolch-cold-steel-urban-edge\/"},"modified":"2025-05-07T11:16:53","modified_gmt":"2025-05-07T10:16:53","slug":"schiebedolch-cold-steel-urban-edge","status":"publish","type":"product","link":"https:\/\/www.moskito.cz\/de\/produkt\/schiebedolch-cold-steel-urban-edge\/","title":{"rendered":"Schiebedolch Cold Steel URBAN EDGE"},"content":{"rendered":"<p>Schiebedolch <strong>Cold Steel<\/strong> URBAN EDGE.<\/p>\n<p>Unser Urban Edge ist ein \u00fcberraschend vielseitiges und n\u00fctzliches Alltagswerkzeug. Sein sicherer Griff erm\u00f6glicht es dem Benutzer, die Hand zu \u00f6ffnen und dennoch die volle Kontrolle \u00fcber das Messer zu behalten. Viele Mitarbeiter von Cold Steel nutzen sie regelm\u00e4\u00dfig \u2013 sie \u00f6ffnen Kisten, bleiben stehen, um Lieferungen zu unterschreiben, oder tippen auf Computern oder Tablets \u2013 und das alles, ohne dass das Messer ihre Hand verl\u00e4sst! Leicht genug, um es als Schl\u00fcsselband zu tragen oder an einem Schl\u00fcsselring aufzuh\u00e4ngen, verf\u00fcgt aber dennoch \u00fcber gen\u00fcgend Schneidkraft, um Aufgaben zu bew\u00e4ltigen, die selbst einige gr\u00f6\u00dfere Messer herausfordern w\u00fcrden; Der Urban Edge ist auch ein beeindruckendes Selbstverteidigungswerkzeug der letzten Wahl.<\/p>\n<p>PRODUKTPARAMETER<br \/>\nStahl: Japanischer AUS 8A Edelstahl<br \/>\nFarbe: Schwarz\/Silber<br \/>\nGriffl\u00e4nge: 38,1 mm<br \/>\nGesamtgr\u00f6\u00dfe: 101 mm<br \/>\nGriffmaterial: Long Kray-Ex\u2122<br \/>\nKlingenl\u00e4nge: 63,5 mm<br \/>\nGewicht: 53,86 g<br \/>\nKlingenst\u00e4rke: 3 mm<br \/>\nMantelmaterial: Secure-Ex\u00ae Halsscheide<\/p>\n<p>Unser Urban Edge ist ein \u00fcberraschend vielseitiges und n\u00fctzliches Alltagswerkzeug. Sein sicherer Griff erm\u00f6glicht es dem Benutzer, die Hand zu \u00f6ffnen und dennoch die volle Kontrolle \u00fcber das Messer zu behalten. Viele Mitarbeiter von Cold Steel nutzen sie regelm\u00e4\u00dfig \u2013 sie \u00f6ffnen Kartons, machen eine Pause, um Lieferungen zu unterschreiben oder tippen auf Computern oder Tablets \u2013 und das alles, ohne dass das Messer jemals ihre Hand verl\u00e4sst. Leicht genug, um es als Halsmesser zu tragen oder an einem Schl\u00fcsselring aufzuh\u00e4ngen! immer noch genug Schneidkraft, um Aufgaben zu bew\u00e4ltigen, die selbst f\u00fcr einige gr\u00f6\u00dfere Messer eine Herausforderung darstellen w\u00fcrden; Der Urban Edge eignet sich auch hervorragend als letztes Mittel zur Selbstverteidigung.<br \/>\nGewicht: 1,9 Unzen Klingenst\u00e4rke: 3 mm Klingenl\u00e4nge: 2 1\/2 Zoll Klingenstahl: Japanischer AUS8A-Edelstahl Griffl\u00e4nge\/Material: 1 1\/2 Zoll Kray-Ex\u2122 Gesamtl\u00e4nge: 4 Zoll Zus\u00e4tzliche Funktionen: Secure-Ex\u00ae Scheidenmessertyp: Feste Klinge, L\u00e4ngenbereich: 3\u20135 Zoll, Stahlfamilie: AUS, Klingenform: Spear Point, Produktfamilie: Urban Edge<\/p>\n","protected":false},"excerpt":{"rendered":"<p>Urban Edge von COLD STEEL ist ein Sto\u00dfdolch mit einer beidseitig glatten Klinge. Urban Edge ist ein Dolch f\u00fcr EDC und das allt\u00e4gliche \u00dcberleben im Gro\u00dfstadtdschungel. Es eignet sich hervorragend zum verdeckten Tragen oder zum Umh\u00e4ngen um den Hals.<\/p>\n","protected":false},"featured_media":343868,"comment_status":"open","ping_status":"closed","template":"","meta":[],"pwb-brand":[3602],"product_brand":[],"product_cat":[3287,3285],"product_tag":[],"class_list":{"0":"post-343867","1":"product","2":"type-product","3":"status-publish","4":"has-post-thumbnail","6":"pwb-brand-kalter-stahl","7":"product_cat-solide-messer","8":"product_cat-messer","10":"first","11":"instock","12":"taxable","13":"shipping-taxable","14":"purchasable","15":"product-type-simple"},"brands":[{"id":3602,"name":"Kalter Stahl","slug":"kalter-stahl"}],"_links":{"self":[{"href":"https:\/\/www.moskito.cz\/de\/wp-json\/wp\/v2\/product\/343867","targetHints":{"allow":["GET"]}}],"collection":[{"href":"https:\/\/www.moskito.cz\/de\/wp-json\/wp\/v2\/product"}],"about":[{"href":"https:\/\/www.moskito.cz\/de\/wp-json\/wp\/v2\/types\/product"}],"replies":[{"embeddable":true,"href":"https:\/\/www.moskito.cz\/de\/wp-json\/wp\/v2\/comments?post=343867"}],"wp:featuredmedia":[{"embeddable":true,"href":"https:\/\/www.moskito.cz\/de\/wp-json\/wp\/v2\/media\/343868"}],"wp:attachment":[{"href":"https:\/\/www.moskito.cz\/de\/wp-json\/wp\/v2\/media?parent=343867"}],"wp:term":[{"taxonomy":"pwb-brand","embeddable":true,"href":"https:\/\/www.moskito.cz\/de\/wp-json\/wp\/v2\/pwb-brand?post=343867"},{"taxonomy":"product_brand","embeddable":true,"href":"https:\/\/www.moskito.cz\/de\/wp-json\/wp\/v2\/product_brand?post=343867"},{"taxonomy":"product_cat","embeddable":true,"href":"https:\/\/www.moskito.cz\/de\/wp-json\/wp\/v2\/product_cat?post=343867"},{"taxonomy":"product_tag","embeddable":true,"href":"https:\/\/www.moskito.cz\/de\/wp-json\/wp\/v2\/product_tag?post=343867"}],"curies":[{"name":"wp","href":"https:\/\/api.w.org\/{rel}","templated":true}]}}