{"id":343880,"date":"2020-04-30T10:20:11","date_gmt":"2024-06-12T11:50:00","guid":{"rendered":"https:\/\/www.moskito.cz\/produkt\/feststehendes-messer-cold-steel-true-flight-thrower-cs80tftc\/"},"modified":"2025-07-11T07:51:16","modified_gmt":"2025-07-11T06:51:16","slug":"feststehendes-messer-cold-steel-true-flight-thrower-cs80tftc","status":"publish","type":"product","link":"https:\/\/www.moskito.cz\/de\/produkt\/feststehendes-messer-cold-steel-true-flight-thrower-cs80tftc\/","title":{"rendered":"Feststehendes Messer Cold Steel True Flight Thrower CS80TFTC"},"content":{"rendered":"<p>Feststehendes Messer Cold Steel True Flight Thrower CS80TFTC.<\/p>\n<p>Das amerikanische Unternehmen Cold Steel hat seinen Ursprung in Ventura, Kalifornien. Die Marke wurde 1980 mit dem Fokus gegr\u00fcndet, die st\u00e4rksten und sch\u00e4rfsten Messer der Welt herzustellen. In den letzten drei Jahrzehnten stand Cold Steel an der Spitze vieler Innovationen, die dazu beigetragen haben, das kommerzielle Messer als Ganzes zu definieren. Der Hersteller achtet auf eine hohe Verarbeitungsqualit\u00e4t und arbeitet kontinuierlich daran, sein Ziel zu erreichen, die st\u00e4rksten und sch\u00e4rfsten Messer der Welt anzubieten. Ein umfangreiches Sortiment an Einsatz- oder Jagdmessern sorgt f\u00fcr eine breite Nutzerbasis und treue Fans<\/p>\n<p>Gesamtl\u00e4nge: 30,5 cm<br \/>\n Klingenl\u00e4nge: 17 cm<br \/>\n Stahl: 1055 Kohlenstoff<br \/>\n Griff: mit Paracord umwickelt<\/p>\n<p>&nbsp;<\/p>\n","protected":false},"excerpt":{"rendered":"<p>Feststehendes Messer mit Scheide.<\/p>\n","protected":false},"featured_media":168015,"comment_status":"open","ping_status":"closed","template":"","meta":[],"pwb-brand":[3602],"product_brand":[],"product_cat":[3287,3285],"product_tag":[],"class_list":{"0":"post-343880","1":"product","2":"type-product","3":"status-publish","4":"has-post-thumbnail","6":"pwb-brand-kalter-stahl","7":"product_cat-solide-messer","8":"product_cat-messer","10":"first","11":"instock","12":"taxable","13":"shipping-taxable","14":"purchasable","15":"product-type-simple"},"brands":[{"id":3602,"name":"Kalter Stahl","slug":"kalter-stahl"}],"_links":{"self":[{"href":"https:\/\/www.moskito.cz\/de\/wp-json\/wp\/v2\/product\/343880","targetHints":{"allow":["GET"]}}],"collection":[{"href":"https:\/\/www.moskito.cz\/de\/wp-json\/wp\/v2\/product"}],"about":[{"href":"https:\/\/www.moskito.cz\/de\/wp-json\/wp\/v2\/types\/product"}],"replies":[{"embeddable":true,"href":"https:\/\/www.moskito.cz\/de\/wp-json\/wp\/v2\/comments?post=343880"}],"wp:featuredmedia":[{"embeddable":true,"href":"https:\/\/www.moskito.cz\/de\/wp-json\/wp\/v2\/media\/168015"}],"wp:attachment":[{"href":"https:\/\/www.moskito.cz\/de\/wp-json\/wp\/v2\/media?parent=343880"}],"wp:term":[{"taxonomy":"pwb-brand","embeddable":true,"href":"https:\/\/www.moskito.cz\/de\/wp-json\/wp\/v2\/pwb-brand?post=343880"},{"taxonomy":"product_brand","embeddable":true,"href":"https:\/\/www.moskito.cz\/de\/wp-json\/wp\/v2\/product_brand?post=343880"},{"taxonomy":"product_cat","embeddable":true,"href":"https:\/\/www.moskito.cz\/de\/wp-json\/wp\/v2\/product_cat?post=343880"},{"taxonomy":"product_tag","embeddable":true,"href":"https:\/\/www.moskito.cz\/de\/wp-json\/wp\/v2\/product_tag?post=343880"}],"curies":[{"name":"wp","href":"https:\/\/api.w.org\/{rel}","templated":true}]}}