{"id":343889,"date":"2022-11-05T21:23:38","date_gmt":"2022-11-05T20:23:38","guid":{"rendered":"https:\/\/www.moskito.cz\/produkt\/massives-messer-cold-steel-peace-maker-ii\/"},"modified":"2025-05-07T11:16:54","modified_gmt":"2025-05-07T10:16:54","slug":"massives-messer-cold-steel-peace-maker-ii","status":"publish","type":"product","link":"https:\/\/www.moskito.cz\/de\/produkt\/massives-messer-cold-steel-peace-maker-ii\/","title":{"rendered":"Massives Messer Cold Steel PEACE MAKER II"},"content":{"rendered":"<p>Massives Messer <strong>Cold Steel<\/strong> PEACE MAKER II.<\/p>\n<p>Wenn Sie beim Milit\u00e4r oder bei den Strafverfolgungsbeh\u00f6rden sind; wenn Sie Pferd oder Motorrad fahren; oder auf einer Ranch oder einem Bauernhof leben \u2013 dann ist Cold Steel Peace Maker genau das Richtige f\u00fcr Sie! Diese vielseitigen feststehenden Klingen werden oben am Stiefel befestigt und vom Bein verdeckt, sodass sie praktisch unsichtbar sind. Au\u00dferdem ist Ihr Messer immer griffbereit, wenn Sie es brauchen. Peace Maker sind erstaunlich leicht und deutlich d\u00fcnner als viele heute auf dem Markt erh\u00e4ltliche \u201etaktische\u201c Messer. Die Peace Makers-Mischung \u2013 geschliffene Abschr\u00e4gungen der Klinge erm\u00f6glichen ein sehr einfaches Nachsch\u00e4rfen und ihre steifen, sich nach distal verj\u00fcngenden Spitzen sind in der Lage, selbst dickes Material zu durchdringen. Denn diese g\u00fcnstigen Schuhklingen bieten ein breites Einsatzspektrum \u2013 Alltag, Jagd, Angeln.<\/p>\n<p>PRODUKTPARAMETER<br \/>\nGesamtgr\u00f6\u00dfe: 260 mm<br \/>\nFarbe: Schwarz\/Silber<br \/>\nGewicht: 153,08 g<br \/>\nKlingenl\u00e4nge: 139 mm<br \/>\nKlingenst\u00e4rke: 3 mm<br \/>\nGriffl\u00e4nge: 120 mm<br \/>\nStahl: 4116 Edelstahl, kryoabgeschreckt<br \/>\nMantelmaterial: Secure-Ex\u00ae Mantel<\/p>\n","protected":false},"excerpt":{"rendered":"<p><strong>Das Peace Maker II von Cold Steel ist ein solides Messer zum diskreten Tragen.<\/strong><\/p>\n","protected":false},"featured_media":343890,"comment_status":"open","ping_status":"closed","template":"","meta":[],"pwb-brand":[3602],"product_brand":[],"product_cat":[3287,3285],"product_tag":[],"class_list":{"0":"post-343889","1":"product","2":"type-product","3":"status-publish","4":"has-post-thumbnail","6":"pwb-brand-kalter-stahl","7":"product_cat-solide-messer","8":"product_cat-messer","10":"first","11":"instock","12":"taxable","13":"shipping-taxable","14":"purchasable","15":"product-type-simple"},"brands":[{"id":3602,"name":"Kalter Stahl","slug":"kalter-stahl"}],"_links":{"self":[{"href":"https:\/\/www.moskito.cz\/de\/wp-json\/wp\/v2\/product\/343889","targetHints":{"allow":["GET"]}}],"collection":[{"href":"https:\/\/www.moskito.cz\/de\/wp-json\/wp\/v2\/product"}],"about":[{"href":"https:\/\/www.moskito.cz\/de\/wp-json\/wp\/v2\/types\/product"}],"replies":[{"embeddable":true,"href":"https:\/\/www.moskito.cz\/de\/wp-json\/wp\/v2\/comments?post=343889"}],"wp:featuredmedia":[{"embeddable":true,"href":"https:\/\/www.moskito.cz\/de\/wp-json\/wp\/v2\/media\/343890"}],"wp:attachment":[{"href":"https:\/\/www.moskito.cz\/de\/wp-json\/wp\/v2\/media?parent=343889"}],"wp:term":[{"taxonomy":"pwb-brand","embeddable":true,"href":"https:\/\/www.moskito.cz\/de\/wp-json\/wp\/v2\/pwb-brand?post=343889"},{"taxonomy":"product_brand","embeddable":true,"href":"https:\/\/www.moskito.cz\/de\/wp-json\/wp\/v2\/product_brand?post=343889"},{"taxonomy":"product_cat","embeddable":true,"href":"https:\/\/www.moskito.cz\/de\/wp-json\/wp\/v2\/product_cat?post=343889"},{"taxonomy":"product_tag","embeddable":true,"href":"https:\/\/www.moskito.cz\/de\/wp-json\/wp\/v2\/product_tag?post=343889"}],"curies":[{"name":"wp","href":"https:\/\/api.w.org\/{rel}","templated":true}]}}