{"id":343902,"date":"2022-11-04T20:57:15","date_gmt":"2022-11-04T19:57:15","guid":{"rendered":"https:\/\/www.moskito.cz\/produkt\/massives-messer-cold-steel-bushman\/"},"modified":"2024-06-12T13:04:04","modified_gmt":"2024-06-12T12:04:04","slug":"massives-messer-cold-steel-bushman","status":"publish","type":"product","link":"https:\/\/www.moskito.cz\/de\/produkt\/massives-messer-cold-steel-bushman\/","title":{"rendered":"Massives Messer Cold Steel BUSHMAN"},"content":{"rendered":"<p>Massives Messer <strong>Cold Steel<\/strong> BUSHMAN.<\/p>\n<p>F\u00fcr das Geld sind die \u00dcberlebensmesser der Bushman-Serie kaum zu schlagen! Im Gegensatz zu den meisten Hohlgriffmessern gibt es keine Verbindung oder Naht zwischen Klinge und Griff, stattdessen sind Bushmans Klinge und Griffe aus einem einzigen St\u00fcck kohlenstoffreichen SK-5-Stahl kaltgeschmiedet! Die resultierenden Messer werden fachm\u00e4nnisch w\u00e4rmebehandelt und auf RC54 geh\u00e4rtet und hielten in unseren Tests einem Druck von \u00fcber zwei Tonnen am \u00dcbergang Klinge\/Griff stand! Jeder Buschmann wurde sorgf\u00e4ltig auf eine besonders feine Kante geschliffen und dann von Hand geschliffen und poliert, um eine messerscharfe Kante zu erhalten. Ihre hohlen Griffe bieten Platz f\u00fcr \u00dcberlebensutensilien oder verschiedene Griffaufs\u00e4tze, die die Reichweite, Hebelwirkung oder das einfache Werfen maximieren. Erh\u00e4ltlich in zwei Klingenstilen (Standard und Bowie-Spitze), beide haben gebogene Klingen, die sich ideal zum H\u00e4uten und f\u00fcr viele Bushcraft-Arbeiten eignen. Beide werden mit einer Secure-Ex-Ummantelung geliefert, die hochwertigen Ferrocerium-Feuerstahl enth\u00e4lt.<\/p>\n<p>PRODUKTPARAMETER<br \/>\nMantelmaterial: Secure-Ex\u2122 Mantel mit Ferrocerium-Feuerstahl<br \/>\nKlingenst\u00e4rke: 2,5 mm<br \/>\nGewicht: 277,82 g<br \/>\nGesamtgr\u00f6\u00dfe: 311 mm<br \/>\nGriffl\u00e4nge: 133 mm<br \/>\nKlingenl\u00e4nge: 177 mm<br \/>\nSchwarze Farbe<br \/>\nGriffmaterial: Lang. Hohler Griff.<br \/>\nStahl: SK-5 High Carbon<\/p>\n","protected":false},"excerpt":{"rendered":"<p>Bushman und Bowie Bushman sind Messer zum \u00dcberleben unter extremen Bedingungen.<\/p>\n","protected":false},"featured_media":343903,"comment_status":"open","ping_status":"closed","template":"","meta":[],"pwb-brand":[3602],"product_brand":[],"product_cat":[3287,3285],"product_tag":[],"class_list":{"0":"post-343902","1":"product","2":"type-product","3":"status-publish","4":"has-post-thumbnail","6":"pwb-brand-kalter-stahl","7":"product_cat-solide-messer","8":"product_cat-messer","10":"first","11":"instock","12":"taxable","13":"shipping-taxable","14":"purchasable","15":"product-type-simple"},"brands":[{"id":3602,"name":"Kalter Stahl","slug":"kalter-stahl"}],"_links":{"self":[{"href":"https:\/\/www.moskito.cz\/de\/wp-json\/wp\/v2\/product\/343902","targetHints":{"allow":["GET"]}}],"collection":[{"href":"https:\/\/www.moskito.cz\/de\/wp-json\/wp\/v2\/product"}],"about":[{"href":"https:\/\/www.moskito.cz\/de\/wp-json\/wp\/v2\/types\/product"}],"replies":[{"embeddable":true,"href":"https:\/\/www.moskito.cz\/de\/wp-json\/wp\/v2\/comments?post=343902"}],"wp:featuredmedia":[{"embeddable":true,"href":"https:\/\/www.moskito.cz\/de\/wp-json\/wp\/v2\/media\/343903"}],"wp:attachment":[{"href":"https:\/\/www.moskito.cz\/de\/wp-json\/wp\/v2\/media?parent=343902"}],"wp:term":[{"taxonomy":"pwb-brand","embeddable":true,"href":"https:\/\/www.moskito.cz\/de\/wp-json\/wp\/v2\/pwb-brand?post=343902"},{"taxonomy":"product_brand","embeddable":true,"href":"https:\/\/www.moskito.cz\/de\/wp-json\/wp\/v2\/product_brand?post=343902"},{"taxonomy":"product_cat","embeddable":true,"href":"https:\/\/www.moskito.cz\/de\/wp-json\/wp\/v2\/product_cat?post=343902"},{"taxonomy":"product_tag","embeddable":true,"href":"https:\/\/www.moskito.cz\/de\/wp-json\/wp\/v2\/product_tag?post=343902"}],"curies":[{"name":"wp","href":"https:\/\/api.w.org\/{rel}","templated":true}]}}