{"id":343904,"date":"2022-04-17T22:02:03","date_gmt":"2024-06-12T12:05:46","guid":{"rendered":"https:\/\/www.moskito.cz\/produkt\/cold-steel-silver-eye-elite-spear-point-klappmesser\/"},"modified":"2025-05-07T11:16:55","modified_gmt":"2025-05-07T10:16:55","slug":"cold-steel-silver-eye-elite-spear-point-klappmesser","status":"publish","type":"product","link":"https:\/\/www.moskito.cz\/de\/produkt\/cold-steel-silver-eye-elite-spear-point-klappmesser\/","title":{"rendered":"Cold Steel SILVER EYE ELITE SPEAR POINT Klappmesser"},"content":{"rendered":"<p><strong>Cold Steel<\/strong> SILVER EYE ELITE SPEAR POINT Klappmesser.<\/p>\n<p>Das Silver Eye ist eine ausgezeichnete Wahl, wenn Sie ein luxuri\u00f6ses EDC-Messer (Everyday Carry) suchen. Die Messerklinge besteht aus rostfreiem CPM S35VN-Stahl. Die Klinge verf\u00fcgt au\u00dferdem \u00fcber eine innovative HTR\u2122-Patent\u00f6ffnungslasche, die von Andrew Demko entworfen wurde. Diese geformte Lasche erm\u00f6glicht einen sicheren Halt der Klinge und eine richtige Verteilung des Daumendrucks beim \u00d6ffnen und ist sowohl f\u00fcr Rechts- als auch f\u00fcr Linksh\u00e4nder geeignet. F\u00fcr das luxuri\u00f6se Erscheinungsbild des Messers sorgen die \u201esilberne\u201c \u00d6se am \u00d6ffnungssystem und der polierte \u201egoldene\u201c Clip. Ein tolles Messer f\u00fcr den Einsatz in der Kirche, bei einer Hochzeit oder \u00fcberall dort, wo Sie ein Messer mit gro\u00dfer Eleganz und Glanz ben\u00f6tigen. \ud83d\ude42 Au\u00dfergew\u00f6hnlicher amerikanischer Stahl ist nicht nur sehr steif und langlebig, mit ihm l\u00e4sst sich auch eine hervorragende Messersch\u00e4rfe erzielen und die Klinge hat eine lange Haltbarkeit. Sehr feink\u00f6rniger Pulverstahl mit gleichm\u00e4\u00dfiger Mikrostruktur bietet sehr stabile Eigenschaften. Es ist auch bei sehr feiner Klingenfacette langlebig, zuverl\u00e4ssig und sehr korrosionsbest\u00e4ndig. Es ist eine gute Wahl f\u00fcr hochwertige, ma\u00dfgeschneiderte Messer und Werkzeuge. Das CPM-Verfahren (Pseudopulvermetallurgie) garantiert ein sehr homogenes, hochwertiges Stahlgef\u00fcge, Dimensionsstabilit\u00e4t, gute Schleifbarkeit und Festigkeit im Vergleich zu St\u00e4hlen, die nach klassischen konventionellen Verfahren hergestellt werden. Trotz des geringeren Chromgehalts zeigt dieser Stahl sehr gute Ergebnisse im Bereich der Korrosionsbest\u00e4ndigkeit. Der Griff besteht aus polierter Kohlefaser, die sehr leicht, aber gleichzeitig ausreichend stark und langlebig ist. Golden Eye ist mit dem einzigartigen Cold Steel\u00ae Tri-Ad Lock\u2122-Patent ausgestattet. Die Sperre verhindert, dass sich das Messer auch nach nat\u00fcrlicher Abnutzung im Laufe der Zeit automatisch oder unbeabsichtigt schlie\u00dft.<\/p>\n<p>Griffl\u00e4nge: 124 mm<br \/>\nGewicht: 113 g<br \/>\nStahl: S35VN-Stahl<br \/>\nKlingenl\u00e4nge: 89 mm<br \/>\nGesamtgr\u00f6\u00dfe: 213 mm<br \/>\nGriffmaterial: Langer Kohlefasergriff<br \/>\nKlingenst\u00e4rke: 3,5 mm<br \/>\nSchwarze Farbe<br \/>\nSicherungstyp: Tri-Ad Lock<br \/>\nTropfklammer aus Stahl<\/p>\n<p>&nbsp;<\/p>\n<p>&nbsp;<\/p>\n","protected":false},"excerpt":{"rendered":"<p>Das Golden Silver Elite ist ein luxuri\u00f6ses Design eines Klappmessers, das sich als Accessoire zu einem gesellschaftlichen Anzug oder einer Arbeitskleidung eignet.<\/p>\n","protected":false},"featured_media":343906,"comment_status":"open","ping_status":"closed","template":"","meta":[],"pwb-brand":[3602],"product_brand":[],"product_cat":[3285,3303],"product_tag":[],"class_list":{"0":"post-343904","1":"product","2":"type-product","3":"status-publish","4":"has-post-thumbnail","6":"pwb-brand-kalter-stahl","7":"product_cat-messer","8":"product_cat-schliesmesser","10":"first","11":"instock","12":"taxable","13":"shipping-taxable","14":"purchasable","15":"product-type-simple"},"brands":[{"id":3602,"name":"Kalter Stahl","slug":"kalter-stahl"}],"_links":{"self":[{"href":"https:\/\/www.moskito.cz\/de\/wp-json\/wp\/v2\/product\/343904","targetHints":{"allow":["GET"]}}],"collection":[{"href":"https:\/\/www.moskito.cz\/de\/wp-json\/wp\/v2\/product"}],"about":[{"href":"https:\/\/www.moskito.cz\/de\/wp-json\/wp\/v2\/types\/product"}],"replies":[{"embeddable":true,"href":"https:\/\/www.moskito.cz\/de\/wp-json\/wp\/v2\/comments?post=343904"}],"wp:featuredmedia":[{"embeddable":true,"href":"https:\/\/www.moskito.cz\/de\/wp-json\/wp\/v2\/media\/343906"}],"wp:attachment":[{"href":"https:\/\/www.moskito.cz\/de\/wp-json\/wp\/v2\/media?parent=343904"}],"wp:term":[{"taxonomy":"pwb-brand","embeddable":true,"href":"https:\/\/www.moskito.cz\/de\/wp-json\/wp\/v2\/pwb-brand?post=343904"},{"taxonomy":"product_brand","embeddable":true,"href":"https:\/\/www.moskito.cz\/de\/wp-json\/wp\/v2\/product_brand?post=343904"},{"taxonomy":"product_cat","embeddable":true,"href":"https:\/\/www.moskito.cz\/de\/wp-json\/wp\/v2\/product_cat?post=343904"},{"taxonomy":"product_tag","embeddable":true,"href":"https:\/\/www.moskito.cz\/de\/wp-json\/wp\/v2\/product_tag?post=343904"}],"curies":[{"name":"wp","href":"https:\/\/api.w.org\/{rel}","templated":true}]}}