{"id":343946,"date":"2022-11-05T14:35:33","date_gmt":"2024-06-12T12:39:45","guid":{"rendered":"https:\/\/www.moskito.cz\/produkt\/massives-messer-cold-steel-razor-tek\/"},"modified":"2025-05-07T11:16:59","modified_gmt":"2025-05-07T10:16:59","slug":"massives-messer-cold-steel-razor-tek","status":"publish","type":"product","link":"https:\/\/www.moskito.cz\/de\/produkt\/massives-messer-cold-steel-razor-tek\/","title":{"rendered":"Massives Messer Cold Steel RAZOR TEK"},"content":{"rendered":"<p>Massives Messer <strong>Cold Steel<\/strong> RAZOR TEK.<\/p>\n<p>Der n\u00e4chste Schritt in der Razor Tek-Reihe ist die verheerend gebogene Klinge. Die gebogene Klinge bietet die Vorteile einer l\u00e4ngeren Klinge und eines Bauches an der Vorderseite. Diese Klingenform bietet die Vorteile des Schneidens bei gleichzeitigem Aus- bzw. Ausfahren der Klinge. Eine tolle, mittelgro\u00dfe, solide Klinge f\u00fcr Wildverarbeitung, Bushcraft, Essenszubereitung, Hacken und Hacken. Durch die Kombination der Klingenform mit einem \u00e4u\u00dferst ergonomischen, strukturierten Griff ist dieses Messer bereit f\u00fcr Ihr n\u00e4chstes Outdoor-Abenteuer.<\/p>\n<p>PRODUKTPARAMETER<br \/>\nKlingenl\u00e4nge: 127 mm<br \/>\nKlingenst\u00e4rke: 3,2 mm<br \/>\nStahl: 4116SS<br \/>\nGriffl\u00e4nge: 117 mm<br \/>\nFarbe: Schwarz\/Silber<br \/>\nGewicht: 204 g<br \/>\nGesamtgr\u00f6\u00dfe: 244 mm<br \/>\nGriffmaterial: GFN<\/p>\n<p>&nbsp;<\/p>\n","protected":false},"excerpt":{"rendered":"<p><strong>Ein mittelgro\u00dfes Messer mit glatter Schneide und einer Klingenl\u00e4nge von 127 mm. Das Messer wird mit einer Secure-Ex-Scheide geliefert.<\/strong><\/p>\n","protected":false},"featured_media":343947,"comment_status":"open","ping_status":"closed","template":"","meta":[],"pwb-brand":[3602],"product_brand":[],"product_cat":[3285,3287],"product_tag":[],"class_list":{"0":"post-343946","1":"product","2":"type-product","3":"status-publish","4":"has-post-thumbnail","6":"pwb-brand-kalter-stahl","7":"product_cat-messer","8":"product_cat-solide-messer","10":"first","11":"instock","12":"taxable","13":"shipping-taxable","14":"purchasable","15":"product-type-simple"},"brands":[{"id":3602,"name":"Kalter Stahl","slug":"kalter-stahl"}],"_links":{"self":[{"href":"https:\/\/www.moskito.cz\/de\/wp-json\/wp\/v2\/product\/343946","targetHints":{"allow":["GET"]}}],"collection":[{"href":"https:\/\/www.moskito.cz\/de\/wp-json\/wp\/v2\/product"}],"about":[{"href":"https:\/\/www.moskito.cz\/de\/wp-json\/wp\/v2\/types\/product"}],"replies":[{"embeddable":true,"href":"https:\/\/www.moskito.cz\/de\/wp-json\/wp\/v2\/comments?post=343946"}],"wp:featuredmedia":[{"embeddable":true,"href":"https:\/\/www.moskito.cz\/de\/wp-json\/wp\/v2\/media\/343947"}],"wp:attachment":[{"href":"https:\/\/www.moskito.cz\/de\/wp-json\/wp\/v2\/media?parent=343946"}],"wp:term":[{"taxonomy":"pwb-brand","embeddable":true,"href":"https:\/\/www.moskito.cz\/de\/wp-json\/wp\/v2\/pwb-brand?post=343946"},{"taxonomy":"product_brand","embeddable":true,"href":"https:\/\/www.moskito.cz\/de\/wp-json\/wp\/v2\/product_brand?post=343946"},{"taxonomy":"product_cat","embeddable":true,"href":"https:\/\/www.moskito.cz\/de\/wp-json\/wp\/v2\/product_cat?post=343946"},{"taxonomy":"product_tag","embeddable":true,"href":"https:\/\/www.moskito.cz\/de\/wp-json\/wp\/v2\/product_tag?post=343946"}],"curies":[{"name":"wp","href":"https:\/\/api.w.org\/{rel}","templated":true}]}}