{"id":344006,"date":"2021-10-14T14:08:38","date_gmt":"2021-10-14T13:08:38","guid":{"rendered":"https:\/\/www.moskito.cz\/produkt\/solides-messer-sog-seal-pup-elite-schwarz\/"},"modified":"2024-06-12T13:48:14","modified_gmt":"2024-06-12T12:48:14","slug":"solides-messer-sog-seal-pup-elite-schwarz","status":"publish","type":"product","link":"https:\/\/www.moskito.cz\/de\/produkt\/solides-messer-sog-seal-pup-elite-schwarz\/","title":{"rendered":"Solides Messer SOG SEAL Pup Elite Schwarz"},"content":{"rendered":"<p>Unsere Geschichte beginnt in Vietnam, wo Mitglieder der streng geheimen Spezialeinheit Amerikas \u2013 bekannt als MACV \u2013 <strong>SOG<\/strong> \u2013 auf verdeckten Missionen ein einzigartiges Geheimmesser in den Dschungel trugen. Einige Jahre sp\u00e4ter, 1986, inspirierte dieses Messer einen jungen Designer namens Spencer Frazer zur Gr\u00fcndung von <strong>SOG<\/strong> Specialty Knives. Seine Mission: das originale <strong>SOG-<\/strong> Bowiemesser zu reproduzieren und der Spezialeinheit, die es geschaffen hat, Tribut zu zollen. Was als einzelnes Gedenkmodell begann, entwickelte sich bald zu einer ganzen Reihe innovativer Werkzeuge \u2013 bew\u00e4hrt von US-Spezialeinheiten und sogar als Messer der Wahl der Navy SEALs ausgezeichnet. Heute werden SOG-Messer auch in den anspruchsvollsten Situationen selbstbewusst getragen. Aus Tradition geschmiedet, im Feld geh\u00e4rtet, f\u00fcr Sie gefeilt.<\/p>\n<p>Egal, ob Sie andere besch\u00fctzen oder eine epische Jagdexpedition leiten, eine der allt\u00e4glichen Herausforderungen des Lebens meistern oder die bisher extremsten Bedingungen meistern, machen Sie sich mit <strong>SOG<\/strong> auf den Weg.<\/p>\n<p>Solides Messer <strong>SOG<\/strong> SEAL Pup Elite Schwarz.<\/p>\n<p>Dicke und langlebige kompakte taktische Klinge mit feststehendem Griff und glasfaserverst\u00e4rktem Nylongriff. Erh\u00e4ltlich mit MOLLE-kompatibler Nylonscheide.<\/p>\n<p>Nicht jedes \u00dcberlebensmesser muss \u00fcbergro\u00df sein, und dieses mittelgro\u00dfe Messer verf\u00fcgt \u00fcber viele der gro\u00dfartigen Funktionen, die wir von SOG erwarten und auf die wir uns verlassen k\u00f6nnen. Das Beste an diesem Messer ist die Langlebigkeit seiner Sch\u00e4rfe. Ich wei\u00df, dass dieses Messer, auch wenn ich es f\u00fcr einige allt\u00e4gliche Aufgaben verwende, immer noch scharf sein wird, wenn ich es im Notfall verwenden muss.<\/p>\n<p>Gesamtl\u00e4nge: 24 cm<br \/>\nProduktgewicht: 5,40 Unzen<br \/>\nKlingenl\u00e4nge: 12,5 cm<br \/>\nProduktlinie: Seal Pup Elite<br \/>\nHartverpacktes schwarzes TiNi<br \/>\nKantentyp: Teilweise gezahnt<br \/>\nStahlklingentyp: AUS-8<br \/>\nGriffmaterial: Nylon verst\u00e4rkt mit Glas<br \/>\nGrifffarbe: Schwarz<br \/>\nH\u00e4rte: RC 57-58<br \/>\nKoffer im Lieferumfang enthalten: Ja<br \/>\nGeh\u00e4usefarbe: Schwarz<\/p>\n<p>Dicke und langlebige, kompakte, feststehende taktische Klinge mit Raspel am R\u00fccken und Griff aus glasfaserverst\u00e4rktem Nylon. Erh\u00e4ltlich mit MOLLE-kompatibler Nylonscheide.<\/p>\n<p>\u201eNicht jedes \u00dcberlebensmesser muss \u00fcbergro\u00df sein, und dieses mittelgro\u00dfe Messer verf\u00fcgt \u00fcber viele der guten Eigenschaften, die wir von einem SOG erwarten und auf die wir uns verlassen k\u00f6nnen. Das beste Merkmal dieses Messers ist die Langlebigkeit seiner Sch\u00e4rfe.\u201c Ich wei\u00df, dass dieses Messer, selbst wenn ich es f\u00fcr einige allt\u00e4gliche Aufgaben verwende, immer noch scharf ist, wenn ich es im Notfall verwenden muss.\u201c<\/p>\n<p>Gesamtl\u00e4nge<br \/>\n9,5&#8243;<br \/>\nProduktgewicht<br \/>\n5,40 Unzen<br \/>\nKlingenl\u00e4nge<br \/>\n4,85&#8243;<br \/>\nKlingendicke<br \/>\n0,19&#8243;<br \/>\nProduktfamilie<br \/>\nRobbenwelpe Elite<br \/>\nProduktart<br \/>\nFeste Klinge<br \/>\nHerkunftsland<br \/>\nTaiwan<br \/>\nLoch f\u00fcr Lanyard<br \/>\nJa<br \/>\nLanyard-Material<br \/>\nNylon<br \/>\nGravierbar<br \/>\nJa<br \/>\nBeenden<br \/>\nHartverpacktes schwarzes TiNi<br \/>\nKantentyp<br \/>\nTeilweise gezahnt<br \/>\nKlingenstahltyp<br \/>\nAUS-8<br \/>\nKlingenform<br \/>\nClip-Punkt<br \/>\nWirbels\u00e4ulentyp<br \/>\nRaspel<br \/>\nGriffmaterial<br \/>\nGlasfaserverst\u00e4rktes Nylon<br \/>\nGrifffarbe<br \/>\nSchwarz<br \/>\nH\u00e4rte<br \/>\nRc. 57-58<br \/>\nInklusive Scheide<br \/>\nJa<br \/>\nMantelfarbe<br \/>\nSchwarz<\/p>\n<p>&nbsp;<\/p>\n","protected":false},"excerpt":{"rendered":"<div class=\"elementor-element elementor-element-bbb542b elementor-widget elementor-widget-woocommerce-product-short-description\" data-id=\"bbb542b\" data-element_type=\"widget\" data-widget_type=\"woocommerce-product-short-description.default\">\n<div class=\"elementor-widget-container\">\n<div class=\"woocommerce-product-details__short-description\">\n<div class=\"elementor-element elementor-element-bbb542b elementor-widget elementor-widget-woocommerce-product-short-description\" data-id=\"bbb542b\" data-element_type=\"widget\" data-widget_type=\"woocommerce-product-short-description.default\">\n<div class=\"elementor-widget-container\">\n<div class=\"woocommerce-product-details__short-description\">\n<p>Egal, ob Sie andere besch\u00fctzen oder eine epische Jagdexpedition leiten, eine der allt\u00e4glichen Herausforderungen des Lebens meistern oder die bisher extremsten Bedingungen meistern, machen Sie sich mit <strong>SOG<\/strong> auf den Weg.<\/p>\n<p><strong>Wir geben auf alle SOG-Messer eine lebenslange Garantie!<\/strong><\/p>\n<\/div>\n<\/div>\n<\/div>\n<\/div>\n<\/div>\n<\/div>\n","protected":false},"featured_media":344007,"comment_status":"open","ping_status":"closed","template":"","meta":[],"pwb-brand":[3605],"product_brand":[],"product_cat":[3287,3285],"product_tag":[3669],"class_list":{"0":"post-344006","1":"product","2":"type-product","3":"status-publish","4":"has-post-thumbnail","6":"pwb-brand-wie-g","7":"product_cat-solide-messer","8":"product_cat-messer","9":"product_tag-b2b-de","11":"first","12":"instock","13":"taxable","14":"shipping-taxable","15":"purchasable","16":"product-type-simple"},"brands":[{"id":3605,"name":"WIE G","slug":"wie-g"}],"_links":{"self":[{"href":"https:\/\/www.moskito.cz\/de\/wp-json\/wp\/v2\/product\/344006","targetHints":{"allow":["GET"]}}],"collection":[{"href":"https:\/\/www.moskito.cz\/de\/wp-json\/wp\/v2\/product"}],"about":[{"href":"https:\/\/www.moskito.cz\/de\/wp-json\/wp\/v2\/types\/product"}],"replies":[{"embeddable":true,"href":"https:\/\/www.moskito.cz\/de\/wp-json\/wp\/v2\/comments?post=344006"}],"wp:featuredmedia":[{"embeddable":true,"href":"https:\/\/www.moskito.cz\/de\/wp-json\/wp\/v2\/media\/344007"}],"wp:attachment":[{"href":"https:\/\/www.moskito.cz\/de\/wp-json\/wp\/v2\/media?parent=344006"}],"wp:term":[{"taxonomy":"pwb-brand","embeddable":true,"href":"https:\/\/www.moskito.cz\/de\/wp-json\/wp\/v2\/pwb-brand?post=344006"},{"taxonomy":"product_brand","embeddable":true,"href":"https:\/\/www.moskito.cz\/de\/wp-json\/wp\/v2\/product_brand?post=344006"},{"taxonomy":"product_cat","embeddable":true,"href":"https:\/\/www.moskito.cz\/de\/wp-json\/wp\/v2\/product_cat?post=344006"},{"taxonomy":"product_tag","embeddable":true,"href":"https:\/\/www.moskito.cz\/de\/wp-json\/wp\/v2\/product_tag?post=344006"}],"curies":[{"name":"wp","href":"https:\/\/api.w.org\/{rel}","templated":true}]}}