{"id":344071,"date":"2021-09-24T17:25:45","date_gmt":"2024-06-12T12:55:50","guid":{"rendered":"https:\/\/www.moskito.cz\/produkt\/verschlussmesser-sog-flash-at-blackout-gezahnt\/"},"modified":"2025-05-07T11:17:01","modified_gmt":"2025-05-07T10:17:01","slug":"verschlussmesser-sog-flash-at-blackout-gezahnt","status":"publish","type":"product","link":"https:\/\/www.moskito.cz\/de\/produkt\/verschlussmesser-sog-flash-at-blackout-gezahnt\/","title":{"rendered":"Verschlussmesser SOG FLASH AT BLACKOUT GEZAHNT"},"content":{"rendered":"<p>Verschlussmesser <strong>SOG<\/strong> FLASH AT BLACKOUT GEZAHNT.<\/p>\n<p>Unsere Geschichte beginnt in Vietnam, wo Mitglieder der streng geheimen Spezialeinheit Amerikas \u2013 bekannt als MACV \u2013 <strong>SOG<\/strong> \u2013 auf verdeckten Missionen ein einzigartiges Geheimmesser in den Dschungel trugen. Einige Jahre sp\u00e4ter, 1986, inspirierte dieses Messer einen jungen Designer namens Spencer Frazer zur Gr\u00fcndung von SOG Specialty Knives. Seine Mission: das originale SOG-Bowiemesser zu reproduzieren und der Spezialeinheit, die es geschaffen hat, Tribut zu zollen. Was als einzelnes Gedenkmodell begann, entwickelte sich bald zu einer ganzen Reihe innovativer Werkzeuge \u2013 bew\u00e4hrt von US-Spezialeinheiten und sogar als Messer der Wahl der Navy SEALs ausgezeichnet. Heute werden SOG-Messer auch in den anspruchsvollsten Situationen selbstbewusst getragen. Aus Tradition geschmiedet, im Feld geh\u00e4rtet, f\u00fcr Sie gefeilt.<\/p>\n<p>Ganz gleich, ob Sie andere besch\u00fctzen oder eine epische Jagdexpedition leiten, eine der allt\u00e4glichen Herausforderungen des Lebens meistern oder die bisher extremsten Bedingungen meistern \u2013 machen Sie sich mit SOG auf den Weg.<\/p>\n<p>Der Flash AT wurde f\u00fcr den allt\u00e4glichen Benutzer entwickelt und verf\u00fcgt \u00fcber eine schnelle \u00d6ffnungsunterst\u00fctzung mit der innovativen doppelseitigen AT-XR SOG-Verriegelung und ein schlankeres ergonomisches Griffdesign f\u00fcr besseren Halt und Komfort. Der Flash AT ist kompakt und leicht zu transportieren, mit einer Hochleistungsklinge aus kryogen w\u00e4rmebehandeltem D2-Edelstahl. Sein leistungsstarker XR-Verriegelungsmechanismus bietet au\u00dferdem eine zuverl\u00e4ssige integrierte Klingenverriegelung und ein am R\u00fccken montiertes Sicherheitssystem. Eine weitere Weiterentwicklung des beliebten Flash.<\/p>\n<p>Wahnsinniges Design<br \/>\nEs vereint modernes Design mit hoher Leistung und Zuverl\u00e4ssigkeit. Der Flash AT verf\u00fcgt \u00fcber einen eleganten tiefen Clip und einen effizienten ergonomischen Griff.<\/p>\n<p>AT-XR-SCHLOSS<br \/>\nDas patentierte XR-Schloss von SOG mit Assisted Technology (AT) erm\u00f6glicht ein schnelles \u00d6ffnen mit einer Hand und einen festen Verschluss nach dem \u00d6ffnen. Das AT-XR-Schloss ist zuverl\u00e4ssig und leistungsstark und h\u00e4lt einer Kraft von 1.500 Pfund stand. Es bietet maximale integrierte Sicherheit, um die Klinge beim \u00d6ffnen zu verriegeln und sicherzustellen, dass sie sich nur dann \u00f6ffnet, wenn es beabsichtigt ist.<\/p>\n<p>SICHERHEIT 2.0<br \/>\nSOG hat mit Anwendern zusammengearbeitet, um eine ebenso einfache wie schnelle Zwei-Wege-Sicherheit zu entwickeln. Es ist so konzipiert, dass es intuitiv ist und nat\u00fcrliche Handbewegungen nutzt, sodass Sie Ihren Griff nicht l\u00f6sen m\u00fcssen, um es zu bedienen. Nach dem \u00d6ffnen rastet es wie ein Daumenstopp ein. Alles, was Sicherheit sein sollte.<\/p>\n<p>STAHL STAHL CRYO D2<br \/>\nEin Allzweck-Werkzeugstahl mit hohem Kohlenstoffgehalt, der gem\u00e4\u00df den einzigartigen Leistungsspezifikationen von SOG kryogen w\u00e4rmebehandelt wird. D2 bietet die ideale Kombination aus Schnitthaltigkeit und Haltbarkeit f\u00fcr den langfristigen Einsatz bei einfacher Wartung.<\/p>\n<p>GESAMTL\u00c4NGE: 21 cm<br \/>\nKLINGENL\u00c4NGE: 8,6 cm<br \/>\nGEWICHT: 4,49 Unzen<br \/>\nSTAHLKLINGENTYP: Cryo D2<br \/>\nGRIFFMATERIAL: GRN<br \/>\nAUSF\u00dcHRUNGEN: Titannitrid<br \/>\nVERRIEGELUNGSMECHANISMUS: AT-XR<br \/>\n\u00d6FFNUNGSMECHANISMUS: Unterst\u00fctzter Daumenknopf<br \/>\nKANTENTYP: Teilweise gezahnt<\/p>\n<p>Flash AT wurde f\u00fcr allt\u00e4gliche Benutzer entwickelt und verf\u00fcgt \u00fcber eine schnelle \u00d6ffnungsunterst\u00fctzung mit dem innovativen beidh\u00e4ndigen AT-XR-Schloss von SOG und ein stromlinienf\u00f6rmiges ergonomisches Griffdesign f\u00fcr besseren Halt und Komfort. Flash AT ist kompakt und leicht zu transportieren, mit einer hochfunktionellen 3,5-Zoll-Klinge aus kryogen w\u00e4rmebehandeltem D2-Edelstahl. Sein leistungsstarker XR-Verriegelungsmechanismus verf\u00fcgt au\u00dferdem \u00fcber eine zuverl\u00e4ssige integrierte Klingenverriegelung und ein am R\u00fccken montiertes Sicherheitssystem. Die n\u00e4chste Weiterentwicklung des beliebten Flash.<\/p>\n<p>GESAMTL\u00c4NGE<br \/>\n8,29&#8243;<br \/>\nGESCHLOSSENE L\u00c4NGE<br \/>\n4,67&#8243;<br \/>\nKLINGENL\u00c4NGE<br \/>\n3,45&#8243;<br \/>\nGEWICHT<br \/>\n4,49 Unzen<br \/>\nKLINGENSTAHLTYP<br \/>\nKryo D2<br \/>\nKLINGENDICKE<br \/>\n0,12&#8243;<br \/>\nGRIFFMATERIAL<br \/>\nGRN<br \/>\nGRIFFFARBE<br \/>\nBlackout<br \/>\nBEENDEN<br \/>\nTitannitrid<br \/>\nVERSCHLUSSMECHANISMUS<br \/>\nAT-XR<br \/>\nSICHER<br \/>\nBeidh\u00e4ndig an der Wirbels\u00e4ule montierte Sicherheit<br \/>\n\u00d6FFNUNGSMECHANISMUS<br \/>\nUnterst\u00fctzter Daumenknopf<br \/>\nHERKUNFTSLAND<br \/>\nTaiwan<br \/>\nKANTENTYP<br \/>\nTeilweise gezahnt<br \/>\nKLINGENFORM<br \/>\nGerade zur\u00fcck<\/p>\n","protected":false},"excerpt":{"rendered":"<p>Egal, ob Sie andere besch\u00fctzen oder eine epische Jagdexpedition leiten, eine der allt\u00e4glichen Herausforderungen des Lebens meistern oder die bisher extremsten Bedingungen meistern, machen Sie sich mit <strong>SOG<\/strong> auf den Weg.<\/p>\n<p><strong>Wir geben auf alle SOG-Messer eine lebenslange Garantie!<\/strong><\/p>\n","protected":false},"featured_media":344072,"comment_status":"open","ping_status":"closed","template":"","meta":[],"pwb-brand":[3605],"product_brand":[],"product_cat":[3285,3303],"product_tag":[3669],"class_list":{"0":"post-344071","1":"product","2":"type-product","3":"status-publish","4":"has-post-thumbnail","6":"pwb-brand-wie-g","7":"product_cat-messer","8":"product_cat-schliesmesser","9":"product_tag-b2b-de","11":"first","12":"instock","13":"taxable","14":"shipping-taxable","15":"purchasable","16":"product-type-simple"},"brands":[{"id":3605,"name":"WIE G","slug":"wie-g"}],"_links":{"self":[{"href":"https:\/\/www.moskito.cz\/de\/wp-json\/wp\/v2\/product\/344071","targetHints":{"allow":["GET"]}}],"collection":[{"href":"https:\/\/www.moskito.cz\/de\/wp-json\/wp\/v2\/product"}],"about":[{"href":"https:\/\/www.moskito.cz\/de\/wp-json\/wp\/v2\/types\/product"}],"replies":[{"embeddable":true,"href":"https:\/\/www.moskito.cz\/de\/wp-json\/wp\/v2\/comments?post=344071"}],"wp:featuredmedia":[{"embeddable":true,"href":"https:\/\/www.moskito.cz\/de\/wp-json\/wp\/v2\/media\/344072"}],"wp:attachment":[{"href":"https:\/\/www.moskito.cz\/de\/wp-json\/wp\/v2\/media?parent=344071"}],"wp:term":[{"taxonomy":"pwb-brand","embeddable":true,"href":"https:\/\/www.moskito.cz\/de\/wp-json\/wp\/v2\/pwb-brand?post=344071"},{"taxonomy":"product_brand","embeddable":true,"href":"https:\/\/www.moskito.cz\/de\/wp-json\/wp\/v2\/product_brand?post=344071"},{"taxonomy":"product_cat","embeddable":true,"href":"https:\/\/www.moskito.cz\/de\/wp-json\/wp\/v2\/product_cat?post=344071"},{"taxonomy":"product_tag","embeddable":true,"href":"https:\/\/www.moskito.cz\/de\/wp-json\/wp\/v2\/product_tag?post=344071"}],"curies":[{"name":"wp","href":"https:\/\/api.w.org\/{rel}","templated":true}]}}