{"id":344094,"date":"2022-05-02T20:59:51","date_gmt":"2024-06-13T12:58:30","guid":{"rendered":"https:\/\/www.moskito.cz\/produkt\/verschlussmesser-sog-centi-ii\/"},"modified":"2025-05-07T11:17:02","modified_gmt":"2025-05-07T10:17:02","slug":"verschlussmesser-sog-centi-ii","status":"publish","type":"product","link":"https:\/\/www.moskito.cz\/de\/produkt\/verschlussmesser-sog-centi-ii\/","title":{"rendered":"Verschlussmesser SOG CENTI II"},"content":{"rendered":"<p>Verschlussmesser <strong>SOG<\/strong> CENTI II<\/p>\n<p>Centi-Klappmesser sind so konzipiert, dass sie \u00fcberallhin mitgenommen werden k\u00f6nnen und k\u00f6nnen problemlos an jedem Schl\u00fcsselbund oder Schl\u00fcsselband getragen werden. Das Centi II ist ein kleines und vielseitiges Taschenmesser aus hochwertigem Edelstahl, das am Schl\u00fcsselring getragen oder in der Tasche verstaut werden kann. Es verf\u00fcgt \u00fcber ein Lockback-Design und eine 2,1-Zoll-Edelstahlklinge in schlichtem Design. Dieses winzige Werkzeug ist d\u00fcnner als die meisten Schraubenschl\u00fcssel, aber stark genug f\u00fcr leichtes Schneiden. Seine komplett aus Edelstahl gefertigte Konstruktion macht es zu einem langlebigen Werkzeug. Tragen Sie es immer bei sich und Sie werden es f\u00fcr schnelle Alltagsaufgaben praktisch finden. Es ist da, wenn Sie es brauchen, und steht Ihnen nicht im Weg, wenn Sie es nicht brauchen.<\/p>\n<p>PRODUKTPARAMETER:<\/p>\n<p>STAHL: 3Cr13<br \/>\nKLINGENL\u00c4NGE: 5,3 cm<br \/>\nGEWICHT: 37g<br \/>\nKLINGENST\u00c4RKE: 1,8 mm<br \/>\nFarbe: Schwarz<br \/>\nSICHERUNGSART: LockBack<br \/>\nGESAMTGR\u00d6SSE: 12,7 cm<br \/>\nGRIFFMATERIAL: Edelstahl<\/p>\n<p><iframe title=\"SOG Centi I &amp; II\" width=\"800\" height=\"450\" src=\"https:\/\/www.youtube.com\/embed\/o2u5vudOSWM?feature=oembed\" frameborder=\"0\" allow=\"accelerometer; autoplay; clipboard-write; encrypted-media; gyroscope; picture-in-picture; web-share\" referrerpolicy=\"strict-origin-when-cross-origin\" allowfullscreen><\/iframe><\/p>\n<p>&nbsp;<\/p>\n","protected":false},"excerpt":{"rendered":"<p>Egal, ob Sie andere besch\u00fctzen oder eine epische Jagdexpedition leiten, eine der allt\u00e4glichen Herausforderungen des Lebens meistern oder die bisher extremsten Bedingungen meistern, machen Sie sich mit <strong>SOG<\/strong> auf den Weg.<\/p>\n<p><strong>Wir geben auf alle SOG-Messer eine lebenslange Garantie!<\/strong><\/p>\n","protected":false},"featured_media":344095,"comment_status":"open","ping_status":"closed","template":"","meta":[],"pwb-brand":[3605],"product_brand":[],"product_cat":[3285,3303],"product_tag":[3669],"class_list":{"0":"post-344094","1":"product","2":"type-product","3":"status-publish","4":"has-post-thumbnail","6":"pwb-brand-wie-g","7":"product_cat-messer","8":"product_cat-schliesmesser","9":"product_tag-b2b-de","11":"first","12":"outofstock","13":"taxable","14":"shipping-taxable","15":"purchasable","16":"product-type-simple"},"brands":[{"id":3605,"name":"WIE G","slug":"wie-g"}],"_links":{"self":[{"href":"https:\/\/www.moskito.cz\/de\/wp-json\/wp\/v2\/product\/344094","targetHints":{"allow":["GET"]}}],"collection":[{"href":"https:\/\/www.moskito.cz\/de\/wp-json\/wp\/v2\/product"}],"about":[{"href":"https:\/\/www.moskito.cz\/de\/wp-json\/wp\/v2\/types\/product"}],"replies":[{"embeddable":true,"href":"https:\/\/www.moskito.cz\/de\/wp-json\/wp\/v2\/comments?post=344094"}],"wp:featuredmedia":[{"embeddable":true,"href":"https:\/\/www.moskito.cz\/de\/wp-json\/wp\/v2\/media\/344095"}],"wp:attachment":[{"href":"https:\/\/www.moskito.cz\/de\/wp-json\/wp\/v2\/media?parent=344094"}],"wp:term":[{"taxonomy":"pwb-brand","embeddable":true,"href":"https:\/\/www.moskito.cz\/de\/wp-json\/wp\/v2\/pwb-brand?post=344094"},{"taxonomy":"product_brand","embeddable":true,"href":"https:\/\/www.moskito.cz\/de\/wp-json\/wp\/v2\/product_brand?post=344094"},{"taxonomy":"product_cat","embeddable":true,"href":"https:\/\/www.moskito.cz\/de\/wp-json\/wp\/v2\/product_cat?post=344094"},{"taxonomy":"product_tag","embeddable":true,"href":"https:\/\/www.moskito.cz\/de\/wp-json\/wp\/v2\/product_tag?post=344094"}],"curies":[{"name":"wp","href":"https:\/\/api.w.org\/{rel}","templated":true}]}}