{"id":344152,"date":"2023-03-13T22:22:38","date_gmt":"2024-06-13T13:03:05","guid":{"rendered":"https:\/\/www.moskito.cz\/produkt\/solides-messer-sog-aegis-fx-forest-moss\/"},"modified":"2025-05-07T11:17:03","modified_gmt":"2025-05-07T10:17:03","slug":"solides-messer-sog-aegis-fx-forest-moss","status":"publish","type":"product","link":"https:\/\/www.moskito.cz\/de\/produkt\/solides-messer-sog-aegis-fx-forest-moss\/","title":{"rendered":"Solides Messer SOG AEGIS FX FOREST &amp; MOSS"},"content":{"rendered":"<p>Solides Messer <strong>SOG<\/strong> AEGIS FX FOREST &amp; MOSS<\/p>\n<p><strong>Das Aegis FX<\/strong> ist ein furchtloses und zuverl\u00e4ssiges Messer, das bei jedem Outdoor-Abenteuer eine wichtige Rolle spielen soll. Die durchgehende Klinge aus CRYO 4116 Krupp-Edelstahl ist korrosionsbest\u00e4ndig und dauerhaft scharf. Sein anpassbares Holster, das mit dem universellen Befestigungssystem kompatibel ist, erm\u00f6glicht mehrere Tragem\u00f6glichkeiten. Verf\u00fcgt \u00fcber einen GRN-Griff mit umspritztem, gummiertem Griffbereich f\u00fcr zus\u00e4tzlichen Komfort, selbst wenn mehrere verschiedene Griffe verwendet werden.<\/p>\n<p><strong>GRN UND GUMMIGRIFF<\/strong><br \/>\nDer Aegis FX GRN-Griff mit gummierter Einlage und spezieller Textur garantiert sicheren Halt, wenn es drau\u00dfen kalt und nass ist.<\/p>\n<p><strong>CRYO 4116 KRUPPS-STAHL<\/strong><br \/>\n4116 ist ein feink\u00f6rniger Edelstahl des deutschen Herstellers ThyssenKrupp. Stahl wurde aufgrund seiner unglaublichen Korrosionsbest\u00e4ndigkeit, un\u00fcbertroffenen Festigkeit und hervorragenden Schnitthaltigkeit urspr\u00fcnglich f\u00fcr Hygieneanwendungen wie die Medizinindustrie entwickelt.<\/p>\n<p><strong>UMS-GEH\u00c4USE<\/strong><br \/>\nDas konfigurierbare universelle Montagesystem von SOG bietet eine Vielzahl von Trageoptionen, die mit Gurten, G\u00fcrteln und MOLLE kompatibel sind.<\/p>\n<p>GESAMTGR\u00d6SSE: 22 cm<br \/>\nFarbe silber<br \/>\nSTAHL: CRYO KRUPP 4116<br \/>\nGEWICHT: 139g<br \/>\nKLINGENL\u00c4NGE: 9,3 cm<br \/>\nGRIFFMATERIAL: 30 % GRN\/TPU<br \/>\nGEH\u00c4USEMATERIAL: GRN<\/p>\n","protected":false},"excerpt":{"rendered":"<p><strong>Aegis FX ist ein Outdoormesser mit einer soliden Klinge und einer glatten Schneide. Ein sehr zuverl\u00e4ssiges Messer dank Fulltang-Design f\u00fcr alle Abenteurer.<\/strong><\/p>\n","protected":false},"featured_media":344153,"comment_status":"open","ping_status":"closed","template":"","meta":[],"pwb-brand":[3605],"product_brand":[],"product_cat":[3285,3287],"product_tag":[3669],"class_list":{"0":"post-344152","1":"product","2":"type-product","3":"status-publish","4":"has-post-thumbnail","6":"pwb-brand-wie-g","7":"product_cat-messer","8":"product_cat-solide-messer","9":"product_tag-b2b-de","11":"first","12":"instock","13":"taxable","14":"shipping-taxable","15":"purchasable","16":"product-type-simple"},"brands":[{"id":3605,"name":"WIE G","slug":"wie-g"}],"_links":{"self":[{"href":"https:\/\/www.moskito.cz\/de\/wp-json\/wp\/v2\/product\/344152","targetHints":{"allow":["GET"]}}],"collection":[{"href":"https:\/\/www.moskito.cz\/de\/wp-json\/wp\/v2\/product"}],"about":[{"href":"https:\/\/www.moskito.cz\/de\/wp-json\/wp\/v2\/types\/product"}],"replies":[{"embeddable":true,"href":"https:\/\/www.moskito.cz\/de\/wp-json\/wp\/v2\/comments?post=344152"}],"wp:featuredmedia":[{"embeddable":true,"href":"https:\/\/www.moskito.cz\/de\/wp-json\/wp\/v2\/media\/344153"}],"wp:attachment":[{"href":"https:\/\/www.moskito.cz\/de\/wp-json\/wp\/v2\/media?parent=344152"}],"wp:term":[{"taxonomy":"pwb-brand","embeddable":true,"href":"https:\/\/www.moskito.cz\/de\/wp-json\/wp\/v2\/pwb-brand?post=344152"},{"taxonomy":"product_brand","embeddable":true,"href":"https:\/\/www.moskito.cz\/de\/wp-json\/wp\/v2\/product_brand?post=344152"},{"taxonomy":"product_cat","embeddable":true,"href":"https:\/\/www.moskito.cz\/de\/wp-json\/wp\/v2\/product_cat?post=344152"},{"taxonomy":"product_tag","embeddable":true,"href":"https:\/\/www.moskito.cz\/de\/wp-json\/wp\/v2\/product_tag?post=344152"}],"curies":[{"name":"wp","href":"https:\/\/api.w.org\/{rel}","templated":true}]}}