{"id":344243,"date":"2022-11-23T22:42:43","date_gmt":"2024-06-13T13:04:23","guid":{"rendered":"https:\/\/www.moskito.cz\/produkt\/solides-messer-sog-aegis-fx-indigo-acid-yellow\/"},"modified":"2025-05-07T11:17:04","modified_gmt":"2025-05-07T10:17:04","slug":"solides-messer-sog-aegis-fx-indigo-acid-yellow","status":"publish","type":"product","link":"https:\/\/www.moskito.cz\/de\/produkt\/solides-messer-sog-aegis-fx-indigo-acid-yellow\/","title":{"rendered":"Solides Messer SOG AEGIS FX INDIGO &amp; ACID YELLOW"},"content":{"rendered":"<p>Solides Messer <strong>SOG<\/strong> AEGIS FX INDIGO &amp; ACID YELLOW.<\/p>\n<p>Der geformte gummierte Griff erm\u00f6glicht einen optimalen Halt in allen Positionen. Die Klinge aus CRYO 440C-Edelstahl weist eine hervorragende Korrosions- und Verschlei\u00dffestigkeit auf. Das UMS-kompatible SOG-Geh\u00e4use ist wendbar und bietet mehrere Montagem\u00f6glichkeiten.<\/p>\n<p>SO F\u00c4HIG WIE SCHWIERIG<\/p>\n<p>Recondo ist in erster Linie f\u00fcr uniformierte Fachkr\u00e4fte auf der ganzen Welt konzipiert. Es ist leicht, flach und st\u00f6rt nicht, wenn es fest an Ihrer Ausr\u00fcstung befestigt ist.<\/p>\n<p>CRYO 440C<\/p>\n<p>Die Klinge aus CRYO 440C-Edelstahl weist eine hervorragende Korrosions- und Verschlei\u00dffestigkeit auf. Es geht fast durch den gesamten Griff.<\/p>\n<p>GEH\u00c4USE KOMPATIBEL MIT UMS<\/p>\n<p>Das Geh\u00e4use bietet mehrere Montagem\u00f6glichkeiten und ein werkzeugloses Griffverstellsystem. Die enge Passform erm\u00f6glicht eine perfekte Traktion. Die H\u00fclle ist f\u00fcr beide Seiten geeignet.<\/p>\n<p>GUMMIERTER GRIFF<\/p>\n<p>Der geformte, gummierte Griff erm\u00f6glicht einen optimalen Halt der Hand bei allen Griffen, auch wenn Ihre Handfl\u00e4chen schmutzig sind.<\/p>\n<p>Art der Versicherung: N\/A<br \/>\nGESAMTGR\u00d6SSE: 223 mm<br \/>\nKLINGENST\u00c4RKE: 3,6 mm<br \/>\nKLINGENL\u00c4NGE: 93 mm<br \/>\nFarbe silber<br \/>\nGEWICHT: 139 g<br \/>\nSTAHL: CRYO KRUPP 4116<br \/>\nGRIFFMATERIAL: 30 % GRN\/TPU<br \/>\nGEH\u00c4USEMATERIAL: GRN<\/p>\n<p>&nbsp;<\/p>\n","protected":false},"excerpt":{"rendered":"<p>Aegis FX ist ein Outdoormesser mit einer soliden Klinge und einer glatten Schneide. Ein sehr zuverl\u00e4ssiges Messer dank Fulltang-Design f\u00fcr alle Abenteurer.<\/p>\n","protected":false},"featured_media":344244,"comment_status":"open","ping_status":"closed","template":"","meta":[],"pwb-brand":[3605],"product_brand":[],"product_cat":[3285,3287],"product_tag":[3669],"class_list":{"0":"post-344243","1":"product","2":"type-product","3":"status-publish","4":"has-post-thumbnail","6":"pwb-brand-wie-g","7":"product_cat-messer","8":"product_cat-solide-messer","9":"product_tag-b2b-de","11":"first","12":"instock","13":"taxable","14":"shipping-taxable","15":"purchasable","16":"product-type-simple"},"brands":[{"id":3605,"name":"WIE G","slug":"wie-g"}],"_links":{"self":[{"href":"https:\/\/www.moskito.cz\/de\/wp-json\/wp\/v2\/product\/344243","targetHints":{"allow":["GET"]}}],"collection":[{"href":"https:\/\/www.moskito.cz\/de\/wp-json\/wp\/v2\/product"}],"about":[{"href":"https:\/\/www.moskito.cz\/de\/wp-json\/wp\/v2\/types\/product"}],"replies":[{"embeddable":true,"href":"https:\/\/www.moskito.cz\/de\/wp-json\/wp\/v2\/comments?post=344243"}],"wp:featuredmedia":[{"embeddable":true,"href":"https:\/\/www.moskito.cz\/de\/wp-json\/wp\/v2\/media\/344244"}],"wp:attachment":[{"href":"https:\/\/www.moskito.cz\/de\/wp-json\/wp\/v2\/media?parent=344243"}],"wp:term":[{"taxonomy":"pwb-brand","embeddable":true,"href":"https:\/\/www.moskito.cz\/de\/wp-json\/wp\/v2\/pwb-brand?post=344243"},{"taxonomy":"product_brand","embeddable":true,"href":"https:\/\/www.moskito.cz\/de\/wp-json\/wp\/v2\/product_brand?post=344243"},{"taxonomy":"product_cat","embeddable":true,"href":"https:\/\/www.moskito.cz\/de\/wp-json\/wp\/v2\/product_cat?post=344243"},{"taxonomy":"product_tag","embeddable":true,"href":"https:\/\/www.moskito.cz\/de\/wp-json\/wp\/v2\/product_tag?post=344243"}],"curies":[{"name":"wp","href":"https:\/\/api.w.org\/{rel}","templated":true}]}}