{"id":344381,"date":"2024-06-14T08:31:49","date_gmt":"2024-06-14T07:32:58","guid":{"rendered":"https:\/\/www.moskito.cz\/produkt\/wurfmesser-cold-steel-mini-flight-sport\/"},"modified":"2025-05-07T11:17:09","modified_gmt":"2025-05-07T10:17:09","slug":"wurfmesser-cold-steel-mini-flight-sport","status":"publish","type":"product","link":"https:\/\/www.moskito.cz\/de\/produkt\/wurfmesser-cold-steel-mini-flight-sport\/","title":{"rendered":"Wurfmesser Cold Steel MINI FLIGHT SPORT"},"content":{"rendered":"<p>Wurfmesser <strong>Cold Steel<\/strong> MINI FLIGHT SPORT.<\/p>\n<p>Seit vielen Jahren bieten wir einige der besten Premium-Profi-Wurfmesser an. Unsere Werfer sind zu einer tragenden S\u00e4ule der Wurfgemeinschaft geworden und nehmen regelm\u00e4\u00dfig an den h\u00f6chsten Wurfwettbewerben auf der ganzen Welt teil. Aufgrund der gro\u00dfen Nachfrage sind wir stolz, Ihnen eine neue Reihe erschwinglicher Sportwerfer der Mittelklasse vorstellen zu k\u00f6nnen. Diese Sportmodelle werden nach den gleichen hohen Standards und mit der gleichen H\u00e4rte wie unsere High-End-Modelle gebaut und sind etwas d\u00fcnner und leichter, verf\u00fcgen aber \u00fcber die gleiche Haltbarkeit und Ausgewogenheit, die unsere Kunden erwarten. Sie sind f\u00fcr jedes F\u00e4higkeitsniveau geeignet. Sie sind deutlich g\u00fcnstiger als unsere Original-Profimodelle und machen diesen angenehmen und lohnenden Zeitvertreib einfacher denn je.<\/p>\n<p>Schwarze Farbe<br \/>\nGewicht: 181,43 g<br \/>\nGesamtgr\u00f6\u00dfe: 25,4 cm<br \/>\nKlingenst\u00e4rke: 0,35 cm<br \/>\nStahl: 1055 Kohlenstoffstahl<\/p>\n","protected":false},"excerpt":{"rendered":"<p><strong>Wir stellen Ihnen die Wurfmesserreihe Flight Sport vor, die in drei Gr\u00f6\u00dfen erh\u00e4ltlich ist.<\/strong><\/p>\n<p><strong>Das Mini Flight Sport von Cold Steel ist ein kleines (181 g) Wurfmesser.<\/strong><\/p>\n","protected":false},"featured_media":344374,"comment_status":"open","ping_status":"closed","template":"","meta":[],"pwb-brand":[3602],"product_brand":[],"product_cat":[3285,3542],"product_tag":[3669],"class_list":{"0":"post-344381","1":"product","2":"type-product","3":"status-publish","4":"has-post-thumbnail","6":"pwb-brand-kalter-stahl","7":"product_cat-messer","8":"product_cat-messer-werfen","9":"product_tag-b2b-de","11":"first","12":"outofstock","13":"taxable","14":"shipping-taxable","15":"purchasable","16":"product-type-simple"},"brands":[{"id":3602,"name":"Kalter Stahl","slug":"kalter-stahl"}],"_links":{"self":[{"href":"https:\/\/www.moskito.cz\/de\/wp-json\/wp\/v2\/product\/344381","targetHints":{"allow":["GET"]}}],"collection":[{"href":"https:\/\/www.moskito.cz\/de\/wp-json\/wp\/v2\/product"}],"about":[{"href":"https:\/\/www.moskito.cz\/de\/wp-json\/wp\/v2\/types\/product"}],"replies":[{"embeddable":true,"href":"https:\/\/www.moskito.cz\/de\/wp-json\/wp\/v2\/comments?post=344381"}],"wp:featuredmedia":[{"embeddable":true,"href":"https:\/\/www.moskito.cz\/de\/wp-json\/wp\/v2\/media\/344374"}],"wp:attachment":[{"href":"https:\/\/www.moskito.cz\/de\/wp-json\/wp\/v2\/media?parent=344381"}],"wp:term":[{"taxonomy":"pwb-brand","embeddable":true,"href":"https:\/\/www.moskito.cz\/de\/wp-json\/wp\/v2\/pwb-brand?post=344381"},{"taxonomy":"product_brand","embeddable":true,"href":"https:\/\/www.moskito.cz\/de\/wp-json\/wp\/v2\/product_brand?post=344381"},{"taxonomy":"product_cat","embeddable":true,"href":"https:\/\/www.moskito.cz\/de\/wp-json\/wp\/v2\/product_cat?post=344381"},{"taxonomy":"product_tag","embeddable":true,"href":"https:\/\/www.moskito.cz\/de\/wp-json\/wp\/v2\/product_tag?post=344381"}],"curies":[{"name":"wp","href":"https:\/\/api.w.org\/{rel}","templated":true}]}}