{"id":344427,"date":"2024-06-14T08:58:32","date_gmt":"2024-06-14T08:00:21","guid":{"rendered":"https:\/\/www.moskito.cz\/produkt\/throwing-stars-cold-steel-light-sure-strike-3er-pack\/"},"modified":"2025-08-31T16:58:24","modified_gmt":"2025-08-31T15:58:24","slug":"throwing-stars-cold-steel-light-sure-strike-3er-pack","status":"publish","type":"product","link":"https:\/\/www.moskito.cz\/de\/produkt\/throwing-stars-cold-steel-light-sure-strike-3er-pack\/","title":{"rendered":"Throwing Stars Cold Steel LIGHT SURE STRIKE (3ER PACK)"},"content":{"rendered":"<p>Throwing Stars <strong>Cold Steel<\/strong> LIGHT SURE STRIKE (3ER PACK).<\/p>\n<p>Der <strong>Sure Strike<\/strong> ist unsere Interpretation des klassischen Shuriken oder Wurfsterns. Ein Wurfstern wird seit Jahrhunderten in China und Japan verwendet und besteht aus einem ausgewogenen St\u00fcck abgeflachtem Stahl mit drei oder mehr scharfen Spitzen. Wenn es \u00fcber den Kopf geworfen wird, wie ein Baseball, mit einer Seitenwaffe, unter dem Arm oder mit der R\u00fcckhand wie eine fliegende Untertasse, trifft es jedes Mal mindestens einen Punkt. Unsere Sure Strikes sind nicht wie die billigen, d\u00fcnnen Wurfsterne, die man auf Flohm\u00e4rkten, Waffenmessen und Kampfsportmagazinen sieht. Sie werden pr\u00e4zise aus kohlenstoffreichem Stahl lasergeschnitten und vor dem Sch\u00e4rfen zu einer haltbaren Feder w\u00e4rmebehandelt. Anschlie\u00dfend werden sie mit einer schwarzen, eingebrannten Epoxidharzbeschichtung behandelt, um sie vor rauem Wetter und wiederholtem Werfen zu sch\u00fctzen. Erh\u00e4ltlich in den drei Gewichtsvarianten Light, Medium und Heavy.<\/p>\n<p>Gewicht: 79 g<\/p>\n<p>Klingenst\u00e4rke: 0,2 cm<\/p>\n<p>Stahlklingen: 1055 Carbon<\/p>\n<p>Gesamtl\u00e4nge: 14,6 cm<\/p>\n<p>Stil: Stern<\/p>\n<p>Stahlfamilie: St\u00e4hle mit hohem Kohlenstoffgehalt<\/p>\n<p>&nbsp;<\/p>\n<p>&nbsp;<\/p>\n","protected":false},"excerpt":{"rendered":"<p><strong>Sure Strike ist unsere Interpretation des klassischen Shuriken oder Wurfsterns.<\/strong><\/p>\n","protected":false},"featured_media":344422,"comment_status":"open","ping_status":"closed","template":"","meta":[],"pwb-brand":[3602],"product_brand":[],"product_cat":[3542,3285],"product_tag":[3669],"class_list":{"0":"post-344427","1":"product","2":"type-product","3":"status-publish","4":"has-post-thumbnail","6":"pwb-brand-kalter-stahl","7":"product_cat-messer-werfen","8":"product_cat-messer","9":"product_tag-b2b-de","11":"first","12":"instock","13":"taxable","14":"shipping-taxable","15":"purchasable","16":"product-type-simple"},"brands":[{"id":3602,"name":"Kalter Stahl","slug":"kalter-stahl"}],"_links":{"self":[{"href":"https:\/\/www.moskito.cz\/de\/wp-json\/wp\/v2\/product\/344427","targetHints":{"allow":["GET"]}}],"collection":[{"href":"https:\/\/www.moskito.cz\/de\/wp-json\/wp\/v2\/product"}],"about":[{"href":"https:\/\/www.moskito.cz\/de\/wp-json\/wp\/v2\/types\/product"}],"replies":[{"embeddable":true,"href":"https:\/\/www.moskito.cz\/de\/wp-json\/wp\/v2\/comments?post=344427"}],"wp:featuredmedia":[{"embeddable":true,"href":"https:\/\/www.moskito.cz\/de\/wp-json\/wp\/v2\/media\/344422"}],"wp:attachment":[{"href":"https:\/\/www.moskito.cz\/de\/wp-json\/wp\/v2\/media?parent=344427"}],"wp:term":[{"taxonomy":"pwb-brand","embeddable":true,"href":"https:\/\/www.moskito.cz\/de\/wp-json\/wp\/v2\/pwb-brand?post=344427"},{"taxonomy":"product_brand","embeddable":true,"href":"https:\/\/www.moskito.cz\/de\/wp-json\/wp\/v2\/product_brand?post=344427"},{"taxonomy":"product_cat","embeddable":true,"href":"https:\/\/www.moskito.cz\/de\/wp-json\/wp\/v2\/product_cat?post=344427"},{"taxonomy":"product_tag","embeddable":true,"href":"https:\/\/www.moskito.cz\/de\/wp-json\/wp\/v2\/product_tag?post=344427"}],"curies":[{"name":"wp","href":"https:\/\/api.w.org\/{rel}","templated":true}]}}