{"id":344506,"date":"2024-06-14T10:13:49","date_gmt":"2024-06-14T09:16:29","guid":{"rendered":"https:\/\/www.moskito.cz\/produkt\/axt-wurfset-cold-steel-silber-3er-pack-mit-scheibe\/"},"modified":"2025-05-07T11:17:16","modified_gmt":"2025-05-07T10:17:16","slug":"axt-wurfset-cold-steel-silber-3er-pack-mit-scheibe","status":"publish","type":"product","link":"https:\/\/www.moskito.cz\/de\/produkt\/axt-wurfset-cold-steel-silber-3er-pack-mit-scheibe\/","title":{"rendered":"Axt-Wurfset Cold Steel SILBER 3ER-PACK MIT SCHEIBE"},"content":{"rendered":"<p>Axt-Wurfset <strong>Cold Steel<\/strong> SILBER 3ER-PACK MIT SCHEIBE.<\/p>\n<p>Bringen Sie das Zielwerfen mit diesem Set aus drei Wurf\u00e4xten auf die n\u00e4chste Stufe. Diese einteiligen Stahl\u00e4xte sind speziell f\u00fcr das Zielwerfen konzipiert. Hergestellt aus starkem 420SS-Stahl und untergebracht in einem komfortablen Nylonetui. Fordern Sie Ihre Freunde um die Vorherrschaft im Hinterhof heraus!<\/p>\n<p>Klingenl\u00e4nge: 11,2 cm<\/p>\n<p>Gesamtl\u00e4nge: 24 cm<\/p>\n<p>Stahlklingen: 420SS<\/p>\n<p>Mantel: Nylon<\/p>\n<div class=\"detaillist-row\">\n<div class=\"detaillist-row-name\">Gewicht: 253 g<\/div>\n<\/div>\n<pre id=\"tw-target-text\" class=\"tw-data-text tw-text-large tw-ta\" dir=\"ltr\" data-placeholder=\"P\u0159eklad\" aria-label=\"P\u0159elo\u017een\u00fd text\" data-ved=\"2ahUKEwjYueubx9qGAxV__gIHHVN4C40Q3ewLegQICBAT\"><span class=\"Y2IQFc\" lang=\"cs\"> <\/span><\/pre>\n","protected":false},"excerpt":{"rendered":"<p><strong>Bringen Sie das Zielwerfen mit diesem Set aus drei Wurf\u00e4xten auf die n\u00e4chste Stufe.<\/strong><\/p>\n","protected":false},"featured_media":344470,"comment_status":"open","ping_status":"closed","template":"","meta":[],"pwb-brand":[3602],"product_brand":[],"product_cat":[3285,3542],"product_tag":[3669],"class_list":{"0":"post-344506","1":"product","2":"type-product","3":"status-publish","4":"has-post-thumbnail","6":"pwb-brand-kalter-stahl","7":"product_cat-messer","8":"product_cat-messer-werfen","9":"product_tag-b2b-de","11":"first","12":"instock","13":"taxable","14":"shipping-taxable","15":"purchasable","16":"product-type-simple"},"brands":[{"id":3602,"name":"Kalter Stahl","slug":"kalter-stahl"}],"_links":{"self":[{"href":"https:\/\/www.moskito.cz\/de\/wp-json\/wp\/v2\/product\/344506","targetHints":{"allow":["GET"]}}],"collection":[{"href":"https:\/\/www.moskito.cz\/de\/wp-json\/wp\/v2\/product"}],"about":[{"href":"https:\/\/www.moskito.cz\/de\/wp-json\/wp\/v2\/types\/product"}],"replies":[{"embeddable":true,"href":"https:\/\/www.moskito.cz\/de\/wp-json\/wp\/v2\/comments?post=344506"}],"wp:featuredmedia":[{"embeddable":true,"href":"https:\/\/www.moskito.cz\/de\/wp-json\/wp\/v2\/media\/344470"}],"wp:attachment":[{"href":"https:\/\/www.moskito.cz\/de\/wp-json\/wp\/v2\/media?parent=344506"}],"wp:term":[{"taxonomy":"pwb-brand","embeddable":true,"href":"https:\/\/www.moskito.cz\/de\/wp-json\/wp\/v2\/pwb-brand?post=344506"},{"taxonomy":"product_brand","embeddable":true,"href":"https:\/\/www.moskito.cz\/de\/wp-json\/wp\/v2\/product_brand?post=344506"},{"taxonomy":"product_cat","embeddable":true,"href":"https:\/\/www.moskito.cz\/de\/wp-json\/wp\/v2\/product_cat?post=344506"},{"taxonomy":"product_tag","embeddable":true,"href":"https:\/\/www.moskito.cz\/de\/wp-json\/wp\/v2\/product_tag?post=344506"}],"curies":[{"name":"wp","href":"https:\/\/api.w.org\/{rel}","templated":true}]}}