{"id":344507,"date":"2022-11-04T21:37:12","date_gmt":"2022-11-04T20:37:12","guid":{"rendered":"https:\/\/www.moskito.cz\/produkt\/massives-messer-cold-steel-bowie-blade-bushman\/"},"modified":"2025-05-07T11:17:16","modified_gmt":"2025-05-07T10:17:16","slug":"massives-messer-cold-steel-bowie-blade-bushman","status":"publish","type":"product","link":"https:\/\/www.moskito.cz\/de\/produkt\/massives-messer-cold-steel-bowie-blade-bushman\/","title":{"rendered":"Massives Messer Cold Steel BOWIE BLADE BUSHMAN"},"content":{"rendered":"<p>Massives Messer <strong>Cold Steel<\/strong> BOWIE BLADE BUSHMAN.<\/p>\n<p>F\u00fcr das Geld sind die \u00dcberlebensmesser der Bushman-Serie kaum zu schlagen! Im Gegensatz zu den meisten Hohlgriffmessern gibt es keine Verbindung oder Naht zwischen Klinge und Griff, stattdessen sind Bushmans Klinge und Griffe aus einem einzigen St\u00fcck kohlenstoffreichen SK-5-Stahl kaltgeschmiedet! Die resultierenden Messer werden fachm\u00e4nnisch w\u00e4rmebehandelt und auf RC54 geh\u00e4rtet und hielten in unseren Tests einem Druck von \u00fcber zwei Tonnen am \u00dcbergang Klinge\/Griff stand! Jeder Buschmann wurde sorgf\u00e4ltig auf eine besonders feine Kante geschliffen und dann von Hand geschliffen und poliert, um eine messerscharfe Kante zu erhalten. Ihre hohlen Griffe bieten Platz f\u00fcr \u00dcberlebensutensilien oder verschiedene Griffaufs\u00e4tze, die die Reichweite, Hebelwirkung oder das einfache Werfen maximieren. Erh\u00e4ltlich in zwei Klingenstilen (Standard und Bowie-Spitze), beide haben gebogene Klingen, die sich ideal zum H\u00e4uten und f\u00fcr viele Bushcraft-Arbeiten eignen. Beide werden mit einer Secure-Ex-Ummantelung geliefert, die hochwertigen Ferrocerium-Feuerstahl enth\u00e4lt.<\/p>\n<p>PRODUKTPARAMETER<br \/>\nStahl: SK-5 High Carbon<br \/>\nSchwarze Farbe<br \/>\nKlingenst\u00e4rke: 2,5 mm<br \/>\nMantelmaterial: Secure-Ex\u2122 Mantel mit Ferrocerium-Feuerstahl<br \/>\nGesamtgr\u00f6\u00dfe: 311 mm<br \/>\nGriffmaterial: Hohlgriff<br \/>\nKlingenl\u00e4nge: 177 mm<br \/>\nGriffl\u00e4nge: 133 mm<br \/>\nGewicht: 286,33 g<\/p>\n","protected":false},"excerpt":{"rendered":"<p>Bushman und Bowie Bushman sind Messer zum \u00dcberleben unter extremen Bedingungen. Besonders Anh\u00e4nger von Outdoor- und Bushcraft-Aktivit\u00e4ten werden sie zu sch\u00e4tzen wissen.<\/p>\n","protected":false},"featured_media":344508,"comment_status":"open","ping_status":"closed","template":"","meta":[],"pwb-brand":[3602],"product_brand":[],"product_cat":[3287,3285],"product_tag":[],"class_list":{"0":"post-344507","1":"product","2":"type-product","3":"status-publish","4":"has-post-thumbnail","6":"pwb-brand-kalter-stahl","7":"product_cat-solide-messer","8":"product_cat-messer","10":"first","11":"instock","12":"taxable","13":"shipping-taxable","14":"purchasable","15":"product-type-simple"},"brands":[{"id":3602,"name":"Kalter Stahl","slug":"kalter-stahl"}],"_links":{"self":[{"href":"https:\/\/www.moskito.cz\/de\/wp-json\/wp\/v2\/product\/344507","targetHints":{"allow":["GET"]}}],"collection":[{"href":"https:\/\/www.moskito.cz\/de\/wp-json\/wp\/v2\/product"}],"about":[{"href":"https:\/\/www.moskito.cz\/de\/wp-json\/wp\/v2\/types\/product"}],"replies":[{"embeddable":true,"href":"https:\/\/www.moskito.cz\/de\/wp-json\/wp\/v2\/comments?post=344507"}],"wp:featuredmedia":[{"embeddable":true,"href":"https:\/\/www.moskito.cz\/de\/wp-json\/wp\/v2\/media\/344508"}],"wp:attachment":[{"href":"https:\/\/www.moskito.cz\/de\/wp-json\/wp\/v2\/media?parent=344507"}],"wp:term":[{"taxonomy":"pwb-brand","embeddable":true,"href":"https:\/\/www.moskito.cz\/de\/wp-json\/wp\/v2\/pwb-brand?post=344507"},{"taxonomy":"product_brand","embeddable":true,"href":"https:\/\/www.moskito.cz\/de\/wp-json\/wp\/v2\/product_brand?post=344507"},{"taxonomy":"product_cat","embeddable":true,"href":"https:\/\/www.moskito.cz\/de\/wp-json\/wp\/v2\/product_cat?post=344507"},{"taxonomy":"product_tag","embeddable":true,"href":"https:\/\/www.moskito.cz\/de\/wp-json\/wp\/v2\/product_tag?post=344507"}],"curies":[{"name":"wp","href":"https:\/\/api.w.org\/{rel}","templated":true}]}}