{"id":344588,"date":"2024-06-14T10:34:52","date_gmt":"2024-06-14T09:34:52","guid":{"rendered":"https:\/\/www.moskito.cz\/produkt\/cold-steel-wurfsterne-im-3er-pack-mit-beutel\/"},"modified":"2025-05-07T11:17:17","modified_gmt":"2025-05-07T10:17:17","slug":"cold-steel-wurfsterne-im-3er-pack-mit-beutel","status":"publish","type":"product","link":"https:\/\/www.moskito.cz\/de\/produkt\/cold-steel-wurfsterne-im-3er-pack-mit-beutel\/","title":{"rendered":"Cold Steel Wurfsterne im 3er-Pack mit Beutel"},"content":{"rendered":"<p><strong>Cold Steel<\/strong> Wurfsterne im 3er-Pack mit Beutel.<\/p>\n<p>Diese Wurfsterne sind eine moderne Interpretation des klassischen Shuriken. Ein Wurfstern wird seit Jahrhunderten in China und Japan verwendet und besteht aus einem ausgewogenen St\u00fcck abgeflachtem Stahl mit drei oder mehr scharfen Spitzen. Wenn es \u00fcber den Kopf geworfen wird, wie ein Baseball, mit einer Seitenwaffe, unter dem Arm oder mit der R\u00fcckhand wie eine fliegende Untertasse, trifft es jedes Mal mindestens einen Punkt. Dieses Set aus drei Wurfsternen besteht aus hochwertigem 420SS-Stahl mit einer haltbaren schwarzen Oxidbeschichtung und ist in einem praktischen Nylonetui untergebracht.<\/p>\n<p>Schwarze Farbe<br \/>\nGewicht: 43 g<br \/>\nGesamtgr\u00f6\u00dfe: 9,9 cm<br \/>\nKlingenl\u00e4nge: 3,8 cm<br \/>\nKlingenst\u00e4rke: 0,3 mm<br \/>\nStahl: 420SS<br \/>\nGeh\u00e4usematerial: Nylon<\/p>\n","protected":false},"excerpt":{"rendered":"<p><strong>Diese Wurfsterne sind eine moderne Interpretation des klassischen Shuriken.<\/strong><\/p>\n","protected":false},"featured_media":344523,"comment_status":"open","ping_status":"closed","template":"","meta":[],"pwb-brand":[3602],"product_brand":[],"product_cat":[3542,3285],"product_tag":[3669],"class_list":{"0":"post-344588","1":"product","2":"type-product","3":"status-publish","4":"has-post-thumbnail","6":"pwb-brand-kalter-stahl","7":"product_cat-messer-werfen","8":"product_cat-messer","9":"product_tag-b2b-de","11":"first","12":"instock","13":"taxable","14":"shipping-taxable","15":"purchasable","16":"product-type-simple"},"brands":[{"id":3602,"name":"Kalter Stahl","slug":"kalter-stahl"}],"_links":{"self":[{"href":"https:\/\/www.moskito.cz\/de\/wp-json\/wp\/v2\/product\/344588","targetHints":{"allow":["GET"]}}],"collection":[{"href":"https:\/\/www.moskito.cz\/de\/wp-json\/wp\/v2\/product"}],"about":[{"href":"https:\/\/www.moskito.cz\/de\/wp-json\/wp\/v2\/types\/product"}],"replies":[{"embeddable":true,"href":"https:\/\/www.moskito.cz\/de\/wp-json\/wp\/v2\/comments?post=344588"}],"wp:featuredmedia":[{"embeddable":true,"href":"https:\/\/www.moskito.cz\/de\/wp-json\/wp\/v2\/media\/344523"}],"wp:attachment":[{"href":"https:\/\/www.moskito.cz\/de\/wp-json\/wp\/v2\/media?parent=344588"}],"wp:term":[{"taxonomy":"pwb-brand","embeddable":true,"href":"https:\/\/www.moskito.cz\/de\/wp-json\/wp\/v2\/pwb-brand?post=344588"},{"taxonomy":"product_brand","embeddable":true,"href":"https:\/\/www.moskito.cz\/de\/wp-json\/wp\/v2\/product_brand?post=344588"},{"taxonomy":"product_cat","embeddable":true,"href":"https:\/\/www.moskito.cz\/de\/wp-json\/wp\/v2\/product_cat?post=344588"},{"taxonomy":"product_tag","embeddable":true,"href":"https:\/\/www.moskito.cz\/de\/wp-json\/wp\/v2\/product_tag?post=344588"}],"curies":[{"name":"wp","href":"https:\/\/api.w.org\/{rel}","templated":true}]}}